{"id":918,"date":"2025-03-26T09:54:32","date_gmt":"2025-03-26T07:54:32","guid":{"rendered":"https:\/\/jegkanogvil.no\/?page_id=918"},"modified":"2025-09-22T11:28:10","modified_gmt":"2025-09-22T09:28:10","slug":"farer-pa-nett","status":"publish","type":"page","link":"https:\/\/jegkanogvil.no\/?page_id=918","title":{"rendered":"Farer p\u00e5 nett"},"content":{"rendered":"<audio class=\"wp-audio-shortcode\" id=\"audio-918-1\" preload=\"none\" style=\"width: 100%;\" controls=\"controls\"><source type=\"audio\/mpeg\" src=\"https:\/\/jegkanogvil.no\/wp-content\/uploads\/2025\/09\/Farer-pa\u030a-nett.mp3?_=1\" \/><a href=\"https:\/\/jegkanogvil.no\/wp-content\/uploads\/2025\/09\/Farer-pa\u030a-nett.mp3\">https:\/\/jegkanogvil.no\/wp-content\/uploads\/2025\/09\/Farer-pa\u030a-nett.mp3<\/a><\/audio>\n<p>Nettet er mange ganger nyttig og g\u00f8y.<br \/>\nDet fins likevel mye som ikke er bra.<\/p>\n<p><strong>\u00c5pne og lukk boksene under med + og &#8211;<\/strong><\/p>\n<div  class=\"lgc-column lgc-grid-parent lgc-grid-50 lgc-tablet-grid-50 lgc-mobile-grid-100 lgc-equal-heights \"><div  class=\"inside-grid-column\">\n<p><style>#sp-ea-1036 .spcollapsing { height: 0; overflow: hidden; transition-property: height;transition-duration: 300ms;}#sp-ea-1036.sp-easy-accordion>.sp-ea-single {margin-bottom: 10px; border: 4px solid #00b050; }#sp-ea-1036.sp-easy-accordion>.sp-ea-single>.ea-header a {color: #ff66ff;}#sp-ea-1036.sp-easy-accordion>.sp-ea-single>.sp-collapse>.ea-body {background: #fff; color: #000000;}#sp-ea-1036.sp-easy-accordion>.sp-ea-single {background: #eee;}#sp-ea-1036.sp-easy-accordion>.sp-ea-single>.ea-header a .ea-expand-icon { float: left; color: #444;font-size: 16px;}<\/style><div id=\"sp_easy_accordion-1743091309\">\n<div id=\"sp-ea-1036\" class=\"sp-ea-one sp-easy-accordion\" data-ea-active=\"ea-click\" data-ea-mode=\"vertical\" data-preloader=\"\" data-scroll-active-item=\"\" data-offset-to-scroll=\"0\">\n\n<!-- Start accordion card div. -->\n<div class=\"ea-card ea-expand sp-ea-single\">\n\t<!-- Start accordion header. -->\n\t<h3 class=\"ea-header\">\n\t\t<!-- Add anchor tag for header. -->\n\t\t<a class=\"collapsed\" id=\"ea-header-10360\" role=\"button\" data-sptoggle=\"spcollapse\" data-sptarget=\"#collapse10360\" aria-controls=\"collapse10360\" href=\"#\"  aria-expanded=\"true\" tabindex=\"0\">\n\t\t<i aria-hidden=\"true\" role=\"presentation\" class=\"ea-expand-icon eap-icon-ea-expand-minus\"><\/i> Alt p\u00e5 nettet er ikke sant\t\t<\/a> <!-- Close anchor tag for header. -->\n\t<\/h3>\t<!-- Close header tag. -->\n\t<!-- Start collapsible content div. -->\n\t<div class=\"sp-collapse spcollapse collapsed show\" id=\"collapse10360\" data-parent=\"#sp-ea-1036\" role=\"region\" aria-labelledby=\"ea-header-10360\">  <!-- Content div. -->\n\t\t<div class=\"ea-body\">\n\t\t<audio class=\"wp-audio-shortcode\" id=\"audio-918-2\" preload=\"none\" style=\"width: 100%;\" controls=\"controls\"><source type=\"audio\/mpeg\" src=\"https:\/\/jegkanogvil.no\/wp-content\/uploads\/2025\/09\/Alt-pa\u030a-nettet-er-ikke-sant.mp3?_=2\" \/><a href=\"https:\/\/jegkanogvil.no\/wp-content\/uploads\/2025\/09\/Alt-pa\u030a-nettet-er-ikke-sant.mp3\">https:\/\/jegkanogvil.no\/wp-content\/uploads\/2025\/09\/Alt-pa\u030a-nettet-er-ikke-sant.mp3<\/a><\/audio>\n<p>Nettet er fullt av informasjon.<br \/>\nDet er lett \u00e5 skrive noe<br \/>\nsom ikke er sant der.<\/p>\n<p>Noen lyver med vilje.<br \/>\nEller de legger ut bilder som<br \/>\ner falske.<\/p>\n<p>Det er viktig\u00a0<strong>ikke \u00e5 tro p\u00e5 alt<\/strong><br \/>\ndu ser eller leser p\u00e5 nettet.<\/p>\n<p>Kanskje du lurer p\u00e5<br \/>\nom noe er sant eller ikke.<\/p>\n<p>Snakk med foreldrene dine<br \/>\neller en annen som du stoler p\u00e5.<br \/>\nS\u00e5 kan dere sammen<br \/>\nfinne ut av det.<\/p>\n<figure id=\"attachment_1462\" aria-describedby=\"caption-attachment-1462\" style=\"width: 400px\" class=\"wp-caption alignnone\"><img loading=\"lazy\" decoding=\"async\" class=\"wp-image-1462\" src=\"https:\/\/jegkanogvil.no\/wp-content\/uploads\/2025\/07\/Veiledning-300x208.png\" alt=\"Storebror og far som veileder helholdsvis lillebror og s\u00f8ster om nettbrett.\" width=\"400\" height=\"277\" srcset=\"https:\/\/jegkanogvil.no\/wp-content\/uploads\/2025\/07\/Veiledning-300x208.png 300w, https:\/\/jegkanogvil.no\/wp-content\/uploads\/2025\/07\/Veiledning-1024x709.png 1024w, https:\/\/jegkanogvil.no\/wp-content\/uploads\/2025\/07\/Veiledning-768x532.png 768w, https:\/\/jegkanogvil.no\/wp-content\/uploads\/2025\/07\/Veiledning.png 1040w\" sizes=\"auto, (max-width: 400px) 100vw, 400px\" \/><figcaption id=\"caption-attachment-1462\" class=\"wp-caption-text\">For \u00e5 bruke nettet trygt, <br \/>be om tips fra dem <br \/>som kan mye.<br \/>Det kan v\u00e6re foreldre eller s\u00f8sken.<br \/>Hva har du f\u00e5tt hjelp til p\u00e5 nettet <br \/>eller med dataen?<\/figcaption><\/figure>\n\t\t<\/div> <!-- Close content div. -->\n\t<\/div> <!-- Close collapse div. -->\n<\/div> <!-- Close card div. -->\n<!-- Start accordion card div. -->\n<div class=\"ea-card ea-expand sp-ea-single\">\n\t<!-- Start accordion header. -->\n\t<h3 class=\"ea-header\">\n\t\t<!-- Add anchor tag for header. -->\n\t\t<a class=\"collapsed\" id=\"ea-header-10361\" role=\"button\" data-sptoggle=\"spcollapse\" data-sptarget=\"#collapse10361\" aria-controls=\"collapse10361\" href=\"#\"  aria-expanded=\"true\" tabindex=\"0\">\n\t\t<i aria-hidden=\"true\" role=\"presentation\" class=\"ea-expand-icon eap-icon-ea-expand-minus\"><\/i> For mye skjerm-tid\t\t<\/a> <!-- Close anchor tag for header. -->\n\t<\/h3>\t<!-- Close header tag. -->\n\t<!-- Start collapsible content div. -->\n\t<div class=\"sp-collapse spcollapse collapsed show\" id=\"collapse10361\" data-parent=\"#sp-ea-1036\" role=\"region\" aria-labelledby=\"ea-header-10361\">  <!-- Content div. -->\n\t\t<div class=\"ea-body\">\n\t\t<audio class=\"wp-audio-shortcode\" id=\"audio-918-3\" preload=\"none\" style=\"width: 100%;\" controls=\"controls\"><source type=\"audio\/mpeg\" src=\"https:\/\/jegkanogvil.no\/wp-content\/uploads\/2025\/09\/For-mye-skjerm-tid.mp3?_=3\" \/><a href=\"https:\/\/jegkanogvil.no\/wp-content\/uploads\/2025\/09\/For-mye-skjerm-tid.mp3\">https:\/\/jegkanogvil.no\/wp-content\/uploads\/2025\/09\/For-mye-skjerm-tid.mp3<\/a><\/audio>\n<p>Mange barn og unge<br \/>\nbruker veldig mye skjerm.<br \/>\nDet kan v\u00e6re skjerm p\u00e5:<\/p>\n<ul>\n<li>mobil<\/li>\n<li>nett-brett\/iPad<\/li>\n<li>PC\/Mac<\/li>\n<li>TV<\/li>\n<\/ul>\n<p>Det kan bli mange timer hver dag.<br \/>\nDet er ikke bra.<\/p>\n<p>Det er lett \u00e5 bli\u00a0<strong>avhengig<\/strong><br \/>\nav \u00e5 bruke skjerm.<br \/>\nDet vi si at det er vanskelig \u00e5 la v\u00e6re.<\/p>\n<p>Noen bruker skjermen i smug<br \/>\nom natten.<\/p>\n<p>Det kan bli vanskelig<br \/>\n\u00e5 sovne og \u00e5 sove nok.<br \/>\nDa kan det bli vanskelig \u00e5<br \/>\nkonsentrere deg om:<\/p>\n<ul>\n<li>lekser<\/li>\n<li>annet som er viktig<\/li>\n<\/ul>\n<figure id=\"attachment_1463\" aria-describedby=\"caption-attachment-1463\" style=\"width: 400px\" class=\"wp-caption alignnone\"><img loading=\"lazy\" decoding=\"async\" class=\"wp-image-1463\" src=\"https:\/\/jegkanogvil.no\/wp-content\/uploads\/2025\/07\/Natte_data-300x208.png\" alt=\"Tre barn ser p\u00e5 nettbrett i m\u00f8rket.\" width=\"400\" height=\"277\" srcset=\"https:\/\/jegkanogvil.no\/wp-content\/uploads\/2025\/07\/Natte_data-300x208.png 300w, https:\/\/jegkanogvil.no\/wp-content\/uploads\/2025\/07\/Natte_data-1024x709.png 1024w, https:\/\/jegkanogvil.no\/wp-content\/uploads\/2025\/07\/Natte_data-768x532.png 768w, https:\/\/jegkanogvil.no\/wp-content\/uploads\/2025\/07\/Natte_data.png 1040w\" sizes=\"auto, (max-width: 400px) 100vw, 400px\" \/><figcaption id=\"caption-attachment-1463\" class=\"wp-caption-text\">Noen barn bruker skjerm i smug <br \/>om natten. <br \/>De blir tr\u00f8tte p\u00e5 dagtid. <br \/>Det er ikke greit.<br \/>Men hvorfor er det ikke bra?<\/figcaption><\/figure>\n<p>Du kan avtale med foreldrene dine:<\/p>\n<ul>\n<li>hvor mye\u00a0<strong>skjerm-tid<\/strong><br \/>\ndu kan ha daglig<\/li>\n<li>n\u00e5r du\u00a0<strong>ikke<\/strong>\u00a0kan bruke skjerm<\/li>\n<li><strong>hvilke apper<\/strong> du f\u00e5r lov \u00e5 bruke<\/li>\n<\/ul>\n<p>Kroppen din har <strong>ikke godt av<\/strong><br \/>\n\u00e5 sitte mye stille foran en skjerm!<\/p>\n\t\t<\/div> <!-- Close content div. -->\n\t<\/div> <!-- Close collapse div. -->\n<\/div> <!-- Close card div. -->\n<!-- Start accordion card div. -->\n<div class=\"ea-card ea-expand sp-ea-single\">\n\t<!-- Start accordion header. -->\n\t<h3 class=\"ea-header\">\n\t\t<!-- Add anchor tag for header. -->\n\t\t<a class=\"collapsed\" id=\"ea-header-10362\" role=\"button\" data-sptoggle=\"spcollapse\" data-sptarget=\"#collapse10362\" aria-controls=\"collapse10362\" href=\"#\"  aria-expanded=\"true\" tabindex=\"0\">\n\t\t<i aria-hidden=\"true\" role=\"presentation\" class=\"ea-expand-icon eap-icon-ea-expand-minus\"><\/i> Personlig informasjon\t\t<\/a> <!-- Close anchor tag for header. -->\n\t<\/h3>\t<!-- Close header tag. -->\n\t<!-- Start collapsible content div. -->\n\t<div class=\"sp-collapse spcollapse collapsed show\" id=\"collapse10362\" data-parent=\"#sp-ea-1036\" role=\"region\" aria-labelledby=\"ea-header-10362\">  <!-- Content div. -->\n\t\t<div class=\"ea-body\">\n\t\t<audio class=\"wp-audio-shortcode\" id=\"audio-918-4\" preload=\"none\" style=\"width: 100%;\" controls=\"controls\"><source type=\"audio\/mpeg\" src=\"https:\/\/jegkanogvil.no\/wp-content\/uploads\/2025\/09\/Personlig-informasjon.mp3?_=4\" \/><a href=\"https:\/\/jegkanogvil.no\/wp-content\/uploads\/2025\/09\/Personlig-informasjon.mp3\">https:\/\/jegkanogvil.no\/wp-content\/uploads\/2025\/09\/Personlig-informasjon.mp3<\/a><\/audio>\n<p>V\u00e6r <strong>veldig forsiktig<\/strong> med \u00e5 legge ut<br \/>\npersonlig informasjon p\u00e5 nettet.<\/p>\n<p>Det er for eksempel:<\/p>\n<ul>\n<li>adressen der du bor<\/li>\n<li>navn p\u00e5 andre i familien<\/li>\n<li>telefon-nummeret ditt<\/li>\n<li>f\u00f8dsels-datoen din<\/li>\n<li>person-nummeret ditt<br \/>\n(det som st\u00e5r i passet ditt<br \/>\neller ID-kortet ditt)<\/li>\n<li>nummeret p\u00e5<br \/>\nbetalings-kortet ditt<\/li>\n<\/ul>\n<p>Ikke si dette til noen heller,<br \/>\nfor eksempel i telefonen.<\/p>\n<p>Slik informasjon kan bli misbrukt<br \/>\nav u\u00e6rlige personer.<\/p>\n<figure id=\"attachment_2169\" aria-describedby=\"caption-attachment-2169\" style=\"width: 400px\" class=\"wp-caption alignnone\"><img loading=\"lazy\" decoding=\"async\" class=\"wp-image-2169\" src=\"https:\/\/jegkanogvil.no\/wp-content\/uploads\/2025\/09\/Illustrasjoner-pass-og-id-kort-300x208.png\" alt=\"Norsk pass, ID-kort og bankkort.\" width=\"400\" height=\"277\" srcset=\"https:\/\/jegkanogvil.no\/wp-content\/uploads\/2025\/09\/Illustrasjoner-pass-og-id-kort-300x208.png 300w, https:\/\/jegkanogvil.no\/wp-content\/uploads\/2025\/09\/Illustrasjoner-pass-og-id-kort-1024x709.png 1024w, https:\/\/jegkanogvil.no\/wp-content\/uploads\/2025\/09\/Illustrasjoner-pass-og-id-kort-768x532.png 768w, https:\/\/jegkanogvil.no\/wp-content\/uploads\/2025\/09\/Illustrasjoner-pass-og-id-kort.png 1040w\" sizes=\"auto, (max-width: 400px) 100vw, 400px\" \/><figcaption id=\"caption-attachment-2169\" class=\"wp-caption-text\">Du m\u00e5 ikke gi til andre informasjon i passet ditt <br \/>eller p\u00e5 ID-kortet eller bank-kortet ditt.<\/figcaption><\/figure>\n\t\t<\/div> <!-- Close content div. -->\n\t<\/div> <!-- Close collapse div. -->\n<\/div> <!-- Close card div. -->\n<!-- Start accordion card div. -->\n<div class=\"ea-card ea-expand sp-ea-single\">\n\t<!-- Start accordion header. -->\n\t<h3 class=\"ea-header\">\n\t\t<!-- Add anchor tag for header. -->\n\t\t<a class=\"collapsed\" id=\"ea-header-10363\" role=\"button\" data-sptoggle=\"spcollapse\" data-sptarget=\"#collapse10363\" aria-controls=\"collapse10363\" href=\"#\"  aria-expanded=\"true\" tabindex=\"0\">\n\t\t<i aria-hidden=\"true\" role=\"presentation\" class=\"ea-expand-icon eap-icon-ea-expand-minus\"><\/i> PIN-koder og pass-ord\t\t<\/a> <!-- Close anchor tag for header. -->\n\t<\/h3>\t<!-- Close header tag. -->\n\t<!-- Start collapsible content div. -->\n\t<div class=\"sp-collapse spcollapse collapsed show\" id=\"collapse10363\" data-parent=\"#sp-ea-1036\" role=\"region\" aria-labelledby=\"ea-header-10363\">  <!-- Content div. -->\n\t\t<div class=\"ea-body\">\n\t\t<audio class=\"wp-audio-shortcode\" id=\"audio-918-5\" preload=\"none\" style=\"width: 100%;\" controls=\"controls\"><source type=\"audio\/mpeg\" src=\"https:\/\/jegkanogvil.no\/wp-content\/uploads\/2025\/09\/Pin-koder.mp3?_=5\" \/><a href=\"https:\/\/jegkanogvil.no\/wp-content\/uploads\/2025\/09\/Pin-koder.mp3\">https:\/\/jegkanogvil.no\/wp-content\/uploads\/2025\/09\/Pin-koder.mp3<\/a><\/audio>\n<p>Du m\u00e5 ofte ha PIN-koder eller<br \/>\npass-ord for \u00e5 bruke:<\/p>\n<ul>\n<li>mobilen din<\/li>\n<li>data-maskinen<\/li>\n<li>noen av appene dine<\/li>\n<\/ul>\n<p>PIN-koder og pass-ord er<br \/>\n<strong>hemmelige koder<\/strong>.<\/p>\n<p>Del\u00a0aldri <strong>pass-ordene<\/strong>\u00a0dine.<br \/>\nDel aldri <strong>PIN-kodene<\/strong>\u00a0dine.<br \/>\nDet vil si at du skal la v\u00e6re<br \/>\n\u00e5 si eller skrive dem til andre.<\/p>\n<p>U\u00e6rlige mennesker kan bruke<br \/>\nPIN-koden din eller pass-ordet ditt<br \/>\nDe kan:<\/p>\n<ul>\n<li>bryte seg inn p\u00e5 mobilen din<br \/>\nog \u00f8delegge noe du har der<\/li>\n<li>sende meldinger som ser ut<br \/>\nsom om de kommer fra deg<\/li>\n<li>stjele penger fra bank-<strong>kontoen<\/strong> din<\/li>\n<li>bruke bank-<strong>kortet<\/strong> ditt<\/li>\n<\/ul>\n<p>Mange barn f\u00e5r et bank-kort<br \/>\ni ung alder.<br \/>\nKortet har litt penger for sm\u00e5 innkj\u00f8p.<\/p>\n<figure id=\"attachment_1464\" aria-describedby=\"caption-attachment-1464\" style=\"width: 400px\" class=\"wp-caption alignnone\"><img loading=\"lazy\" decoding=\"async\" class=\"wp-image-1464\" src=\"https:\/\/jegkanogvil.no\/wp-content\/uploads\/2025\/07\/PIN-300x208.png\" alt=\"Hender som holder en mobiltelefon og taster PIN-kode.\" width=\"400\" height=\"277\" srcset=\"https:\/\/jegkanogvil.no\/wp-content\/uploads\/2025\/07\/PIN-300x208.png 300w, https:\/\/jegkanogvil.no\/wp-content\/uploads\/2025\/07\/PIN-1024x709.png 1024w, https:\/\/jegkanogvil.no\/wp-content\/uploads\/2025\/07\/PIN-768x532.png 768w, https:\/\/jegkanogvil.no\/wp-content\/uploads\/2025\/07\/PIN.png 1040w\" sizes=\"auto, (max-width: 400px) 100vw, 400px\" \/><figcaption id=\"caption-attachment-1464\" class=\"wp-caption-text\">PIN-koden din er hemmelig. <br \/>\u00d8v p\u00e5 \u00e5 huske den. <br \/>Ikke skriv koden p\u00e5 telefonen <br \/>eller bank-kortet. <br \/>Og ikke p\u00e5 en lapp<br \/>i lomme-boken eller ranselen din.<\/figcaption><\/figure>\n\t\t<\/div> <!-- Close content div. -->\n\t<\/div> <!-- Close collapse div. -->\n<\/div> <!-- Close card div. -->\n<!-- Start accordion card div. -->\n<div class=\"ea-card ea-expand sp-ea-single\">\n\t<!-- Start accordion header. -->\n\t<h3 class=\"ea-header\">\n\t\t<!-- Add anchor tag for header. -->\n\t\t<a class=\"collapsed\" id=\"ea-header-10364\" role=\"button\" data-sptoggle=\"spcollapse\" data-sptarget=\"#collapse10364\" aria-controls=\"collapse10364\" href=\"#\"  aria-expanded=\"true\" tabindex=\"0\">\n\t\t<i aria-hidden=\"true\" role=\"presentation\" class=\"ea-expand-icon eap-icon-ea-expand-minus\"><\/i> Farlige lenker\t\t<\/a> <!-- Close anchor tag for header. -->\n\t<\/h3>\t<!-- Close header tag. -->\n\t<!-- Start collapsible content div. -->\n\t<div class=\"sp-collapse spcollapse collapsed show\" id=\"collapse10364\" data-parent=\"#sp-ea-1036\" role=\"region\" aria-labelledby=\"ea-header-10364\">  <!-- Content div. -->\n\t\t<div class=\"ea-body\">\n\t\t<audio class=\"wp-audio-shortcode\" id=\"audio-918-6\" preload=\"none\" style=\"width: 100%;\" controls=\"controls\"><source type=\"audio\/mpeg\" src=\"https:\/\/jegkanogvil.no\/wp-content\/uploads\/2025\/09\/Farlige-lenker.mp3?_=6\" \/><a href=\"https:\/\/jegkanogvil.no\/wp-content\/uploads\/2025\/09\/Farlige-lenker.mp3\">https:\/\/jegkanogvil.no\/wp-content\/uploads\/2025\/09\/Farlige-lenker.mp3<\/a><\/audio>\n<p>Noen meldinger inneholder lenker.<br \/>\nLenker er tekst du <strong>kan trykke p\u00e5<\/strong>.<\/p>\n<p>N\u00e5r du trykker,<br \/>\nkommer du til et nettsted.<br \/>\nDet kan v\u00e6re meldinger<br \/>\nsom vil lure deg.<\/p>\n<p>Slike meldinger kan komme p\u00e5:<\/p>\n<ul>\n<li>sosiale medier<\/li>\n<li>SMS<\/li>\n<li>e-post<\/li>\n<\/ul>\n<p>Det kan for eksempel st\u00e5<br \/>\nat du kan <strong>f\u00e5 en gave <\/strong>eller <strong>vinne<\/strong>\u00a0<strong>penger<\/strong>.<br \/>\nMen da m\u00e5 du trykke p\u00e5 en lenke.<\/p>\n<p>Slike lenker skal du <strong>aldri trykke p\u00e5<\/strong>.<br \/>\nSlett meldingene i stedet.<\/p>\n<figure id=\"attachment_1465\" aria-describedby=\"caption-attachment-1465\" style=\"width: 400px\" class=\"wp-caption alignnone\"><img loading=\"lazy\" decoding=\"async\" class=\"wp-image-1465\" src=\"https:\/\/jegkanogvil.no\/wp-content\/uploads\/2025\/07\/Skurk-300x208.png\" alt=\"M\u00f8rkkledd skummel mann p\u00e5 PC og med mobilen. \" width=\"400\" height=\"277\" srcset=\"https:\/\/jegkanogvil.no\/wp-content\/uploads\/2025\/07\/Skurk-300x208.png 300w, https:\/\/jegkanogvil.no\/wp-content\/uploads\/2025\/07\/Skurk-1024x709.png 1024w, https:\/\/jegkanogvil.no\/wp-content\/uploads\/2025\/07\/Skurk-768x532.png 768w, https:\/\/jegkanogvil.no\/wp-content\/uploads\/2025\/07\/Skurk.png 1040w\" sizes=\"auto, (max-width: 400px) 100vw, 400px\" \/><figcaption id=\"caption-attachment-1465\" class=\"wp-caption-text\">Denne mannen sender meldinger <br \/>med farlige lenker <br \/>til mange mennesker. <br \/>Han pr\u00f8ver \u00e5 lure dem for penger.<\/figcaption><\/figure>\n\t\t<\/div> <!-- Close content div. -->\n\t<\/div> <!-- Close collapse div. -->\n<\/div> <!-- Close card div. -->\n<\/div>\n<\/div>\n<\/p>\n<p><\/p><\/div><\/div><div class=\"lgc-clear\"><\/div>\n<p><a href=\"https:\/\/jegkanogvil.no\/?page_id=902\"><img loading=\"lazy\" decoding=\"async\" class=\"alignnone wp-image-770\" src=\"https:\/\/jegkanogvil.no\/wp-content\/uploads\/2025\/03\/Sosiale-medier-248x300.png\" alt=\"Til: Sosiale medier.\" width=\"124\" height=\"150\" srcset=\"https:\/\/jegkanogvil.no\/wp-content\/uploads\/2025\/03\/Sosiale-medier-248x300.png 248w, https:\/\/jegkanogvil.no\/wp-content\/uploads\/2025\/03\/Sosiale-medier.png 718w\" sizes=\"auto, (max-width: 124px) 100vw, 124px\" \/><\/a> <a href=\"https:\/\/jegkanogvil.no\/?page_id=914\"><img loading=\"lazy\" decoding=\"async\" class=\"alignnone wp-image-912\" src=\"https:\/\/jegkanogvil.no\/wp-content\/uploads\/2025\/03\/Nettvett-248x300.png\" alt=\"Til: Nettvett\" width=\"124\" height=\"150\" srcset=\"https:\/\/jegkanogvil.no\/wp-content\/uploads\/2025\/03\/Nettvett-248x300.png 248w, https:\/\/jegkanogvil.no\/wp-content\/uploads\/2025\/03\/Nettvett.png 718w\" sizes=\"auto, (max-width: 124px) 100vw, 124px\" \/><\/a><\/p>\n<p><a href=\"https:\/\/jegkanogvil.no\/\"><img loading=\"lazy\" decoding=\"async\" class=\"alignnone wp-image-766\" src=\"https:\/\/jegkanogvil.no\/wp-content\/uploads\/2025\/03\/Home-knappG-150x150.png\" alt=\"Til: Hjem\" width=\"120\" height=\"120\" srcset=\"https:\/\/jegkanogvil.no\/wp-content\/uploads\/2025\/03\/Home-knappG-150x150.png 150w, https:\/\/jegkanogvil.no\/wp-content\/uploads\/2025\/03\/Home-knappG-300x300.png 300w, https:\/\/jegkanogvil.no\/wp-content\/uploads\/2025\/03\/Home-knappG.png 567w\" sizes=\"auto, (max-width: 120px) 100vw, 120px\" \/><\/a><\/p>\n","protected":false},"excerpt":{"rendered":"<p>Nettet er mange ganger nyttig og g\u00f8y. Det fins likevel mye som ikke er bra. \u00c5pne og lukk boksene under med + og &#8211;<\/p>\n","protected":false},"author":1,"featured_media":0,"parent":0,"menu_order":0,"comment_status":"closed","ping_status":"closed","template":"","meta":{"footnotes":""},"class_list":["post-918","page","type-page","status-publish","hentry"],"_links":{"self":[{"href":"https:\/\/jegkanogvil.no\/index.php?rest_route=\/wp\/v2\/pages\/918","targetHints":{"allow":["GET"]}}],"collection":[{"href":"https:\/\/jegkanogvil.no\/index.php?rest_route=\/wp\/v2\/pages"}],"about":[{"href":"https:\/\/jegkanogvil.no\/index.php?rest_route=\/wp\/v2\/types\/page"}],"author":[{"embeddable":true,"href":"https:\/\/jegkanogvil.no\/index.php?rest_route=\/wp\/v2\/users\/1"}],"replies":[{"embeddable":true,"href":"https:\/\/jegkanogvil.no\/index.php?rest_route=%2Fwp%2Fv2%2Fcomments&post=918"}],"version-history":[{"count":22,"href":"https:\/\/jegkanogvil.no\/index.php?rest_route=\/wp\/v2\/pages\/918\/revisions"}],"predecessor-version":[{"id":2299,"href":"https:\/\/jegkanogvil.no\/index.php?rest_route=\/wp\/v2\/pages\/918\/revisions\/2299"}],"wp:attachment":[{"href":"https:\/\/jegkanogvil.no\/index.php?rest_route=%2Fwp%2Fv2%2Fmedia&parent=918"}],"curies":[{"name":"wp","href":"https:\/\/api.w.org\/{rel}","templated":true}]}}