{"id":914,"date":"2025-03-26T09:53:45","date_gmt":"2025-03-26T07:53:45","guid":{"rendered":"https:\/\/jegkanogvil.no\/?page_id=914"},"modified":"2025-09-22T11:12:00","modified_gmt":"2025-09-22T09:12:00","slug":"nett-vett","status":"publish","type":"page","link":"https:\/\/jegkanogvil.no\/?page_id=914","title":{"rendered":"Nett-vett"},"content":{"rendered":"<audio class=\"wp-audio-shortcode\" id=\"audio-914-1\" preload=\"none\" style=\"width: 100%;\" controls=\"controls\"><source type=\"audio\/mpeg\" src=\"https:\/\/jegkanogvil.no\/wp-content\/uploads\/2025\/09\/Nett-vett.mp3?_=1\" \/><a href=\"https:\/\/jegkanogvil.no\/wp-content\/uploads\/2025\/09\/Nett-vett.mp3\">https:\/\/jegkanogvil.no\/wp-content\/uploads\/2025\/09\/Nett-vett.mp3<\/a><\/audio>\n<p>Nett-vett er\u00a0<strong>regler<\/strong>\u00a0for<br \/>\noppf\u00f8rsel p\u00e5 internett.<\/p>\n<p>Nett-vett hjelper deg \u00e5 bruke<br \/>\nnettet p\u00e5 en trygg m\u00e5te.<br \/>\nNett-vett forteller<br \/>\nhva som er<strong> lurt<\/strong>\u00a0og<br \/>\nhva som er <strong>dumt<\/strong>\u00a0\u00e5 gj\u00f8re.<\/p>\n<p><strong>\u00c5pne og lukke boksene under med + og &#8211;<\/strong><\/p>\n<div  class=\"lgc-column lgc-grid-parent lgc-grid-50 lgc-tablet-grid-50 lgc-mobile-grid-100 lgc-equal-heights \"><div  class=\"inside-grid-column\">\n<p><style>#sp-ea-1033 .spcollapsing { height: 0; overflow: hidden; transition-property: height;transition-duration: 300ms;}#sp-ea-1033.sp-easy-accordion>.sp-ea-single {margin-bottom: 10px; border: 4px solid #00b050; }#sp-ea-1033.sp-easy-accordion>.sp-ea-single>.ea-header a {color: #ff66ff;}#sp-ea-1033.sp-easy-accordion>.sp-ea-single>.sp-collapse>.ea-body {background: #fff; color: #000000;}#sp-ea-1033.sp-easy-accordion>.sp-ea-single {background: #eee;}#sp-ea-1033.sp-easy-accordion>.sp-ea-single>.ea-header a .ea-expand-icon { float: left; color: #444;font-size: 16px;}<\/style><div id=\"sp_easy_accordion-1743090508\">\n<div id=\"sp-ea-1033\" class=\"sp-ea-one sp-easy-accordion\" data-ea-active=\"ea-click\" data-ea-mode=\"vertical\" data-preloader=\"\" data-scroll-active-item=\"\" data-offset-to-scroll=\"0\">\n\n<!-- Start accordion card div. -->\n<div class=\"ea-card ea-expand sp-ea-single\">\n\t<!-- Start accordion header. -->\n\t<h3 class=\"ea-header\">\n\t\t<!-- Add anchor tag for header. -->\n\t\t<a class=\"collapsed\" id=\"ea-header-10330\" role=\"button\" data-sptoggle=\"spcollapse\" data-sptarget=\"#collapse10330\" aria-controls=\"collapse10330\" href=\"#\"  aria-expanded=\"true\" tabindex=\"0\">\n\t\t<i aria-hidden=\"true\" role=\"presentation\" class=\"ea-expand-icon eap-icon-ea-expand-minus\"><\/i> V\u00e6r snill og hyggelig\t\t<\/a> <!-- Close anchor tag for header. -->\n\t<\/h3>\t<!-- Close header tag. -->\n\t<!-- Start collapsible content div. -->\n\t<div class=\"sp-collapse spcollapse collapsed show\" id=\"collapse10330\" data-parent=\"#sp-ea-1033\" role=\"region\" aria-labelledby=\"ea-header-10330\">  <!-- Content div. -->\n\t\t<div class=\"ea-body\">\n\t\t<audio class=\"wp-audio-shortcode\" id=\"audio-914-2\" preload=\"none\" style=\"width: 100%;\" controls=\"controls\"><source type=\"audio\/mpeg\" src=\"https:\/\/jegkanogvil.no\/wp-content\/uploads\/2025\/09\/Vaer-snill-og-hyggelig.mp3?_=2\" \/><a href=\"https:\/\/jegkanogvil.no\/wp-content\/uploads\/2025\/09\/Vaer-snill-og-hyggelig.mp3\">https:\/\/jegkanogvil.no\/wp-content\/uploads\/2025\/09\/Vaer-snill-og-hyggelig.mp3<\/a><\/audio>\n<p>V\u00e6r mot andre som du vil<br \/>\nat andre skal v\u00e6re mot deg.<br \/>\nV\u00e6r en\u00a0<strong>snill og hyggelig person<\/strong>\u00a0p\u00e5 nettet.<\/p>\n<p>Det du skriver,<br \/>\nm\u00e5 du ogs\u00e5 kunne si<br \/>\nrett til en annen.<\/p>\n<p>Tenk over det<br \/>\nf\u00f8r du skriver noe.<\/p>\n<ul>\n<li>Det du skriver, m\u00e5 v\u00e6re sant.<\/li>\n<li>Du skal ikke snakke stygt om andre.<\/li>\n<li>Du skal aldri pr\u00f8ve \u00e5 lure andre.<\/li>\n<\/ul>\n<p>Hvis du er hyggelig,<br \/>\nvil du f\u00e5 hyggelige svar.<\/p>\n<p>Mange bruker smile-fjes p\u00e5 sosiale medier.<br \/>\nP\u00e5 engelsk heter de <strong>emoji<\/strong> eller <strong>smiley<\/strong>.<br \/>\nHvis du bruker sosiale medier,<br \/>\nsend bare hyggelige smile-fjes.<\/p>\n<figure id=\"attachment_2168\" aria-describedby=\"caption-attachment-2168\" style=\"width: 400px\" class=\"wp-caption alignnone\"><img loading=\"lazy\" decoding=\"async\" class=\"wp-image-2168\" src=\"https:\/\/jegkanogvil.no\/wp-content\/uploads\/2025\/09\/Smileys-300x208.png\" alt=\"6 ulike smilefjes.\" width=\"400\" height=\"277\" srcset=\"https:\/\/jegkanogvil.no\/wp-content\/uploads\/2025\/09\/Smileys-300x208.png 300w, https:\/\/jegkanogvil.no\/wp-content\/uploads\/2025\/09\/Smileys-1024x709.png 1024w, https:\/\/jegkanogvil.no\/wp-content\/uploads\/2025\/09\/Smileys-768x532.png 768w, https:\/\/jegkanogvil.no\/wp-content\/uploads\/2025\/09\/Smileys.png 1040w\" sizes=\"auto, (max-width: 400px) 100vw, 400px\" \/><figcaption id=\"caption-attachment-2168\" class=\"wp-caption-text\">Her ser du 6 hyggelige smile-fjes: <br \/>1. Kj\u00e6rlighet, forelsket<br \/>2. Glede, lykke<br \/>3. Tommel opp, bra<br \/>4. Kjempe-godt gjort, gratulerer<br \/>5. Kyss<br \/>6. Veldig morsomt<br \/>Det fins veldig mange flere smile-fjes. <br \/>Ogs\u00e5 noen som er nesten som disse<br \/>og som betyr omtrent det samme.<\/figcaption><\/figure>\n\t\t<\/div> <!-- Close content div. -->\n\t<\/div> <!-- Close collapse div. -->\n<\/div> <!-- Close card div. -->\n<!-- Start accordion card div. -->\n<div class=\"ea-card ea-expand sp-ea-single\">\n\t<!-- Start accordion header. -->\n\t<h3 class=\"ea-header\">\n\t\t<!-- Add anchor tag for header. -->\n\t\t<a class=\"collapsed\" id=\"ea-header-10331\" role=\"button\" data-sptoggle=\"spcollapse\" data-sptarget=\"#collapse10331\" aria-controls=\"collapse10331\" href=\"#\"  aria-expanded=\"true\" tabindex=\"0\">\n\t\t<i aria-hidden=\"true\" role=\"presentation\" class=\"ea-expand-icon eap-icon-ea-expand-minus\"><\/i> V\u00e6r i godt hum\u00f8r\t\t<\/a> <!-- Close anchor tag for header. -->\n\t<\/h3>\t<!-- Close header tag. -->\n\t<!-- Start collapsible content div. -->\n\t<div class=\"sp-collapse spcollapse collapsed show\" id=\"collapse10331\" data-parent=\"#sp-ea-1033\" role=\"region\" aria-labelledby=\"ea-header-10331\">  <!-- Content div. -->\n\t\t<div class=\"ea-body\">\n\t\t<audio class=\"wp-audio-shortcode\" id=\"audio-914-3\" preload=\"none\" style=\"width: 100%;\" controls=\"controls\"><source type=\"audio\/mpeg\" src=\"https:\/\/jegkanogvil.no\/wp-content\/uploads\/2025\/09\/Vaer-i-godt-humor.mp3?_=3\" \/><a href=\"https:\/\/jegkanogvil.no\/wp-content\/uploads\/2025\/09\/Vaer-i-godt-humor.mp3\">https:\/\/jegkanogvil.no\/wp-content\/uploads\/2025\/09\/Vaer-i-godt-humor.mp3<\/a><\/audio>\n<p>Bruk nettet n\u00e5r du er i godt hum\u00f8r.<\/p>\n<figure id=\"attachment_1456\" aria-describedby=\"caption-attachment-1456\" style=\"width: 400px\" class=\"wp-caption alignnone\"><img loading=\"lazy\" decoding=\"async\" class=\"wp-image-1456\" src=\"https:\/\/jegkanogvil.no\/wp-content\/uploads\/2025\/07\/optimism-wallpaper-with-smiley-face-300x180.jpg\" alt=\"tegnede blomster og smilende emojier.\" width=\"400\" height=\"240\" srcset=\"https:\/\/jegkanogvil.no\/wp-content\/uploads\/2025\/07\/optimism-wallpaper-with-smiley-face-300x180.jpg 300w, https:\/\/jegkanogvil.no\/wp-content\/uploads\/2025\/07\/optimism-wallpaper-with-smiley-face-1024x614.jpg 1024w, https:\/\/jegkanogvil.no\/wp-content\/uploads\/2025\/07\/optimism-wallpaper-with-smiley-face-768x461.jpg 768w, https:\/\/jegkanogvil.no\/wp-content\/uploads\/2025\/07\/optimism-wallpaper-with-smiley-face-1536x922.jpg 1536w, https:\/\/jegkanogvil.no\/wp-content\/uploads\/2025\/07\/optimism-wallpaper-with-smiley-face-2048x1229.jpg 2048w\" sizes=\"auto, (max-width: 400px) 100vw, 400px\" \/><figcaption id=\"caption-attachment-1456\" class=\"wp-caption-text\">Pass p\u00e5 \u00e5 v\u00e6re i godt hum\u00f8r <br \/>n\u00e5r du bruker nettet. <br \/>Hvis du er\u00a0er sint, <br \/>er det lett \u00e5 s\u00e5re andre <br \/>eller si eller skrive noe dumt.<br \/>Hva kan det dumme v\u00e6re?<\/figcaption><\/figure>\n<p>Bruk aldri nettet n\u00e5r du er sint.<br \/>\nDet gjelder ogs\u00e5 hvis du har<br \/>\nf\u00e5tt en melding du ikke liker.<\/p>\n<p>Hvis du f\u00e5r flere slike meldinger,<br \/>\nkan du kutte ut kontakten.<\/p>\n\t\t<\/div> <!-- Close content div. -->\n\t<\/div> <!-- Close collapse div. -->\n<\/div> <!-- Close card div. -->\n<!-- Start accordion card div. -->\n<div class=\"ea-card ea-expand sp-ea-single\">\n\t<!-- Start accordion header. -->\n\t<h3 class=\"ea-header\">\n\t\t<!-- Add anchor tag for header. -->\n\t\t<a class=\"collapsed\" id=\"ea-header-10332\" role=\"button\" data-sptoggle=\"spcollapse\" data-sptarget=\"#collapse10332\" aria-controls=\"collapse10332\" href=\"#\"  aria-expanded=\"true\" tabindex=\"0\">\n\t\t<i aria-hidden=\"true\" role=\"presentation\" class=\"ea-expand-icon eap-icon-ea-expand-minus\"><\/i> V\u00e6r forsiktig med bilder\t\t<\/a> <!-- Close anchor tag for header. -->\n\t<\/h3>\t<!-- Close header tag. -->\n\t<!-- Start collapsible content div. -->\n\t<div class=\"sp-collapse spcollapse collapsed show\" id=\"collapse10332\" data-parent=\"#sp-ea-1033\" role=\"region\" aria-labelledby=\"ea-header-10332\">  <!-- Content div. -->\n\t\t<div class=\"ea-body\">\n\t\t<audio class=\"wp-audio-shortcode\" id=\"audio-914-4\" preload=\"none\" style=\"width: 100%;\" controls=\"controls\"><source type=\"audio\/mpeg\" src=\"https:\/\/jegkanogvil.no\/wp-content\/uploads\/2025\/09\/Forsiktig-med-bilder.mp3?_=4\" \/><a href=\"https:\/\/jegkanogvil.no\/wp-content\/uploads\/2025\/09\/Forsiktig-med-bilder.mp3\">https:\/\/jegkanogvil.no\/wp-content\/uploads\/2025\/09\/Forsiktig-med-bilder.mp3<\/a><\/audio>\n<p>Det kan v\u00e6re morsomt<br \/>\n\u00e5 legge ut bilder p\u00e5 nettet.<\/p>\n<p>Men v\u00e6r forsiktig med<br \/>\nhvilke bilder du legger ut.<\/p>\n<p>Du m\u00e5 sp\u00f8rre dem<br \/>\nsom er med p\u00e5 bildene.<br \/>\n<strong>Alle<\/strong>\u00a0som er med p\u00e5 bildene,<br \/>\nm\u00e5 gi deg lov til \u00e5 legge dem ut.<br \/>\nDe m\u00e5\u00a0<strong>ha svart<\/strong>\u00a0at det er greit.<\/p>\n<p>Og de som er med p\u00e5 bildet,<br \/>\nkan si nei til at det skal legges ut.<\/p>\n<p>Kanskje bildet ikke viser mennesker.<br \/>\nOg du har lyst til \u00e5 sende det videre.<\/p>\n<p>Personen som har tatt bildet skal likevel<br \/>\ngi deg lov f\u00f8r du deler det.<\/p>\n<p>Den som har tatt et bilde,<br \/>\n<strong>eier<\/strong>\u00a0det.<\/p>\n<p>Ikke legg ut tullete eller pinlige bilder<br \/>\nav deg selv.<br \/>\nDer er <strong>dumt<\/strong> \u00e5 bruke bilder hvor du:<\/p>\n<ul>\n<li>geiper<\/li>\n<li>kysser<\/li>\n<li>lager grimaser<\/li>\n<\/ul>\n<p>Det er\u00a0<strong>veldig dumt<\/strong>\u00a0\u00e5 legge ut<br \/>\nnaken-bilder av deg selv.<br \/>\nAndre kan finne p\u00e5<br \/>\n\u00e5 sende slike bilder videre.<br \/>\nDu kan nesten aldri stoppe det.<br \/>\nDet er alts\u00e5 for sent \u00e5 angre.<\/p>\n<figure id=\"attachment_1457\" aria-describedby=\"caption-attachment-1457\" style=\"width: 400px\" class=\"wp-caption alignnone\"><img loading=\"lazy\" decoding=\"async\" class=\"wp-image-1457\" src=\"https:\/\/jegkanogvil.no\/wp-content\/uploads\/2025\/07\/medium-shot-friends-spending-time-indoors-300x200.jpg\" alt=\"To forskredde gutter foran mobilen.\" width=\"400\" height=\"267\" srcset=\"https:\/\/jegkanogvil.no\/wp-content\/uploads\/2025\/07\/medium-shot-friends-spending-time-indoors-300x200.jpg 300w, https:\/\/jegkanogvil.no\/wp-content\/uploads\/2025\/07\/medium-shot-friends-spending-time-indoors-1024x683.jpg 1024w, https:\/\/jegkanogvil.no\/wp-content\/uploads\/2025\/07\/medium-shot-friends-spending-time-indoors-768x512.jpg 768w, https:\/\/jegkanogvil.no\/wp-content\/uploads\/2025\/07\/medium-shot-friends-spending-time-indoors-1536x1024.jpg 1536w, https:\/\/jegkanogvil.no\/wp-content\/uploads\/2025\/07\/medium-shot-friends-spending-time-indoors-2048x1365.jpg 2048w\" sizes=\"auto, (max-width: 400px) 100vw, 400px\" \/><figcaption id=\"caption-attachment-1457\" class=\"wp-caption-text\">Disse 2 vennene har lagt ut <br \/>et dumt bilde p\u00e5 nettet. <br \/>Mange har sendt bildet videre. <br \/>N\u00e5 angrer de <br \/>fordi det er umulig \u00e5 stoppe bildet.<br \/>Har du eksempler p\u00e5 dumme bilder <br \/>\u00e5 sende til andre?<\/figcaption><\/figure>\n\t\t<\/div> <!-- Close content div. -->\n\t<\/div> <!-- Close collapse div. -->\n<\/div> <!-- Close card div. -->\n<!-- Start accordion card div. -->\n<div class=\"ea-card ea-expand sp-ea-single\">\n\t<!-- Start accordion header. -->\n\t<h3 class=\"ea-header\">\n\t\t<!-- Add anchor tag for header. -->\n\t\t<a class=\"collapsed\" id=\"ea-header-10333\" role=\"button\" data-sptoggle=\"spcollapse\" data-sptarget=\"#collapse10333\" aria-controls=\"collapse10333\" href=\"#\"  aria-expanded=\"true\" tabindex=\"0\">\n\t\t<i aria-hidden=\"true\" role=\"presentation\" class=\"ea-expand-icon eap-icon-ea-expand-minus\"><\/i> Velg nett-vennene dine\t\t<\/a> <!-- Close anchor tag for header. -->\n\t<\/h3>\t<!-- Close header tag. -->\n\t<!-- Start collapsible content div. -->\n\t<div class=\"sp-collapse spcollapse collapsed show\" id=\"collapse10333\" data-parent=\"#sp-ea-1033\" role=\"region\" aria-labelledby=\"ea-header-10333\">  <!-- Content div. -->\n\t\t<div class=\"ea-body\">\n\t\t<audio class=\"wp-audio-shortcode\" id=\"audio-914-5\" preload=\"none\" style=\"width: 100%;\" controls=\"controls\"><source type=\"audio\/mpeg\" src=\"https:\/\/jegkanogvil.no\/wp-content\/uploads\/2025\/09\/Velg-nett-vennene-dine.mp3?_=5\" \/><a href=\"https:\/\/jegkanogvil.no\/wp-content\/uploads\/2025\/09\/Velg-nett-vennene-dine.mp3\">https:\/\/jegkanogvil.no\/wp-content\/uploads\/2025\/09\/Velg-nett-vennene-dine.mp3<\/a><\/audio>\n<p>Bli bare venn p\u00e5 nettet<br \/>\nmed <strong>dem du kjenner fra f\u00f8r<\/strong>.<br \/>\nDu trenger ikke \u00e5 bli nett-venn<br \/>\nmed alle som sp\u00f8r om det.<\/p>\n<p>Det kan v\u00e6re ekstra vanskelig \u00e5 si\u00a0<strong>nei<\/strong><br \/>\nhvis du kjenner en som sp\u00f8r.<br \/>\nDa kan du for eksempel svare<br \/>\nat du bare skal v\u00e6re nett-venn med:<\/p>\n<ul>\n<li>familie<\/li>\n<li>noen som pleier \u00e5 hjelpe deg<\/li>\n<\/ul>\n<p>Hvis ukjente mennesker kontakter deg,<br \/>\n<strong>la v\u00e6re \u00e5 svare<\/strong>.<\/p>\n\t\t<\/div> <!-- Close content div. -->\n\t<\/div> <!-- Close collapse div. -->\n<\/div> <!-- Close card div. -->\n<!-- Start accordion card div. -->\n<div class=\"ea-card ea-expand sp-ea-single\">\n\t<!-- Start accordion header. -->\n\t<h3 class=\"ea-header\">\n\t\t<!-- Add anchor tag for header. -->\n\t\t<a class=\"collapsed\" id=\"ea-header-10334\" role=\"button\" data-sptoggle=\"spcollapse\" data-sptarget=\"#collapse10334\" aria-controls=\"collapse10334\" href=\"#\"  aria-expanded=\"true\" tabindex=\"0\">\n\t\t<i aria-hidden=\"true\" role=\"presentation\" class=\"ea-expand-icon eap-icon-ea-expand-minus\"><\/i> Ubehagelig?\t\t<\/a> <!-- Close anchor tag for header. -->\n\t<\/h3>\t<!-- Close header tag. -->\n\t<!-- Start collapsible content div. -->\n\t<div class=\"sp-collapse spcollapse collapsed show\" id=\"collapse10334\" data-parent=\"#sp-ea-1033\" role=\"region\" aria-labelledby=\"ea-header-10334\">  <!-- Content div. -->\n\t\t<div class=\"ea-body\">\n\t\t<audio class=\"wp-audio-shortcode\" id=\"audio-914-6\" preload=\"none\" style=\"width: 100%;\" controls=\"controls\"><source type=\"audio\/mpeg\" src=\"https:\/\/jegkanogvil.no\/wp-content\/uploads\/2025\/09\/Uheldig.mp3?_=6\" \/><a href=\"https:\/\/jegkanogvil.no\/wp-content\/uploads\/2025\/09\/Uheldig.mp3\">https:\/\/jegkanogvil.no\/wp-content\/uploads\/2025\/09\/Uheldig.mp3<\/a><\/audio>\n<p>Det kan hende at du opplever<br \/>\nnoe ubehagelig p\u00e5 nettet.<br \/>\nFortell det i s\u00e5 fall <strong>straks<\/strong><br \/>\ntil en voksen som du stoler p\u00e5.<\/p>\n<p>Det kan v\u00e6re:<\/p>\n<ul>\n<li>noe ekkelt<\/li>\n<li>noe skremmende<\/li>\n<li>erting eller plaging<\/li>\n<li>at noen pr\u00f8ver \u00e5 lure deg<\/li>\n<li>at noen truer deg<\/li>\n<\/ul>\n<figure id=\"attachment_1458\" aria-describedby=\"caption-attachment-1458\" style=\"width: 400px\" class=\"wp-caption alignnone\"><img loading=\"lazy\" decoding=\"async\" class=\"wp-image-1458\" src=\"https:\/\/jegkanogvil.no\/wp-content\/uploads\/2025\/07\/medium-shot-suffering-teenager-being-cyberbullied-300x200.jpg\" alt=\"Oppgitt ung gutt ser p\u00e5 mobilen sin.\" width=\"400\" height=\"267\" srcset=\"https:\/\/jegkanogvil.no\/wp-content\/uploads\/2025\/07\/medium-shot-suffering-teenager-being-cyberbullied-300x200.jpg 300w, https:\/\/jegkanogvil.no\/wp-content\/uploads\/2025\/07\/medium-shot-suffering-teenager-being-cyberbullied-1024x683.jpg 1024w, https:\/\/jegkanogvil.no\/wp-content\/uploads\/2025\/07\/medium-shot-suffering-teenager-being-cyberbullied-768x512.jpg 768w, https:\/\/jegkanogvil.no\/wp-content\/uploads\/2025\/07\/medium-shot-suffering-teenager-being-cyberbullied-1536x1024.jpg 1536w, https:\/\/jegkanogvil.no\/wp-content\/uploads\/2025\/07\/medium-shot-suffering-teenager-being-cyberbullied-2048x1365.jpg 2048w\" sizes=\"auto, (max-width: 400px) 100vw, 400px\" \/><figcaption id=\"caption-attachment-1458\" class=\"wp-caption-text\">Han har f\u00e5tt ubehagelige meldinger. <br \/>N\u00e5 skal han vise meldingene <br \/>til foreldrene. <br \/>De skal ordne opp i dette. <br \/>Ingen skal bli mobbet p\u00e5 nettet.<br \/>Hva kan st\u00e5 i en ubehagelig melding?<\/figcaption><\/figure>\n\t\t<\/div> <!-- Close content div. -->\n\t<\/div> <!-- Close collapse div. -->\n<\/div> <!-- Close card div. -->\n<\/div>\n<\/div>\n<\/p>\n<p><\/p><\/div><\/div><div class=\"lgc-clear\"><\/div>\n<p><a href=\"https:\/\/jegkanogvil.no\/?page_id=902\"><img loading=\"lazy\" decoding=\"async\" class=\"alignnone wp-image-770\" src=\"https:\/\/jegkanogvil.no\/wp-content\/uploads\/2025\/03\/Sosiale-medier-248x300.png\" alt=\"Til: Sosiale medier.\" width=\"124\" height=\"150\" srcset=\"https:\/\/jegkanogvil.no\/wp-content\/uploads\/2025\/03\/Sosiale-medier-248x300.png 248w, https:\/\/jegkanogvil.no\/wp-content\/uploads\/2025\/03\/Sosiale-medier.png 718w\" sizes=\"auto, (max-width: 124px) 100vw, 124px\" \/><\/a> <a href=\"https:\/\/jegkanogvil.no\/?page_id=918\"><img loading=\"lazy\" decoding=\"async\" class=\"alignnone wp-image-911\" src=\"https:\/\/jegkanogvil.no\/wp-content\/uploads\/2025\/03\/Farer-pa-nett-248x300.png\" alt=\"Til: Farer p\u00e5 nett\" width=\"124\" height=\"150\" srcset=\"https:\/\/jegkanogvil.no\/wp-content\/uploads\/2025\/03\/Farer-pa-nett-248x300.png 248w, https:\/\/jegkanogvil.no\/wp-content\/uploads\/2025\/03\/Farer-pa-nett.png 718w\" sizes=\"auto, (max-width: 124px) 100vw, 124px\" \/><\/a><\/p>\n<p><a href=\"https:\/\/jegkanogvil.no\/\"><img loading=\"lazy\" decoding=\"async\" class=\"alignnone wp-image-766\" src=\"https:\/\/jegkanogvil.no\/wp-content\/uploads\/2025\/03\/Home-knappG-150x150.png\" alt=\"Til: Hjem\" width=\"120\" height=\"120\" srcset=\"https:\/\/jegkanogvil.no\/wp-content\/uploads\/2025\/03\/Home-knappG-150x150.png 150w, https:\/\/jegkanogvil.no\/wp-content\/uploads\/2025\/03\/Home-knappG-300x300.png 300w, https:\/\/jegkanogvil.no\/wp-content\/uploads\/2025\/03\/Home-knappG.png 567w\" sizes=\"auto, (max-width: 120px) 100vw, 120px\" \/><\/a><\/p>\n","protected":false},"excerpt":{"rendered":"<p>Nett-vett er\u00a0regler\u00a0for oppf\u00f8rsel p\u00e5 internett. Nett-vett hjelper deg \u00e5 bruke nettet p\u00e5 en trygg m\u00e5te. Nett-vett forteller hva som er lurt\u00a0og hva som er dumt\u00a0\u00e5 gj\u00f8re. \u00c5pne og lukke boksene under med + og &#8211;<\/p>\n","protected":false},"author":1,"featured_media":0,"parent":0,"menu_order":0,"comment_status":"closed","ping_status":"closed","template":"","meta":{"footnotes":""},"class_list":["post-914","page","type-page","status-publish","hentry"],"_links":{"self":[{"href":"https:\/\/jegkanogvil.no\/index.php?rest_route=\/wp\/v2\/pages\/914","targetHints":{"allow":["GET"]}}],"collection":[{"href":"https:\/\/jegkanogvil.no\/index.php?rest_route=\/wp\/v2\/pages"}],"about":[{"href":"https:\/\/jegkanogvil.no\/index.php?rest_route=\/wp\/v2\/types\/page"}],"author":[{"embeddable":true,"href":"https:\/\/jegkanogvil.no\/index.php?rest_route=\/wp\/v2\/users\/1"}],"replies":[{"embeddable":true,"href":"https:\/\/jegkanogvil.no\/index.php?rest_route=%2Fwp%2Fv2%2Fcomments&post=914"}],"version-history":[{"count":21,"href":"https:\/\/jegkanogvil.no\/index.php?rest_route=\/wp\/v2\/pages\/914\/revisions"}],"predecessor-version":[{"id":2296,"href":"https:\/\/jegkanogvil.no\/index.php?rest_route=\/wp\/v2\/pages\/914\/revisions\/2296"}],"wp:attachment":[{"href":"https:\/\/jegkanogvil.no\/index.php?rest_route=%2Fwp%2Fv2%2Fmedia&parent=914"}],"curies":[{"name":"wp","href":"https:\/\/api.w.org\/{rel}","templated":true}]}}