{"id":902,"date":"2025-03-26T08:45:18","date_gmt":"2025-03-26T06:45:18","guid":{"rendered":"https:\/\/jegkanogvil.no\/?page_id=902"},"modified":"2025-09-22T10:59:39","modified_gmt":"2025-09-22T08:59:39","slug":"sosiale-medier","status":"publish","type":"page","link":"https:\/\/jegkanogvil.no\/?page_id=902","title":{"rendered":"Sosiale medier"},"content":{"rendered":"<audio class=\"wp-audio-shortcode\" id=\"audio-902-1\" preload=\"none\" style=\"width: 100%;\" controls=\"controls\"><source type=\"audio\/mpeg\" src=\"https:\/\/jegkanogvil.no\/wp-content\/uploads\/2025\/09\/Sosiale-medier.mp3?_=1\" \/><a href=\"https:\/\/jegkanogvil.no\/wp-content\/uploads\/2025\/09\/Sosiale-medier.mp3\">https:\/\/jegkanogvil.no\/wp-content\/uploads\/2025\/09\/Sosiale-medier.mp3<\/a><\/audio>\n<p>Sosiale medier er\u00a0<strong>nett-steder<\/strong> og\u00a0<strong>apper<br \/>\nfor<\/strong>\u00a0<strong>kontakt med andre.<br \/>\n<\/strong>Eksempler er:<\/p>\n<ul>\n<li>Facebook<\/li>\n<li>Instagram<\/li>\n<li>Messenger<\/li>\n<li>Snapchat<\/li>\n<li>TikTok<\/li>\n<li>YouTube<\/li>\n<\/ul>\n<figure id=\"attachment_1443\" aria-describedby=\"caption-attachment-1443\" style=\"width: 400px\" class=\"wp-caption alignnone\"><img loading=\"lazy\" decoding=\"async\" class=\"wp-image-1443\" src=\"https:\/\/jegkanogvil.no\/wp-content\/uploads\/2025\/07\/Some-logoer-300x208.png\" alt=\"Seks logoer av sosiale medier.\" width=\"400\" height=\"277\" srcset=\"https:\/\/jegkanogvil.no\/wp-content\/uploads\/2025\/07\/Some-logoer-300x208.png 300w, https:\/\/jegkanogvil.no\/wp-content\/uploads\/2025\/07\/Some-logoer-1024x709.png 1024w, https:\/\/jegkanogvil.no\/wp-content\/uploads\/2025\/07\/Some-logoer-768x532.png 768w, https:\/\/jegkanogvil.no\/wp-content\/uploads\/2025\/07\/Some-logoer.png 1040w\" sizes=\"auto, (max-width: 400px) 100vw, 400px\" \/><figcaption id=\"caption-attachment-1443\" class=\"wp-caption-text\">Logoer til sosiale medier.<br \/>Du har nok sett mange av dem<br \/>selv om du ikke bruker det.<\/figcaption><\/figure>\n<p>Du m\u00e5 v\u00e6re\u00a0<strong>minst 13 \u00e5r<br \/>\n<\/strong>for \u00e5 bruke sosiale medier.<br \/>\n13 \u00e5r er alts\u00e5 <strong>alders-grensen<\/strong>.<\/p>\n<figure id=\"attachment_2157\" aria-describedby=\"caption-attachment-2157\" style=\"width: 400px\" class=\"wp-caption alignnone\"><img loading=\"lazy\" decoding=\"async\" class=\"wp-image-2157\" src=\"https:\/\/jegkanogvil.no\/wp-content\/uploads\/2025\/08\/side-view-boy-with-down-syndrome-holding-smartphone-300x200.jpg\" alt=\"Gutt bruker rmobiletelefonen og ser glad ut.\" width=\"400\" height=\"267\" srcset=\"https:\/\/jegkanogvil.no\/wp-content\/uploads\/2025\/08\/side-view-boy-with-down-syndrome-holding-smartphone-300x200.jpg 300w, https:\/\/jegkanogvil.no\/wp-content\/uploads\/2025\/08\/side-view-boy-with-down-syndrome-holding-smartphone-1024x683.jpg 1024w, https:\/\/jegkanogvil.no\/wp-content\/uploads\/2025\/08\/side-view-boy-with-down-syndrome-holding-smartphone-768x512.jpg 768w, https:\/\/jegkanogvil.no\/wp-content\/uploads\/2025\/08\/side-view-boy-with-down-syndrome-holding-smartphone-1536x1024.jpg 1536w, https:\/\/jegkanogvil.no\/wp-content\/uploads\/2025\/08\/side-view-boy-with-down-syndrome-holding-smartphone-2048x1365.jpg 2048w\" sizes=\"auto, (max-width: 400px) 100vw, 400px\" \/><figcaption id=\"caption-attachment-2157\" class=\"wp-caption-text\">Han er gammel nok for \u00e5 bruke sosial medier.<br \/>Hvor gammel m\u00e5 han da v\u00e6re?<\/figcaption><\/figure>\n<p><a href=\"https:\/\/jegkanogvil.no\/?page_id=914\"><img loading=\"lazy\" decoding=\"async\" class=\"alignnone wp-image-912\" src=\"https:\/\/jegkanogvil.no\/wp-content\/uploads\/2025\/03\/Nettvett-248x300.png\" alt=\"Til: Nettvett\" width=\"124\" height=\"150\" srcset=\"https:\/\/jegkanogvil.no\/wp-content\/uploads\/2025\/03\/Nettvett-248x300.png 248w, https:\/\/jegkanogvil.no\/wp-content\/uploads\/2025\/03\/Nettvett.png 718w\" sizes=\"auto, (max-width: 124px) 100vw, 124px\" \/><\/a> <a href=\"https:\/\/jegkanogvil.no\/?page_id=918\"><img loading=\"lazy\" decoding=\"async\" class=\"alignnone wp-image-911\" src=\"https:\/\/jegkanogvil.no\/wp-content\/uploads\/2025\/03\/Farer-pa-nett-248x300.png\" alt=\"Til: Farer p\u00e5 nett\" width=\"124\" height=\"150\" srcset=\"https:\/\/jegkanogvil.no\/wp-content\/uploads\/2025\/03\/Farer-pa-nett-248x300.png 248w, https:\/\/jegkanogvil.no\/wp-content\/uploads\/2025\/03\/Farer-pa-nett.png 718w\" sizes=\"auto, (max-width: 124px) 100vw, 124px\" \/><\/a><\/p>\n<p><a href=\"https:\/\/jegkanogvil.no\/\"><img loading=\"lazy\" decoding=\"async\" class=\"alignnone wp-image-766\" src=\"https:\/\/jegkanogvil.no\/wp-content\/uploads\/2025\/03\/Home-knappG-150x150.png\" alt=\"Til: Hjem\" width=\"120\" height=\"120\" srcset=\"https:\/\/jegkanogvil.no\/wp-content\/uploads\/2025\/03\/Home-knappG-150x150.png 150w, https:\/\/jegkanogvil.no\/wp-content\/uploads\/2025\/03\/Home-knappG-300x300.png 300w, https:\/\/jegkanogvil.no\/wp-content\/uploads\/2025\/03\/Home-knappG.png 567w\" sizes=\"auto, (max-width: 120px) 100vw, 120px\" \/><\/a><\/p>\n","protected":false},"excerpt":{"rendered":"<p>Sosiale medier er\u00a0nett-steder og\u00a0apper for\u00a0kontakt med andre. Eksempler er: Facebook Instagram Messenger Snapchat TikTok YouTube Du m\u00e5 v\u00e6re\u00a0minst 13 \u00e5r for \u00e5 bruke sosiale medier. 13 \u00e5r er alts\u00e5 alders-grensen.<\/p>\n","protected":false},"author":1,"featured_media":0,"parent":0,"menu_order":0,"comment_status":"closed","ping_status":"closed","template":"","meta":{"footnotes":""},"class_list":["post-902","page","type-page","status-publish","hentry"],"_links":{"self":[{"href":"https:\/\/jegkanogvil.no\/index.php?rest_route=\/wp\/v2\/pages\/902","targetHints":{"allow":["GET"]}}],"collection":[{"href":"https:\/\/jegkanogvil.no\/index.php?rest_route=\/wp\/v2\/pages"}],"about":[{"href":"https:\/\/jegkanogvil.no\/index.php?rest_route=\/wp\/v2\/types\/page"}],"author":[{"embeddable":true,"href":"https:\/\/jegkanogvil.no\/index.php?rest_route=\/wp\/v2\/users\/1"}],"replies":[{"embeddable":true,"href":"https:\/\/jegkanogvil.no\/index.php?rest_route=%2Fwp%2Fv2%2Fcomments&post=902"}],"version-history":[{"count":21,"href":"https:\/\/jegkanogvil.no\/index.php?rest_route=\/wp\/v2\/pages\/902\/revisions"}],"predecessor-version":[{"id":2155,"href":"https:\/\/jegkanogvil.no\/index.php?rest_route=\/wp\/v2\/pages\/902\/revisions\/2155"}],"wp:attachment":[{"href":"https:\/\/jegkanogvil.no\/index.php?rest_route=%2Fwp%2Fv2%2Fmedia&parent=902"}],"curies":[{"name":"wp","href":"https:\/\/api.w.org\/{rel}","templated":true}]}}