{"id":87,"date":"2024-10-29T11:18:32","date_gmt":"2024-10-29T09:18:32","guid":{"rendered":"https:\/\/jegkanogvil.no\/?page_id=87"},"modified":"2025-09-24T17:43:21","modified_gmt":"2025-09-24T15:43:21","slug":"god-venn","status":"publish","type":"page","link":"https:\/\/jegkanogvil.no\/?page_id=87","title":{"rendered":"En god venn"},"content":{"rendered":"<audio class=\"wp-audio-shortcode\" id=\"audio-87-1\" preload=\"none\" style=\"width: 100%;\" controls=\"controls\"><source type=\"audio\/mpeg\" src=\"https:\/\/jegkanogvil.no\/wp-content\/uploads\/2025\/09\/En-god-venn-1.mp3?_=1\" \/><a href=\"https:\/\/jegkanogvil.no\/wp-content\/uploads\/2025\/09\/En-god-venn-1.mp3\">https:\/\/jegkanogvil.no\/wp-content\/uploads\/2025\/09\/En-god-venn-1.mp3<\/a><\/audio>\n<p>\u00c5 v\u00e6re en god venn handler om<br \/>\n\u00e5 v\u00e6re et hyggelig menneske.<\/p>\n<figure id=\"attachment_2159\" aria-describedby=\"caption-attachment-2159\" style=\"width: 400px\" class=\"wp-caption alignnone\"><img loading=\"lazy\" decoding=\"async\" class=\"wp-image-2159\" src=\"https:\/\/jegkanogvil.no\/wp-content\/uploads\/2025\/08\/En-god-venn-300x169.png\" alt=\"Fem fingerpunkter om venskap.\" width=\"400\" height=\"225\" srcset=\"https:\/\/jegkanogvil.no\/wp-content\/uploads\/2025\/08\/En-god-venn-300x169.png 300w, https:\/\/jegkanogvil.no\/wp-content\/uploads\/2025\/08\/En-god-venn-1024x576.png 1024w, https:\/\/jegkanogvil.no\/wp-content\/uploads\/2025\/08\/En-god-venn-768x432.png 768w, https:\/\/jegkanogvil.no\/wp-content\/uploads\/2025\/08\/En-god-venn.png 1280w\" sizes=\"auto, (max-width: 400px) 100vw, 400px\" \/><figcaption id=\"caption-attachment-2159\" class=\"wp-caption-text\">Her st\u00e5r det 5 punkter <br \/>om \u00e5 v\u00e6re en god venn. <br \/>Synes du de 5 punktene er viktige?<br \/>Er noe er<strong> aller viktigst<\/strong>?<\/figcaption><\/figure>\n<h2>Slik kan du v\u00e6re en god venn<\/h2>\n<ol>\n<li><strong>Du h\u00f8rer etter<\/strong>\u00a0n\u00e5r den andre<br \/>\nforteller deg noe.<br \/>\nDu kan gjerne stille sp\u00f8rsm\u00e5l.<br \/>\nDet viser at du er interessert i<br \/>\ndet han eller hun sier.<\/li>\n<li><strong>Du snakker sant<\/strong>.<br \/>\nAlle liker at andre er \u00e6rlige.<\/li>\n<li><strong>Du bak-snakker ikke<\/strong>\u00a0vennen<br \/>\neller andre.<br \/>\nBak-snakking er \u00e5 snakke stygt<br \/>\nom en som ikke er til stede.<br \/>\nBak-snakking er d\u00e5rlig gjort.<\/li>\n<\/ol>\n<ol start=\"4\">\n<li>Dere <strong>har det\u00a0g\u00f8y\u00a0sammen<\/strong>.<br \/>\nDet fins mange aktiviteter<br \/>\ndere kan gj\u00f8re<br \/>\nfor \u00e5 ha det moro.<br \/>\nDere kan for eksempel:<\/li>\n<\/ol>\n<ul>\n<li>fortelle vitser eller g\u00e5ter<\/li>\n<li>mime<br \/>\nDet vil si \u00e5 etterape noe.<br \/>\nDe andre m\u00e5 gjette hva det er.<\/li>\n<li>lage grimaser<\/li>\n<li>spille musikk og danse<\/li>\n<li>gjemme ting og lete etter dem<\/li>\n<li>spille TV-spill sammen<\/li>\n<li>spille et vanlig spill<\/li>\n<li>hoppe p\u00e5 trampoline<\/li>\n<\/ul>\n<ol start=\"5\">\n<li><strong>Du gratulerer og skryter<\/strong>.<br \/>\nDu kan for eksempel \u00e5 si noe hyggelig<br \/>\nom vennens nye kl\u00e6r eller nye h\u00e5rklipp.<br \/>\nDet heter \u00e5 gi et\u00a0<strong>komplimenter<\/strong>.<br \/>\nEn god venn gratulerer n\u00e5r den andre<br \/>\nhar bursdag.<br \/>\nKanskje du er bedt i bursdags-selskap.<br \/>\nDa har du sikkert med en gave.<br \/>\nDet er hyggelig om du har laget<br \/>\net gratulasjons-kort i tillegg.<\/li>\n<\/ol>\n<figure id=\"attachment_1828\" aria-describedby=\"caption-attachment-1828\" style=\"width: 400px\" class=\"wp-caption alignnone\"><img loading=\"lazy\" decoding=\"async\" class=\"wp-image-1828\" src=\"https:\/\/jegkanogvil.no\/wp-content\/uploads\/2025\/07\/Gratulerer-300x208.png\" alt=\"Gutt med g\u00f8yal hatt p\u00e5 bl\u00e5ser opp en ballong.\" width=\"400\" height=\"277\" srcset=\"https:\/\/jegkanogvil.no\/wp-content\/uploads\/2025\/07\/Gratulerer-300x208.png 300w, https:\/\/jegkanogvil.no\/wp-content\/uploads\/2025\/07\/Gratulerer-1024x709.png 1024w, https:\/\/jegkanogvil.no\/wp-content\/uploads\/2025\/07\/Gratulerer-768x532.png 768w, https:\/\/jegkanogvil.no\/wp-content\/uploads\/2025\/07\/Gratulerer.png 1040w\" sizes=\"auto, (max-width: 400px) 100vw, 400px\" \/><figcaption id=\"caption-attachment-1828\" class=\"wp-caption-text\">Det gir glede \u00e5 f\u00e5 en bursdags-hilsen.<br \/>Du kan lage et kort selv. <br \/>Eller kanskje du kan sende<br \/>et hyggelig bilde med mobilen din.<br \/>Du kan sikkert f\u00e5 hjelp til begge deler.<\/figcaption><\/figure>\n<audio class=\"wp-audio-shortcode\" id=\"audio-87-2\" preload=\"none\" style=\"width: 100%;\" controls=\"controls\"><source type=\"audio\/mpeg\" src=\"https:\/\/jegkanogvil.no\/wp-content\/uploads\/2025\/09\/En-god-venn-2.mp3?_=2\" \/><a href=\"https:\/\/jegkanogvil.no\/wp-content\/uploads\/2025\/09\/En-god-venn-2.mp3\">https:\/\/jegkanogvil.no\/wp-content\/uploads\/2025\/09\/En-god-venn-2.mp3<\/a><\/audio>\n<ol start=\"6\">\n<li>Du <strong>tar kontakt<\/strong>.<br \/>\nEn god venn ringer<br \/>\nfor \u00e5 prate litt.<br \/>\nDu kan h\u00f8re hvordan<br \/>\ndet g\u00e5r med vennen.<br \/>\nSp\u00f8r om hva vennen har<br \/>\nv\u00e6rt med p\u00e5 siden sist.<br \/>\nOg du kan fortelle om noe fint<br \/>\nsom har skjedd deg.<\/li>\n<\/ol>\n<figure id=\"attachment_600\" aria-describedby=\"caption-attachment-600\" style=\"width: 400px\" class=\"wp-caption alignnone\"><img loading=\"lazy\" decoding=\"async\" class=\"wp-image-600\" src=\"https:\/\/jegkanogvil.no\/wp-content\/uploads\/2024\/11\/31756-300x200.jpg\" alt=\"To smilende gutter med hendene om hverandres skuldre.\" width=\"400\" height=\"267\" srcset=\"https:\/\/jegkanogvil.no\/wp-content\/uploads\/2024\/11\/31756-300x200.jpg 300w, https:\/\/jegkanogvil.no\/wp-content\/uploads\/2024\/11\/31756-1024x683.jpg 1024w, https:\/\/jegkanogvil.no\/wp-content\/uploads\/2024\/11\/31756-768x512.jpg 768w, https:\/\/jegkanogvil.no\/wp-content\/uploads\/2024\/11\/31756.jpg 1500w\" sizes=\"auto, (max-width: 400px) 100vw, 400px\" \/><figcaption id=\"caption-attachment-600\" class=\"wp-caption-text\">Oliver og Elias er venner. <br \/>De har kjent hverandre i mage \u00e5r.<br \/>De gj\u00f8r hyggelig ting sammen.<br \/>Hva kan slike hyggelige ting v\u00e6re?<\/figcaption><\/figure>\n<ol start=\"7\">\n<li>Du ber vennen om \u00e5\u00a0<strong>bli med<\/strong><br \/>\np\u00e5 en lek eller aktivitet.<br \/>\nDet kan for eksempel v\u00e6re \u00e5:<\/li>\n<\/ol>\n<ul>\n<li>spille TV-spill<\/li>\n<li>hoppe p\u00e5 trampoline<\/li>\n<li>g\u00e5 p\u00e5 kino sammen<br \/>\nmed deg og en voksen<\/li>\n<\/ul>\n<figure id=\"attachment_602\" aria-describedby=\"caption-attachment-602\" style=\"width: 400px\" class=\"wp-caption alignnone\"><img loading=\"lazy\" decoding=\"async\" class=\"wp-image-602\" src=\"https:\/\/jegkanogvil.no\/wp-content\/uploads\/2024\/11\/2147845769-300x200.jpg\" alt=\"Tre jenter ser p\u00e5 en mobiltefon.\" width=\"400\" height=\"267\" srcset=\"https:\/\/jegkanogvil.no\/wp-content\/uploads\/2024\/11\/2147845769-300x200.jpg 300w, https:\/\/jegkanogvil.no\/wp-content\/uploads\/2024\/11\/2147845769-1024x683.jpg 1024w, https:\/\/jegkanogvil.no\/wp-content\/uploads\/2024\/11\/2147845769-768x512.jpg 768w, https:\/\/jegkanogvil.no\/wp-content\/uploads\/2024\/11\/2147845769.jpg 1500w\" sizes=\"auto, (max-width: 400px) 100vw, 400px\" \/><figcaption id=\"caption-attachment-602\" class=\"wp-caption-text\">I midten sitter Milla. <br \/>Hun har to veldig gode venner: Ane og Tuva. <br \/>De ber ofte Milla med p\u00e5 aktviteter. <br \/>De liker \u00e5 g\u00e5 en tur sammen.<br \/>Ute tar de fine bilder<br \/>med mobilene sine.<\/figcaption><\/figure>\n<ol start=\"8\">\n<li><strong>Du hjelper <\/strong>vennen n\u00e5r<br \/>\ndet kan v\u00e6re godt med hjelp.<br \/>\nDet kan for eksempel v\u00e6re \u00e5:<\/li>\n<\/ol>\n<ul>\n<li>b\u00e6re noe sammen<\/li>\n<li>rydde av bordet etter et m\u00e5ltid<\/li>\n<li>\u00e5 h\u00f8re om noe vennen er opptatt av.<br \/>\nKanskje det har skjedd noe<br \/>\nsom vennen er lei seg for.<\/li>\n<\/ul>\n<ol start=\"9\">\n<li><strong>Dere deler og l\u00e5ner<\/strong>.<br \/>\nDere kan dele noe som er godt \u00e5 spise.<br \/>\nEller dere kan l\u00e5ne ting til hverandre.<\/li>\n<li>Dere <strong>velger f\u00f8rst<\/strong> eller<br \/>\n<strong>bestemmer noe<\/strong> etter tur.<br \/>\nDet er <strong>rettferdig<\/strong>.<br \/>\nDet kan for eksempel v\u00e6re:<\/li>\n<\/ol>\n<ul>\n<li>\u00e5 bestemme hva dere skal gj\u00f8re<\/li>\n<li>\u00e5 forsyne seg f\u00f8rst av noe<br \/>\nDu kan si: \u00abDu kan velge f\u00f8rst.\u00bb<br \/>\neller: \u00abN\u00e5 er det din tur.\u00bb<\/li>\n<\/ul>\n<ol start=\"11\">\n<li><strong>Du godtar<\/strong>\u00a0vennen som han eller hun er.<br \/>\nDu lar vennen ha sine egne meninger<br \/>\nog tenke annerledes.<br \/>\nDet heter \u00e5 <strong>akseptere<\/strong> og <strong>respektere<br \/>\n<\/strong>andre.<\/li>\n<li><strong>Du forteller en voksen<\/strong><br \/>\nhvis noe leit skjer med vennen.<br \/>\nDet kan for eksempel v\u00e6re<br \/>\nat du syns noen plager vennen.<\/li>\n<\/ol>\n<p><a href=\"https:\/\/jegkanogvil.no\/?page_id=83\"><img loading=\"lazy\" decoding=\"async\" class=\"alignnone wp-image-2014\" src=\"https:\/\/jegkanogvil.no\/wp-content\/uploads\/2025\/08\/Sosialt-248x300.png\" alt=\"Til: Sosialt\" width=\"124\" height=\"150\" srcset=\"https:\/\/jegkanogvil.no\/wp-content\/uploads\/2025\/08\/Sosialt-248x300.png 248w, https:\/\/jegkanogvil.no\/wp-content\/uploads\/2025\/08\/Sosialt.png 718w\" sizes=\"auto, (max-width: 124px) 100vw, 124px\" \/><\/a> <a href=\"https:\/\/jegkanogvil.no\/?page_id=1001\"><img loading=\"lazy\" decoding=\"async\" class=\"alignnone wp-image-983\" src=\"https:\/\/jegkanogvil.no\/wp-content\/uploads\/2025\/03\/Gode-spillere-248x300.png\" alt=\"Til: Gode spillere\" width=\"124\" height=\"150\" srcset=\"https:\/\/jegkanogvil.no\/wp-content\/uploads\/2025\/03\/Gode-spillere-248x300.png 248w, https:\/\/jegkanogvil.no\/wp-content\/uploads\/2025\/03\/Gode-spillere.png 718w\" sizes=\"auto, (max-width: 124px) 100vw, 124px\" \/><\/a> \u00a0<a href=\"https:\/\/jegkanogvil.no\/?page_id=242\"><img loading=\"lazy\" decoding=\"async\" class=\"alignnone wp-image-985\" src=\"https:\/\/jegkanogvil.no\/wp-content\/uploads\/2025\/03\/Omsorg-248x300.png\" alt=\"Til: Omsorg\" width=\"124\" height=\"150\" srcset=\"https:\/\/jegkanogvil.no\/wp-content\/uploads\/2025\/03\/Omsorg-248x300.png 248w, https:\/\/jegkanogvil.no\/wp-content\/uploads\/2025\/03\/Omsorg.png 718w\" sizes=\"auto, (max-width: 124px) 100vw, 124px\" \/><\/a> <a href=\"https:\/\/jegkanogvil.no\/?page_id=89\"><img loading=\"lazy\" decoding=\"async\" class=\"alignnone wp-image-1777\" src=\"https:\/\/jegkanogvil.no\/wp-content\/uploads\/2025\/07\/AleneOK-248x300.png\" alt=\"Til Okei alene\" width=\"124\" height=\"150\" srcset=\"https:\/\/jegkanogvil.no\/wp-content\/uploads\/2025\/07\/AleneOK-248x300.png 248w, https:\/\/jegkanogvil.no\/wp-content\/uploads\/2025\/07\/AleneOK.png 718w\" sizes=\"auto, (max-width: 124px) 100vw, 124px\" \/><\/a> <a href=\"https:\/\/jegkanogvil.no\/?page_id=2238\"><img loading=\"lazy\" decoding=\"async\" class=\"alignnone wp-image-2236\" src=\"https:\/\/jegkanogvil.no\/wp-content\/uploads\/2025\/09\/Grupper-knapp-248x300.png\" alt=\"Til: Grupper\" width=\"124\" height=\"150\" srcset=\"https:\/\/jegkanogvil.no\/wp-content\/uploads\/2025\/09\/Grupper-knapp-248x300.png 248w, https:\/\/jegkanogvil.no\/wp-content\/uploads\/2025\/09\/Grupper-knapp.png 718w\" sizes=\"auto, (max-width: 124px) 100vw, 124px\" \/><\/a><\/p>\n<p><a href=\"https:\/\/jegkanogvil.no\/\"><img loading=\"lazy\" decoding=\"async\" class=\"alignnone wp-image-766\" src=\"https:\/\/jegkanogvil.no\/wp-content\/uploads\/2025\/03\/Home-knappG-150x150.png\" alt=\"Til: Hjem\" width=\"120\" height=\"120\" srcset=\"https:\/\/jegkanogvil.no\/wp-content\/uploads\/2025\/03\/Home-knappG-150x150.png 150w, https:\/\/jegkanogvil.no\/wp-content\/uploads\/2025\/03\/Home-knappG-300x300.png 300w, https:\/\/jegkanogvil.no\/wp-content\/uploads\/2025\/03\/Home-knappG.png 567w\" sizes=\"auto, (max-width: 120px) 100vw, 120px\" \/><\/a><\/p>\n","protected":false},"excerpt":{"rendered":"<p>\u00c5 v\u00e6re en god venn handler om \u00e5 v\u00e6re et hyggelig menneske. Slik kan du v\u00e6re en god venn Du h\u00f8rer etter\u00a0n\u00e5r den andre forteller deg noe. Du kan gjerne stille sp\u00f8rsm\u00e5l. Det viser at du er interessert i det han eller hun sier. Du snakker sant. Alle liker at andre er \u00e6rlige. Du bak-snakker [&hellip;]<\/p>\n","protected":false},"author":1,"featured_media":0,"parent":0,"menu_order":0,"comment_status":"closed","ping_status":"closed","template":"","meta":{"footnotes":""},"class_list":["post-87","page","type-page","status-publish","hentry"],"_links":{"self":[{"href":"https:\/\/jegkanogvil.no\/index.php?rest_route=\/wp\/v2\/pages\/87","targetHints":{"allow":["GET"]}}],"collection":[{"href":"https:\/\/jegkanogvil.no\/index.php?rest_route=\/wp\/v2\/pages"}],"about":[{"href":"https:\/\/jegkanogvil.no\/index.php?rest_route=\/wp\/v2\/types\/page"}],"author":[{"embeddable":true,"href":"https:\/\/jegkanogvil.no\/index.php?rest_route=\/wp\/v2\/users\/1"}],"replies":[{"embeddable":true,"href":"https:\/\/jegkanogvil.no\/index.php?rest_route=%2Fwp%2Fv2%2Fcomments&post=87"}],"version-history":[{"count":95,"href":"https:\/\/jegkanogvil.no\/index.php?rest_route=\/wp\/v2\/pages\/87\/revisions"}],"predecessor-version":[{"id":2501,"href":"https:\/\/jegkanogvil.no\/index.php?rest_route=\/wp\/v2\/pages\/87\/revisions\/2501"}],"wp:attachment":[{"href":"https:\/\/jegkanogvil.no\/index.php?rest_route=%2Fwp%2Fv2%2Fmedia&parent=87"}],"curies":[{"name":"wp","href":"https:\/\/api.w.org\/{rel}","templated":true}]}}