{"id":750,"date":"2025-03-13T11:48:40","date_gmt":"2025-03-13T09:48:40","guid":{"rendered":"https:\/\/jegkanogvil.no\/?page_id=750"},"modified":"2025-09-22T12:32:26","modified_gmt":"2025-09-22T10:32:26","slug":"hjemme-2","status":"publish","type":"page","link":"https:\/\/jegkanogvil.no\/?page_id=750","title":{"rendered":"Hjemme"},"content":{"rendered":"<audio class=\"wp-audio-shortcode\" id=\"audio-750-1\" preload=\"none\" style=\"width: 100%;\" controls=\"controls\"><source type=\"audio\/mpeg\" src=\"https:\/\/jegkanogvil.no\/wp-content\/uploads\/2025\/09\/Hjemme-1.mp3?_=1\" \/><a href=\"https:\/\/jegkanogvil.no\/wp-content\/uploads\/2025\/09\/Hjemme-1.mp3\">https:\/\/jegkanogvil.no\/wp-content\/uploads\/2025\/09\/Hjemme-1.mp3<\/a><\/audio>\n<p><strong>Hvordan kan du hjelpe til?<\/strong><\/p>\n<h2>Spar str\u00f8m<\/h2>\n<ul>\n<li>Sl\u00e5 av lyset n\u00e5r du g\u00e5r ut av et rom.<\/li>\n<li>Sl\u00e5 av TV-en og datamaskinen<br \/>\nn\u00e5r du ikke bruker dem.<\/li>\n<li>Kanskje du kan \u00e5 ha litt lavere varme<br \/>\np\u00e5 rommet ditt?<\/li>\n<\/ul>\n<h2>Spar p\u00e5 vannet<\/h2>\n<ul>\n<li>Ta korte dusjer.<br \/>\nVask deg godt i dusjen.<br \/>\nMen skru av dusjen<br \/>\nn\u00e5r du er ferdig med vaskingen.<\/li>\n<\/ul>\n<figure id=\"attachment_1344\" aria-describedby=\"caption-attachment-1344\" style=\"width: 400px\" class=\"wp-caption alignnone\"><img loading=\"lazy\" decoding=\"async\" class=\"wp-image-1344\" src=\"https:\/\/jegkanogvil.no\/wp-content\/uploads\/2025\/07\/Vann-300x208.png\" alt=\"Personer som pusser tenner, vasker hender og dusjer.\" width=\"400\" height=\"277\" srcset=\"https:\/\/jegkanogvil.no\/wp-content\/uploads\/2025\/07\/Vann-300x208.png 300w, https:\/\/jegkanogvil.no\/wp-content\/uploads\/2025\/07\/Vann-1024x709.png 1024w, https:\/\/jegkanogvil.no\/wp-content\/uploads\/2025\/07\/Vann-768x532.png 768w, https:\/\/jegkanogvil.no\/wp-content\/uploads\/2025\/07\/Vann.png 1040w\" sizes=\"auto, (max-width: 400px) 100vw, 400px\" \/><figcaption id=\"caption-attachment-1344\" class=\"wp-caption-text\">Spar p\u00e5 vann n\u00e5r du kan. <br \/>Du kan skru av vannet<br \/>n\u00e5r det ikke trenger \u00e5 renne.<br \/>Gj\u00f8r du noe for \u00e5 spare vann?<\/figcaption><\/figure>\n<ul>\n<li>Steng vann-kranen under tannpuss.<br \/>\nBruk vann bare<br \/>\nn\u00e5r du trenger \u00e5 skylle munnen<br \/>\neller tann-b\u00f8rsten.<\/li>\n<li>Vask hendene grundig, men raskt.<br \/>\nBruk bare en passe liten vann-str\u00e5le.<br \/>\nDa bruker du lite vann.<\/li>\n<\/ul>\n<audio class=\"wp-audio-shortcode\" id=\"audio-750-2\" preload=\"none\" style=\"width: 100%;\" controls=\"controls\"><source type=\"audio\/mpeg\" src=\"https:\/\/jegkanogvil.no\/wp-content\/uploads\/2025\/09\/Hjemme-2.mp3?_=2\" \/><a href=\"https:\/\/jegkanogvil.no\/wp-content\/uploads\/2025\/09\/Hjemme-2.mp3\">https:\/\/jegkanogvil.no\/wp-content\/uploads\/2025\/09\/Hjemme-2.mp3<\/a><\/audio>\n<h2><strong>Bruk mindre plast<\/strong><\/h2>\n<p>Bruk din egen vann-flaske og mat-boks.<br \/>\nSpis og drikk minst mulig fra:<\/p>\n<ul>\n<li>engangs-begere og sk\u00e5ler<\/li>\n<li>flasker som du ikke kan pante<\/li>\n<\/ul>\n<p>La v\u00e6re \u00e5 kj\u00f8pe b\u00e6re-poser i plast<br \/>\nn\u00e5r du handler.<br \/>\nN\u00e5r du kan, bruk heller:<\/p>\n<ul>\n<li>handle-nett<\/li>\n<li>papir-poser<\/li>\n<li>t\u00f8y-poser<\/li>\n<\/ul>\n<h2>Kast s\u00f8ppel riktig<\/h2>\n<figure id=\"attachment_1343\" aria-describedby=\"caption-attachment-1343\" style=\"width: 400px\" class=\"wp-caption alignnone\"><img loading=\"lazy\" decoding=\"async\" class=\"wp-image-1343\" src=\"https:\/\/jegkanogvil.no\/wp-content\/uploads\/2025\/07\/Soppel-300x208.png\" alt=\"Plast, glass, metall, papp og matavfall.\" width=\"400\" height=\"277\" srcset=\"https:\/\/jegkanogvil.no\/wp-content\/uploads\/2025\/07\/Soppel-300x208.png 300w, https:\/\/jegkanogvil.no\/wp-content\/uploads\/2025\/07\/Soppel-1024x709.png 1024w, https:\/\/jegkanogvil.no\/wp-content\/uploads\/2025\/07\/Soppel-768x532.png 768w, https:\/\/jegkanogvil.no\/wp-content\/uploads\/2025\/07\/Soppel.png 1040w\" sizes=\"auto, (max-width: 400px) 100vw, 400px\" \/><figcaption id=\"caption-attachment-1343\" class=\"wp-caption-text\">Det er vanlig \u00e5 sortere s\u00f8ppel.<br \/>Da kan det blir brukt p\u00e5 nytt<br \/>og bli nye ting.<br \/>Mat-avfall kan bli driv-stoff til busser.<br \/>Sorterer du avfall hjemme?<\/figcaption><\/figure>\n<audio class=\"wp-audio-shortcode\" id=\"audio-750-3\" preload=\"none\" style=\"width: 100%;\" controls=\"controls\"><source type=\"audio\/mpeg\" src=\"https:\/\/jegkanogvil.no\/wp-content\/uploads\/2025\/09\/Hjemme-3.mp3?_=3\" \/><a href=\"https:\/\/jegkanogvil.no\/wp-content\/uploads\/2025\/09\/Hjemme-3.mp3\">https:\/\/jegkanogvil.no\/wp-content\/uploads\/2025\/09\/Hjemme-3.mp3<\/a><\/audio>\n<p>Sorter s\u00f8ppel.<br \/>\nDa kan s\u00f8ppel bli brukt videre.<br \/>\nNoe kan bli til nye ting.<br \/>\nAnnet kan bli str\u00f8m eller energi<br \/>\nDet kan v\u00e6re varme til hus<br \/>\neller driv-stoff til busser.<\/p>\n<p>Du kan ofte sortere:<\/p>\n<ul>\n<li>plast<\/li>\n<li>papir<\/li>\n<li>glass og metall<\/li>\n<li>mat-avfall<\/li>\n<\/ul>\n<p>Det fins nok en m\u00e5te<br \/>\n\u00e5 sortere s\u00f8ppel ogs\u00e5 <strong>der du bor<\/strong>.<\/p>\n<p>Du kan ogs\u00e5 sortere s\u00f8ppel<br \/>\np\u00e5 mange spise-steder.<\/p>\n<p>Mange steder <strong>ute<\/strong><br \/>\nfins det kasser for inn-samling av:<\/p>\n<ul>\n<li>brukte kl\u00e6r<\/li>\n<li style=\"text-align: left;\">glass og metall<\/li>\n<\/ul>\n<p>Du kan ofte levere inn:<\/p>\n<ul>\n<li>brukte batterier<\/li>\n<li>lysp\u00e6rer som ikke virker<\/li>\n<\/ul>\n<p>i butikker som selger slike varer.<\/p>\n<figure id=\"attachment_1349\" aria-describedby=\"caption-attachment-1349\" style=\"width: 400px\" class=\"wp-caption alignnone\"><img loading=\"lazy\" decoding=\"async\" class=\"wp-image-1349\" src=\"https:\/\/jegkanogvil.no\/wp-content\/uploads\/2025\/07\/Batterier_lyspaerer-300x208.png\" alt=\"Fargerike batterier og lysb\u00e6rer.\" width=\"400\" height=\"277\" srcset=\"https:\/\/jegkanogvil.no\/wp-content\/uploads\/2025\/07\/Batterier_lyspaerer-300x208.png 300w, https:\/\/jegkanogvil.no\/wp-content\/uploads\/2025\/07\/Batterier_lyspaerer-1024x709.png 1024w, https:\/\/jegkanogvil.no\/wp-content\/uploads\/2025\/07\/Batterier_lyspaerer-768x532.png 768w, https:\/\/jegkanogvil.no\/wp-content\/uploads\/2025\/07\/Batterier_lyspaerer.png 1040w\" sizes=\"auto, (max-width: 400px) 100vw, 400px\" \/><figcaption id=\"caption-attachment-1349\" class=\"wp-caption-text\">Det er ikke lov \u00e5 kaste <br \/>brukte batterier og lysp\u00e6rer <br \/>i vanlig s\u00f8ppel.<br \/>I mange butikker fins <br \/>avfalls-bokser for dem.<br \/>Har du sett s\u00e5nne bokser i butikken?<\/figcaption><\/figure>\n<audio class=\"wp-audio-shortcode\" id=\"audio-750-4\" preload=\"none\" style=\"width: 100%;\" controls=\"controls\"><source type=\"audio\/mpeg\" src=\"https:\/\/jegkanogvil.no\/wp-content\/uploads\/2025\/09\/Hjemme-4.mp3?_=4\" \/><a href=\"https:\/\/jegkanogvil.no\/wp-content\/uploads\/2025\/09\/Hjemme-4.mp3\">https:\/\/jegkanogvil.no\/wp-content\/uploads\/2025\/09\/Hjemme-4.mp3<\/a><\/audio>\n<h2>Bruk ting lenge og reparer dem<\/h2>\n<ul>\n<li>F\u00e5 reparert ting som g\u00e5r i stykker<br \/>\nhvis det er mulig.<br \/>\nLa v\u00e6re \u00e5 kaste ting<br \/>\nsom noen kan reparere for deg.<\/li>\n<li>Gi bort kl\u00e6r eller leker<br \/>\ndu ikke lenger bruker.<br \/>\nDa kan andre f\u00e5 glede av dem.<\/li>\n<\/ul>\n<h2>L\u00e6r om naturen<\/h2>\n<p>Les b\u00f8ker eller se videoer om<br \/>\ndyr, planter og milj\u00f8et.<br \/>\nJo mer du vet,<br \/>\njo bedre kan du hjelpe jorden.<\/p>\n<h2>Snakk med venner og familie<\/h2>\n<p>Snakk med andre om<br \/>\nhvorfor det er viktig<br \/>\n\u00e5 ta vare p\u00e5 jorden.<br \/>\nDel med andre gode id\u00e9er<br \/>\nog det du har l\u00e6rt.<\/p>\n<p><a href=\"https:\/\/jegkanogvil.no\/?page_id=743\"><img loading=\"lazy\" decoding=\"async\" class=\"alignnone wp-image-756\" src=\"https:\/\/jegkanogvil.no\/wp-content\/uploads\/2025\/03\/Jorden-var-1.png\" alt=\"Til: Jorden v\u00e5r\" width=\"124\" height=\"150\" srcset=\"https:\/\/jegkanogvil.no\/wp-content\/uploads\/2025\/03\/Jorden-var-1.png 718w, https:\/\/jegkanogvil.no\/wp-content\/uploads\/2025\/03\/Jorden-var-1-248x300.png 248w\" sizes=\"auto, (max-width: 124px) 100vw, 124px\" \/><\/a> <a href=\"https:\/\/jegkanogvil.no\/?page_id=747\"><img loading=\"lazy\" decoding=\"async\" class=\"alignnone wp-image-742\" src=\"https:\/\/jegkanogvil.no\/wp-content\/uploads\/2025\/03\/Ute-1.png\" alt=\"Til: Ute.\" width=\"124\" height=\"150\" srcset=\"https:\/\/jegkanogvil.no\/wp-content\/uploads\/2025\/03\/Ute-1.png 718w, https:\/\/jegkanogvil.no\/wp-content\/uploads\/2025\/03\/Ute-1-248x300.png 248w\" sizes=\"auto, (max-width: 124px) 100vw, 124px\" \/><\/a> <a href=\"https:\/\/jegkanogvil.no\/?page_id=1369\"><img loading=\"lazy\" decoding=\"async\" class=\"alignnone wp-image-1367\" src=\"https:\/\/jegkanogvil.no\/wp-content\/uploads\/2025\/07\/ABC-knapp-248x300.png\" alt=\"Til: Ord forklart\" width=\"124\" height=\"150\" srcset=\"https:\/\/jegkanogvil.no\/wp-content\/uploads\/2025\/07\/ABC-knapp-248x300.png 248w, https:\/\/jegkanogvil.no\/wp-content\/uploads\/2025\/07\/ABC-knapp.png 718w\" sizes=\"auto, (max-width: 124px) 100vw, 124px\" \/><\/a><\/p>\n<p><a href=\"https:\/\/jegkanogvil.no\/\"><img loading=\"lazy\" decoding=\"async\" class=\"alignnone wp-image-766\" src=\"https:\/\/jegkanogvil.no\/wp-content\/uploads\/2025\/03\/Home-knappG-150x150.png\" alt=\"Til: Hjem\" width=\"120\" height=\"120\" srcset=\"https:\/\/jegkanogvil.no\/wp-content\/uploads\/2025\/03\/Home-knappG-150x150.png 150w, https:\/\/jegkanogvil.no\/wp-content\/uploads\/2025\/03\/Home-knappG-300x300.png 300w, https:\/\/jegkanogvil.no\/wp-content\/uploads\/2025\/03\/Home-knappG.png 567w\" sizes=\"auto, (max-width: 120px) 100vw, 120px\" \/><\/a><\/p>\n","protected":false},"excerpt":{"rendered":"<p>Hvordan kan du hjelpe til? Spar str\u00f8m Sl\u00e5 av lyset n\u00e5r du g\u00e5r ut av et rom. Sl\u00e5 av TV-en og datamaskinen n\u00e5r du ikke bruker dem. Kanskje du kan \u00e5 ha litt lavere varme p\u00e5 rommet ditt? Spar p\u00e5 vannet Ta korte dusjer. Vask deg godt i dusjen. Men skru av dusjen n\u00e5r du [&hellip;]<\/p>\n","protected":false},"author":1,"featured_media":0,"parent":0,"menu_order":0,"comment_status":"closed","ping_status":"closed","template":"","meta":{"footnotes":""},"class_list":["post-750","page","type-page","status-publish","hentry"],"_links":{"self":[{"href":"https:\/\/jegkanogvil.no\/index.php?rest_route=\/wp\/v2\/pages\/750","targetHints":{"allow":["GET"]}}],"collection":[{"href":"https:\/\/jegkanogvil.no\/index.php?rest_route=\/wp\/v2\/pages"}],"about":[{"href":"https:\/\/jegkanogvil.no\/index.php?rest_route=\/wp\/v2\/types\/page"}],"author":[{"embeddable":true,"href":"https:\/\/jegkanogvil.no\/index.php?rest_route=\/wp\/v2\/users\/1"}],"replies":[{"embeddable":true,"href":"https:\/\/jegkanogvil.no\/index.php?rest_route=%2Fwp%2Fv2%2Fcomments&post=750"}],"version-history":[{"count":33,"href":"https:\/\/jegkanogvil.no\/index.php?rest_route=\/wp\/v2\/pages\/750\/revisions"}],"predecessor-version":[{"id":2164,"href":"https:\/\/jegkanogvil.no\/index.php?rest_route=\/wp\/v2\/pages\/750\/revisions\/2164"}],"wp:attachment":[{"href":"https:\/\/jegkanogvil.no\/index.php?rest_route=%2Fwp%2Fv2%2Fmedia&parent=750"}],"curies":[{"name":"wp","href":"https:\/\/api.w.org\/{rel}","templated":true}]}}