{"id":747,"date":"2025-03-13T11:47:27","date_gmt":"2025-03-13T09:47:27","guid":{"rendered":"https:\/\/jegkanogvil.no\/?page_id=747"},"modified":"2025-09-22T12:37:31","modified_gmt":"2025-09-22T10:37:31","slug":"ute-2","status":"publish","type":"page","link":"https:\/\/jegkanogvil.no\/?page_id=747","title":{"rendered":"Ute"},"content":{"rendered":"<audio class=\"wp-audio-shortcode\" id=\"audio-747-1\" preload=\"none\" style=\"width: 100%;\" controls=\"controls\"><source type=\"audio\/mpeg\" src=\"https:\/\/jegkanogvil.no\/wp-content\/uploads\/2025\/09\/Ute-1.mp3?_=1\" \/><a href=\"https:\/\/jegkanogvil.no\/wp-content\/uploads\/2025\/09\/Ute-1.mp3\">https:\/\/jegkanogvil.no\/wp-content\/uploads\/2025\/09\/Ute-1.mp3<\/a><\/audio>\n<p><strong>Hvordan kan du hjelpe til?<\/strong><\/p>\n<h2>G\u00e5 eller sykle<\/h2>\n<p>I stedet for \u00e5 bli kj\u00f8rt med bil,<br \/>\npr\u00f8v \u00e5:<\/p>\n<ul>\n<li>g\u00e5<\/li>\n<li>sykle<\/li>\n<li>ta buss, trikk eller t-bane<br \/>\n(hvis det g\u00e5r an)<\/li>\n<\/ul>\n<figure id=\"attachment_1339\" aria-describedby=\"caption-attachment-1339\" style=\"width: 400px\" class=\"wp-caption alignnone\"><img loading=\"lazy\" decoding=\"async\" class=\"wp-image-1339\" src=\"https:\/\/jegkanogvil.no\/wp-content\/uploads\/2025\/07\/Ga-300x208.png\" alt=\"To jenter p\u00e5 skoleveien h\u00e5nd i h\u00e5nd.\" width=\"400\" height=\"277\" srcset=\"https:\/\/jegkanogvil.no\/wp-content\/uploads\/2025\/07\/Ga-300x208.png 300w, https:\/\/jegkanogvil.no\/wp-content\/uploads\/2025\/07\/Ga-1024x709.png 1024w, https:\/\/jegkanogvil.no\/wp-content\/uploads\/2025\/07\/Ga-768x532.png 768w, https:\/\/jegkanogvil.no\/wp-content\/uploads\/2025\/07\/Ga.png 1040w\" sizes=\"auto, (max-width: 400px) 100vw, 400px\" \/><figcaption id=\"caption-attachment-1339\" class=\"wp-caption-text\">Disse jentene g\u00e5r til og fra skolen.<br \/>De passer p\u00e5 hverandre i trafikken.<br \/>Husker du \u00e5 v\u00e6re forsiktig i trafikken?<\/figcaption><\/figure>\n<p>Da blir det mindre forurensing.<br \/>\nBensin- og diesel-biler forurenser.<br \/>\nEl-biler trenger energi<br \/>\ni form av str\u00f8m.<\/p>\n<figure id=\"attachment_1359\" aria-describedby=\"caption-attachment-1359\" style=\"width: 400px\" class=\"wp-caption alignnone\"><img loading=\"lazy\" decoding=\"async\" class=\"wp-image-1359\" src=\"https:\/\/jegkanogvil.no\/wp-content\/uploads\/2025\/07\/Elbil-300x208.png\" alt=\"Elbil lader batteriene.\" width=\"400\" height=\"277\" srcset=\"https:\/\/jegkanogvil.no\/wp-content\/uploads\/2025\/07\/Elbil-300x208.png 300w, https:\/\/jegkanogvil.no\/wp-content\/uploads\/2025\/07\/Elbil-1024x709.png 1024w, https:\/\/jegkanogvil.no\/wp-content\/uploads\/2025\/07\/Elbil-768x532.png 768w, https:\/\/jegkanogvil.no\/wp-content\/uploads\/2025\/07\/Elbil.png 1040w\" sizes=\"auto, (max-width: 400px) 100vw, 400px\" \/><figcaption id=\"caption-attachment-1359\" class=\"wp-caption-text\">El-biler g\u00e5r p\u00e5 str\u00f8m.<br \/>Her lader el-bilen batteriene.<br \/>Hvorfor er e-biler bra for milj\u00f8et?<\/figcaption><\/figure>\n<audio class=\"wp-audio-shortcode\" id=\"audio-747-2\" preload=\"none\" style=\"width: 100%;\" controls=\"controls\"><source type=\"audio\/mpeg\" src=\"https:\/\/jegkanogvil.no\/wp-content\/uploads\/2025\/09\/Ute-2.mp3?_=2\" \/><a href=\"https:\/\/jegkanogvil.no\/wp-content\/uploads\/2025\/09\/Ute-2.mp3\">https:\/\/jegkanogvil.no\/wp-content\/uploads\/2025\/09\/Ute-2.mp3<\/a><\/audio>\n<h2>Jobb mot fors\u00f8pling<\/h2>\n<p>N\u00e5r du er ute,<br \/>\nkast s\u00f8ppel b<strong>are i s\u00f8ppel-kasser<\/strong>.<br \/>\nEller ta s\u00f8ppelet med deg hjem.<br \/>\nKast det der.<\/p>\n<p>Du kan plukke opp s\u00f8ppel ute<br \/>\n<strong>selv om<\/strong> det ikke er ditt.<\/p>\n<h2>Delta i milj\u00f8-prosjekter<\/h2>\n<p>V\u00e6r med p\u00e5 dugnader<br \/>\nfor \u00e5 bedre milj\u00f8et.<br \/>\nDet kan for eksempel v\u00e6re for \u00e5:<\/p>\n<ul>\n<li>rydde stranden<\/li>\n<li>samle inn s\u00f8ppel andre steder<\/li>\n<li>plante tr\u00e6r<\/li>\n<\/ul>\n<figure id=\"attachment_1338\" aria-describedby=\"caption-attachment-1338\" style=\"width: 400px\" class=\"wp-caption alignnone\"><img loading=\"lazy\" decoding=\"async\" class=\"wp-image-1338\" src=\"https:\/\/jegkanogvil.no\/wp-content\/uploads\/2025\/07\/Dugnad-300x208.png\" alt=\"Barn p\u00e5 ryddedugnad p\u00e5 stranden og i parken.\" width=\"400\" height=\"277\" srcset=\"https:\/\/jegkanogvil.no\/wp-content\/uploads\/2025\/07\/Dugnad-300x208.png 300w, https:\/\/jegkanogvil.no\/wp-content\/uploads\/2025\/07\/Dugnad-1024x709.png 1024w, https:\/\/jegkanogvil.no\/wp-content\/uploads\/2025\/07\/Dugnad-768x532.png 768w, https:\/\/jegkanogvil.no\/wp-content\/uploads\/2025\/07\/Dugnad.png 1040w\" sizes=\"auto, (max-width: 400px) 100vw, 400px\" \/><figcaption id=\"caption-attachment-1338\" class=\"wp-caption-text\">Barna deltar i milj\u00f8-dugnaden. <br \/>De rydder p\u00e5 stranden og i parken.<br \/>Har du v\u00e6rt med p\u00e5 en milj\u00f8-dugnad?<\/figcaption><\/figure>\n<audio class=\"wp-audio-shortcode\" id=\"audio-747-3\" preload=\"none\" style=\"width: 100%;\" controls=\"controls\"><source type=\"audio\/mpeg\" src=\"https:\/\/jegkanogvil.no\/wp-content\/uploads\/2025\/09\/Ute-3.mp3?_=3\" \/><a href=\"https:\/\/jegkanogvil.no\/wp-content\/uploads\/2025\/09\/Ute-3.mp3\">https:\/\/jegkanogvil.no\/wp-content\/uploads\/2025\/09\/Ute-3.mp3<\/a><\/audio>\n<h2>Hjelp insekter og planter<\/h2>\n<ul>\n<li>Be om hjelp for \u00e5 lage<br \/>\neller kj\u00f8pe et insekt-hotell.<\/li>\n<li>Plant blomster, busker eller tr\u00e6r.<br \/>\nBlomstene p\u00e5 disse plantene<br \/>\ner viktige for insektene.<\/li>\n<\/ul>\n<figure id=\"attachment_1342\" aria-describedby=\"caption-attachment-1342\" style=\"width: 400px\" class=\"wp-caption alignnone\"><img loading=\"lazy\" decoding=\"async\" class=\"wp-image-1342\" src=\"https:\/\/jegkanogvil.no\/wp-content\/uploads\/2025\/07\/Planter-300x208.png\" alt=\"Jente som planter vekster i krukker.\" width=\"400\" height=\"277\" srcset=\"https:\/\/jegkanogvil.no\/wp-content\/uploads\/2025\/07\/Planter-300x208.png 300w, https:\/\/jegkanogvil.no\/wp-content\/uploads\/2025\/07\/Planter-1024x709.png 1024w, https:\/\/jegkanogvil.no\/wp-content\/uploads\/2025\/07\/Planter-768x532.png 768w, https:\/\/jegkanogvil.no\/wp-content\/uploads\/2025\/07\/Planter.png 1040w\" sizes=\"auto, (max-width: 400px) 100vw, 400px\" \/><figcaption id=\"caption-attachment-1342\" class=\"wp-caption-text\">Hun planter blomster<br \/>som humler og bier kan like.<br \/>Liker du \u00e5 stelle med planter?<\/figcaption><\/figure>\n<p>Insektene er viktige for<br \/>\nmye av det som skjer<br \/>\nute i naturen.<\/p>\n<figure id=\"attachment_1340\" aria-describedby=\"caption-attachment-1340\" style=\"width: 400px\" class=\"wp-caption alignnone\"><img loading=\"lazy\" decoding=\"async\" class=\"wp-image-1340\" style=\"text-align: center;\" src=\"https:\/\/jegkanogvil.no\/wp-content\/uploads\/2025\/07\/Insekthotell-300x208.png\" alt=\"Insekthotell med mange avdelinger.\" width=\"400\" height=\"277\" srcset=\"https:\/\/jegkanogvil.no\/wp-content\/uploads\/2025\/07\/Insekthotell-300x208.png 300w, https:\/\/jegkanogvil.no\/wp-content\/uploads\/2025\/07\/Insekthotell-1024x709.png 1024w, https:\/\/jegkanogvil.no\/wp-content\/uploads\/2025\/07\/Insekthotell-768x532.png 768w, https:\/\/jegkanogvil.no\/wp-content\/uploads\/2025\/07\/Insekthotell.png 1040w\" sizes=\"auto, (max-width: 400px) 100vw, 400px\" \/><figcaption id=\"caption-attachment-1340\" class=\"wp-caption-text\">Insekt-hotell der insekter kan bo <br \/>n\u00e5r vinteren kommer. <br \/>Har du sett insekt-hoteller noe sted?<\/figcaption><\/figure>\n<p>Insekter kan bo p\u00e5 insekt-hotell<br \/>\nn\u00e5r vinteren kommer.<br \/>\nBlomster, busker og tr\u00e6r<br \/>\ner med p\u00e5 \u00e5 rense lufta.<\/p>\n<p><a href=\"https:\/\/jegkanogvil.no\/?page_id=743\"><img loading=\"lazy\" decoding=\"async\" class=\"alignnone wp-image-756\" src=\"https:\/\/jegkanogvil.no\/wp-content\/uploads\/2025\/03\/Jorden-var-1.png\" alt=\"Til: Jorden v\u00e5r\" width=\"124\" height=\"150\" srcset=\"https:\/\/jegkanogvil.no\/wp-content\/uploads\/2025\/03\/Jorden-var-1.png 718w, https:\/\/jegkanogvil.no\/wp-content\/uploads\/2025\/03\/Jorden-var-1-248x300.png 248w\" sizes=\"auto, (max-width: 124px) 100vw, 124px\" \/><\/a> <a href=\"https:\/\/jegkanogvil.no\/?page_id=750\"><img loading=\"lazy\" decoding=\"async\" class=\"alignnone wp-image-740\" src=\"https:\/\/jegkanogvil.no\/wp-content\/uploads\/2025\/03\/Hjemme-1-248x300.png\" alt=\"Til: Hjemme.\" width=\"124\" height=\"150\" srcset=\"https:\/\/jegkanogvil.no\/wp-content\/uploads\/2025\/03\/Hjemme-1-248x300.png 248w, https:\/\/jegkanogvil.no\/wp-content\/uploads\/2025\/03\/Hjemme-1.png 718w\" sizes=\"auto, (max-width: 124px) 100vw, 124px\" \/><\/a> <a href=\"https:\/\/jegkanogvil.no\/?page_id=1369\"><img loading=\"lazy\" decoding=\"async\" class=\"alignnone wp-image-1367\" src=\"https:\/\/jegkanogvil.no\/wp-content\/uploads\/2025\/07\/ABC-knapp-248x300.png\" alt=\"Til: Ord forklart\" width=\"124\" height=\"150\" srcset=\"https:\/\/jegkanogvil.no\/wp-content\/uploads\/2025\/07\/ABC-knapp-248x300.png 248w, https:\/\/jegkanogvil.no\/wp-content\/uploads\/2025\/07\/ABC-knapp.png 718w\" sizes=\"auto, (max-width: 124px) 100vw, 124px\" \/><\/a><\/p>\n<p><a href=\"https:\/\/jegkanogvil.no\/\"><img loading=\"lazy\" decoding=\"async\" class=\"alignnone wp-image-766\" src=\"https:\/\/jegkanogvil.no\/wp-content\/uploads\/2025\/03\/Home-knappG-150x150.png\" alt=\"Til: Hjem\" width=\"120\" height=\"120\" srcset=\"https:\/\/jegkanogvil.no\/wp-content\/uploads\/2025\/03\/Home-knappG-150x150.png 150w, https:\/\/jegkanogvil.no\/wp-content\/uploads\/2025\/03\/Home-knappG-300x300.png 300w, https:\/\/jegkanogvil.no\/wp-content\/uploads\/2025\/03\/Home-knappG.png 567w\" sizes=\"auto, (max-width: 120px) 100vw, 120px\" \/><\/a><\/p>\n","protected":false},"excerpt":{"rendered":"<p>Hvordan kan du hjelpe til? G\u00e5 eller sykle I stedet for \u00e5 bli kj\u00f8rt med bil, pr\u00f8v \u00e5: g\u00e5 sykle ta buss, trikk eller t-bane (hvis det g\u00e5r an) Da blir det mindre forurensing. Bensin- og diesel-biler forurenser. El-biler trenger energi i form av str\u00f8m. Jobb mot fors\u00f8pling N\u00e5r du er ute, kast s\u00f8ppel bare [&hellip;]<\/p>\n","protected":false},"author":1,"featured_media":0,"parent":0,"menu_order":0,"comment_status":"closed","ping_status":"closed","template":"","meta":{"footnotes":""},"class_list":["post-747","page","type-page","status-publish","hentry"],"_links":{"self":[{"href":"https:\/\/jegkanogvil.no\/index.php?rest_route=\/wp\/v2\/pages\/747","targetHints":{"allow":["GET"]}}],"collection":[{"href":"https:\/\/jegkanogvil.no\/index.php?rest_route=\/wp\/v2\/pages"}],"about":[{"href":"https:\/\/jegkanogvil.no\/index.php?rest_route=\/wp\/v2\/types\/page"}],"author":[{"embeddable":true,"href":"https:\/\/jegkanogvil.no\/index.php?rest_route=\/wp\/v2\/users\/1"}],"replies":[{"embeddable":true,"href":"https:\/\/jegkanogvil.no\/index.php?rest_route=%2Fwp%2Fv2%2Fcomments&post=747"}],"version-history":[{"count":26,"href":"https:\/\/jegkanogvil.no\/index.php?rest_route=\/wp\/v2\/pages\/747\/revisions"}],"predecessor-version":[{"id":2166,"href":"https:\/\/jegkanogvil.no\/index.php?rest_route=\/wp\/v2\/pages\/747\/revisions\/2166"}],"wp:attachment":[{"href":"https:\/\/jegkanogvil.no\/index.php?rest_route=%2Fwp%2Fv2%2Fmedia&parent=747"}],"curies":[{"name":"wp","href":"https:\/\/api.w.org\/{rel}","templated":true}]}}