{"id":743,"date":"2025-03-13T11:42:43","date_gmt":"2025-03-13T09:42:43","guid":{"rendered":"https:\/\/jegkanogvil.no\/?page_id=743"},"modified":"2025-09-22T12:23:14","modified_gmt":"2025-09-22T10:23:14","slug":"jorden-var","status":"publish","type":"page","link":"https:\/\/jegkanogvil.no\/?page_id=743","title":{"rendered":"Jorden v\u00e5r"},"content":{"rendered":"<audio class=\"wp-audio-shortcode\" id=\"audio-743-1\" preload=\"none\" style=\"width: 100%;\" controls=\"controls\"><source type=\"audio\/mpeg\" src=\"https:\/\/jegkanogvil.no\/wp-content\/uploads\/2025\/09\/Jorden-va\u030ar-1.mp3?_=1\" \/><a href=\"https:\/\/jegkanogvil.no\/wp-content\/uploads\/2025\/09\/Jorden-va\u030ar-1.mp3\">https:\/\/jegkanogvil.no\/wp-content\/uploads\/2025\/09\/Jorden-va\u030ar-1.mp3<\/a><\/audio>\n<h2>V\u00e5r planet jorden<\/h2>\n<figure id=\"attachment_1341\" aria-describedby=\"caption-attachment-1341\" style=\"width: 400px\" class=\"wp-caption alignnone\"><img loading=\"lazy\" decoding=\"async\" class=\"wp-image-1341\" src=\"https:\/\/jegkanogvil.no\/wp-content\/uploads\/2025\/07\/Jorden-300x208.png\" alt=\"Jorden sett fra verdensrommet.\" width=\"400\" height=\"277\" srcset=\"https:\/\/jegkanogvil.no\/wp-content\/uploads\/2025\/07\/Jorden-300x208.png 300w, https:\/\/jegkanogvil.no\/wp-content\/uploads\/2025\/07\/Jorden-1024x709.png 1024w, https:\/\/jegkanogvil.no\/wp-content\/uploads\/2025\/07\/Jorden-768x532.png 768w, https:\/\/jegkanogvil.no\/wp-content\/uploads\/2025\/07\/Jorden.png 1040w\" sizes=\"auto, (max-width: 400px) 100vw, 400px\" \/><figcaption id=\"caption-attachment-1341\" class=\"wp-caption-text\">Jord-kloden er planeten v\u00e5r. <br \/>Vi m\u00e5 ta godt vare p\u00e5 den.<\/figcaption><\/figure>\n<p>Jord-kloden er menneskenes planet.<br \/>\nVi deler den med dyr og planter.<\/p>\n<p>Hvis vi ikke tar vare p\u00e5 jorden,<br \/>\nkan den bli <strong>\u00f8delagt<\/strong>.<br \/>\nI verste fall blir det<br \/>\numulig for mennesker \u00e5 bo her.<\/p>\n<h2>Framtiden v\u00e5r<\/h2>\n<p>Vi m\u00e5 passe p\u00e5 jorden <strong>n\u00e5<\/strong>.<br \/>\nEllers kan vi i framtiden mangle:<\/p>\n<ul>\n<li>rent vann<\/li>\n<li>frisk luft<\/li>\n<li>nok mat<\/li>\n<\/ul>\n<figure id=\"attachment_2139\" aria-describedby=\"caption-attachment-2139\" style=\"width: 400px\" class=\"wp-caption alignnone\"><img loading=\"lazy\" decoding=\"async\" class=\"wp-image-2139\" src=\"https:\/\/jegkanogvil.no\/wp-content\/uploads\/2025\/08\/Rene-300x208.png\" alt=\"Vann, vind og gr\u00f8nnsaker.\" width=\"400\" height=\"277\" srcset=\"https:\/\/jegkanogvil.no\/wp-content\/uploads\/2025\/08\/Rene-300x208.png 300w, https:\/\/jegkanogvil.no\/wp-content\/uploads\/2025\/08\/Rene-1024x709.png 1024w, https:\/\/jegkanogvil.no\/wp-content\/uploads\/2025\/08\/Rene-768x532.png 768w, https:\/\/jegkanogvil.no\/wp-content\/uploads\/2025\/08\/Rene.png 1040w\" sizes=\"auto, (max-width: 400px) 100vw, 400px\" \/><figcaption id=\"caption-attachment-2139\" class=\"wp-caption-text\">Hva trenger b\u00e5de mennesker og dyr?<\/figcaption><\/figure>\n<audio class=\"wp-audio-shortcode\" id=\"audio-743-2\" preload=\"none\" style=\"width: 100%;\" controls=\"controls\"><source type=\"audio\/mpeg\" src=\"https:\/\/jegkanogvil.no\/wp-content\/uploads\/2025\/09\/Jorden-va\u030ar-2.mp3?_=2\" \/><a href=\"https:\/\/jegkanogvil.no\/wp-content\/uploads\/2025\/09\/Jorden-va\u030ar-2.mp3\">https:\/\/jegkanogvil.no\/wp-content\/uploads\/2025\/09\/Jorden-va\u030ar-2.mp3<\/a><\/audio>\n<h2>Dyr og planter<\/h2>\n<p>Mennesker, dyr og planter trenger<br \/>\nen ren og sunn planet.<\/p>\n<p>Hvis vi \u00f8delegger jorden,<br \/>\nkan mange dyr og planter d\u00f8 ut.<br \/>\nDet vil si at slike planter og dyr<br \/>\nikke fins lenger i det hele tatt.<\/p>\n<p>Vil du ta vare p\u00e5 jorden?<br \/>\nTrykk p\u00e5 en knapp under for \u00e5 l\u00e6re<br \/>\nhva <strong>du kan gj\u00f8re<\/strong> hjemme og ute.<\/p>\n<p><a href=\"https:\/\/jegkanogvil.no\/?page_id=750\"><img loading=\"lazy\" decoding=\"async\" class=\"alignnone wp-image-740\" src=\"https:\/\/jegkanogvil.no\/wp-content\/uploads\/2025\/03\/Hjemme-1-248x300.png\" alt=\"Til: Hjemme.\" width=\"124\" height=\"150\" srcset=\"https:\/\/jegkanogvil.no\/wp-content\/uploads\/2025\/03\/Hjemme-1-248x300.png 248w, https:\/\/jegkanogvil.no\/wp-content\/uploads\/2025\/03\/Hjemme-1.png 718w\" sizes=\"auto, (max-width: 124px) 100vw, 124px\" \/><\/a> \u00a0<a href=\"https:\/\/jegkanogvil.no\/?page_id=747\"><img loading=\"lazy\" decoding=\"async\" class=\"alignnone wp-image-742\" src=\"https:\/\/jegkanogvil.no\/wp-content\/uploads\/2025\/03\/Ute-1.png\" alt=\"Til: Ute.\" width=\"124\" height=\"150\" srcset=\"https:\/\/jegkanogvil.no\/wp-content\/uploads\/2025\/03\/Ute-1.png 718w, https:\/\/jegkanogvil.no\/wp-content\/uploads\/2025\/03\/Ute-1-248x300.png 248w\" sizes=\"auto, (max-width: 124px) 100vw, 124px\" \/><\/a> <a href=\"https:\/\/jegkanogvil.no\/?page_id=1369\"><img loading=\"lazy\" decoding=\"async\" class=\"alignnone wp-image-1367\" src=\"https:\/\/jegkanogvil.no\/wp-content\/uploads\/2025\/07\/ABC-knapp-248x300.png\" alt=\"Til: Ord forklart\" width=\"124\" height=\"150\" srcset=\"https:\/\/jegkanogvil.no\/wp-content\/uploads\/2025\/07\/ABC-knapp-248x300.png 248w, https:\/\/jegkanogvil.no\/wp-content\/uploads\/2025\/07\/ABC-knapp.png 718w\" sizes=\"auto, (max-width: 124px) 100vw, 124px\" \/><\/a><\/p>\n<p><a href=\"https:\/\/jegkanogvil.no\/\"><img loading=\"lazy\" decoding=\"async\" class=\"alignnone wp-image-766\" src=\"https:\/\/jegkanogvil.no\/wp-content\/uploads\/2025\/03\/Home-knappG-150x150.png\" alt=\"Til: Hjem\" width=\"120\" height=\"120\" srcset=\"https:\/\/jegkanogvil.no\/wp-content\/uploads\/2025\/03\/Home-knappG-150x150.png 150w, https:\/\/jegkanogvil.no\/wp-content\/uploads\/2025\/03\/Home-knappG-300x300.png 300w, https:\/\/jegkanogvil.no\/wp-content\/uploads\/2025\/03\/Home-knappG.png 567w\" sizes=\"auto, (max-width: 120px) 100vw, 120px\" \/><\/a><\/p>\n","protected":false},"excerpt":{"rendered":"<p>V\u00e5r planet jorden Jord-kloden er menneskenes planet. Vi deler den med dyr og planter. Hvis vi ikke tar vare p\u00e5 jorden, kan den bli \u00f8delagt. I verste fall blir det umulig for mennesker \u00e5 bo her. Framtiden v\u00e5r Vi m\u00e5 passe p\u00e5 jorden n\u00e5. Ellers kan vi i framtiden mangle: rent vann frisk luft nok [&hellip;]<\/p>\n","protected":false},"author":1,"featured_media":0,"parent":0,"menu_order":0,"comment_status":"closed","ping_status":"closed","template":"","meta":{"footnotes":""},"class_list":["post-743","page","type-page","status-publish","hentry"],"_links":{"self":[{"href":"https:\/\/jegkanogvil.no\/index.php?rest_route=\/wp\/v2\/pages\/743","targetHints":{"allow":["GET"]}}],"collection":[{"href":"https:\/\/jegkanogvil.no\/index.php?rest_route=\/wp\/v2\/pages"}],"about":[{"href":"https:\/\/jegkanogvil.no\/index.php?rest_route=\/wp\/v2\/types\/page"}],"author":[{"embeddable":true,"href":"https:\/\/jegkanogvil.no\/index.php?rest_route=\/wp\/v2\/users\/1"}],"replies":[{"embeddable":true,"href":"https:\/\/jegkanogvil.no\/index.php?rest_route=%2Fwp%2Fv2%2Fcomments&post=743"}],"version-history":[{"count":33,"href":"https:\/\/jegkanogvil.no\/index.php?rest_route=\/wp\/v2\/pages\/743\/revisions"}],"predecessor-version":[{"id":2138,"href":"https:\/\/jegkanogvil.no\/index.php?rest_route=\/wp\/v2\/pages\/743\/revisions\/2138"}],"wp:attachment":[{"href":"https:\/\/jegkanogvil.no\/index.php?rest_route=%2Fwp%2Fv2%2Fmedia&parent=743"}],"curies":[{"name":"wp","href":"https:\/\/api.w.org\/{rel}","templated":true}]}}