{"id":74,"date":"2024-10-29T11:06:51","date_gmt":"2024-10-29T09:06:51","guid":{"rendered":"https:\/\/jegkanogvil.no\/?page_id=74"},"modified":"2025-09-25T09:39:35","modified_gmt":"2025-09-25T07:39:35","slug":"pubertet-2","status":"publish","type":"page","link":"https:\/\/jegkanogvil.no\/?page_id=74","title":{"rendered":"Pubertet"},"content":{"rendered":"<audio class=\"wp-audio-shortcode\" id=\"audio-74-1\" preload=\"none\" style=\"width: 100%;\" controls=\"controls\"><source type=\"audio\/mpeg\" src=\"https:\/\/jegkanogvil.no\/wp-content\/uploads\/2025\/09\/pubertet-1.mp3?_=1\" \/><a href=\"https:\/\/jegkanogvil.no\/wp-content\/uploads\/2025\/09\/pubertet-1.mp3\">https:\/\/jegkanogvil.no\/wp-content\/uploads\/2025\/09\/pubertet-1.mp3<\/a><\/audio>\n<p>I puberteten begynner kroppen til et barn<br \/>\n\u00e5 bli kroppen til en\u00a0<strong>voksen<\/strong>.<br \/>\nDet gjelder\u00a0<strong>b\u00e5de gutter og jenter<\/strong>.<br \/>\nPubertet er\u00a0<strong>normalt<\/strong>.<\/p>\n<p>B\u00e5de gutter og jenter kommer vanligvis<br \/>\ni pubertet n\u00e5r de er<br \/>\n<strong>mellom 9 og 15<\/strong>\u00a0\u00e5r gamle.<\/p>\n<p><strong>\u00c5pne og lukk boksene under med + og &#8211;<\/strong><\/p>\n<div  class=\"lgc-column lgc-grid-parent lgc-grid-50 lgc-tablet-grid-50 lgc-mobile-grid-100 lgc-equal-heights \"><div  class=\"inside-grid-column\">\n<p><style>#sp-ea-2048 .spcollapsing { height: 0; overflow: hidden; transition-property: height;transition-duration: 300ms;}#sp-ea-2048.sp-easy-accordion>.sp-ea-single {margin-bottom: 10px; border: 4px solid #00b050; }#sp-ea-2048.sp-easy-accordion>.sp-ea-single>.ea-header a {color: #ff66ff;}#sp-ea-2048.sp-easy-accordion>.sp-ea-single>.sp-collapse>.ea-body {background: #fff; color: #444;}#sp-ea-2048.sp-easy-accordion>.sp-ea-single {background: #eee;}#sp-ea-2048.sp-easy-accordion>.sp-ea-single>.ea-header a .ea-expand-icon { float: left; color: #444;font-size: 16px;}<\/style><div id=\"sp_easy_accordion-1754896074\">\n<div id=\"sp-ea-2048\" class=\"sp-ea-one sp-easy-accordion\" data-ea-active=\"ea-click\" data-ea-mode=\"vertical\" data-preloader=\"\" data-scroll-active-item=\"\" data-offset-to-scroll=\"0\">\n\n<!-- Start accordion card div. -->\n<div class=\"ea-card ea-expand sp-ea-single\">\n\t<!-- Start accordion header. -->\n\t<h3 class=\"ea-header\">\n\t\t<!-- Add anchor tag for header. -->\n\t\t<a class=\"collapsed\" id=\"ea-header-20480\" role=\"button\" data-sptoggle=\"spcollapse\" data-sptarget=\"#collapse20480\" aria-controls=\"collapse20480\" href=\"#\"  aria-expanded=\"true\" tabindex=\"0\">\n\t\t<i aria-hidden=\"true\" role=\"presentation\" class=\"ea-expand-icon eap-icon-ea-expand-minus\"><\/i> B\u00e5de gutter og jenter i pubertet\t\t<\/a> <!-- Close anchor tag for header. -->\n\t<\/h3>\t<!-- Close header tag. -->\n\t<!-- Start collapsible content div. -->\n\t<div class=\"sp-collapse spcollapse collapsed show\" id=\"collapse20480\" data-parent=\"#sp-ea-2048\" role=\"region\" aria-labelledby=\"ea-header-20480\">  <!-- Content div. -->\n\t\t<div class=\"ea-body\">\n\t\t<audio class=\"wp-audio-shortcode\" id=\"audio-74-2\" preload=\"none\" style=\"width: 100%;\" controls=\"controls\"><source type=\"audio\/mpeg\" src=\"https:\/\/jegkanogvil.no\/wp-content\/uploads\/2025\/09\/Pubertet-2.mp3?_=2\" \/><a href=\"https:\/\/jegkanogvil.no\/wp-content\/uploads\/2025\/09\/Pubertet-2.mp3\">https:\/\/jegkanogvil.no\/wp-content\/uploads\/2025\/09\/Pubertet-2.mp3<\/a><\/audio>\n<p><img loading=\"lazy\" decoding=\"async\" class=\"alignnone wp-image-696\" src=\"https:\/\/jegkanogvil.no\/wp-content\/uploads\/2025\/02\/Gutt-og-jente-BARN-150x150.png\" alt=\"Gutt og jente\" width=\"250\" height=\"250\" srcset=\"https:\/\/jegkanogvil.no\/wp-content\/uploads\/2025\/02\/Gutt-og-jente-BARN-150x150.png 150w, https:\/\/jegkanogvil.no\/wp-content\/uploads\/2025\/02\/Gutt-og-jente-BARN-300x300.png 300w, https:\/\/jegkanogvil.no\/wp-content\/uploads\/2025\/02\/Gutt-og-jente-BARN.png 567w\" sizes=\"auto, (max-width: 250px) 100vw, 250px\" \/><\/p>\n<p>Mange f\u00e5r kviser i ansiktet<br \/>\nog andre steder i kroppen.<br \/>\nIkke klem p\u00e5 kvisene.<br \/>\nKlemming kan f\u00f8re til betennelse<br \/>\nog arr.<br \/>\nFor hjelp med kviser,<br \/>\nsnakk med:<\/p>\n<ul>\n<li>en voksen<\/li>\n<li>helse-sykepleier p\u00e5 skolen<\/li>\n<li>fastlegen din<\/li>\n<\/ul>\n<figure id=\"attachment_1975\" aria-describedby=\"caption-attachment-1975\" style=\"width: 400px\" class=\"wp-caption alignnone\"><img loading=\"lazy\" decoding=\"async\" class=\"wp-image-1975\" src=\"https:\/\/jegkanogvil.no\/wp-content\/uploads\/2025\/08\/Kviser-300x208.png\" alt=\"Jente med kviser ser seg selv i speilet.\" width=\"400\" height=\"277\" srcset=\"https:\/\/jegkanogvil.no\/wp-content\/uploads\/2025\/08\/Kviser-300x208.png 300w, https:\/\/jegkanogvil.no\/wp-content\/uploads\/2025\/08\/Kviser-1024x709.png 1024w, https:\/\/jegkanogvil.no\/wp-content\/uploads\/2025\/08\/Kviser-768x532.png 768w, https:\/\/jegkanogvil.no\/wp-content\/uploads\/2025\/08\/Kviser.png 1040w\" sizes=\"auto, (max-width: 400px) 100vw, 400px\" \/><figcaption id=\"caption-attachment-1975\" class=\"wp-caption-text\">Hun er midt i puberteten. <br \/>Derfor har hun f\u00e5tt kviser i ansiktet.<br \/>Horfor er det dumt <br \/>\u00e5 klemme p\u00e5 kvisene?<\/figcaption><\/figure>\n<p>Det vokser ut h\u00e5r<br \/>\ni armhulene og rundt tissen.<\/p>\n<figure id=\"attachment_2012\" aria-describedby=\"caption-attachment-2012\" style=\"width: 400px\" class=\"wp-caption alignnone\"><img loading=\"lazy\" decoding=\"async\" class=\"wp-image-2012\" src=\"https:\/\/jegkanogvil.no\/wp-content\/uploads\/2025\/08\/Armhulehar-300x208.png\" alt=\"H\u00e5r i armhulen hos en jente i pubertet.\" width=\"400\" height=\"277\" srcset=\"https:\/\/jegkanogvil.no\/wp-content\/uploads\/2025\/08\/Armhulehar-300x208.png 300w, https:\/\/jegkanogvil.no\/wp-content\/uploads\/2025\/08\/Armhulehar-1024x709.png 1024w, https:\/\/jegkanogvil.no\/wp-content\/uploads\/2025\/08\/Armhulehar-768x532.png 768w, https:\/\/jegkanogvil.no\/wp-content\/uploads\/2025\/08\/Armhulehar.png 1040w\" sizes=\"auto, (max-width: 400px) 100vw, 400px\" \/><figcaption id=\"caption-attachment-2012\" class=\"wp-caption-text\">Hun har f\u00e5tt h\u00e5rvekst i arhulen.<\/figcaption><\/figure>\n<p>Mange svetter mer enn f\u00f8r.<br \/>\nSvetten lukter sterkere enn tidligere.<br \/>\nDet blir viktig \u00e5 dusje ofte.<\/p>\n<p>Mange i pubertet<br \/>\nkan v\u00e6re i d\u00e5rlig hum\u00f8r.<br \/>\nDe kan lett bli sinte<br \/>\nog krangle med de voksne.<\/p>\n<p>Newton p\u00e5 NRK har en fin serie om pubertet.<br \/>\nEpisodene er:<\/p>\n<ol>\n<li>Hvordan starter puberteten?<\/li>\n<li>Pupper<\/li>\n<li>Guttetiss<\/li>\n<li>H\u00e5r p\u00e5 kroppen<\/li>\n<li>Kroppsvekst og stemmeskifte<\/li>\n<li>Jentetiss og mensen<\/li>\n<li>Kviser og svette<\/li>\n<li>Sex og s\u00e5nn<\/li>\n<\/ol>\n<p>Foreldrene dine kan hjelpe deg<br \/>\nmed \u00e5 finne episodene p\u00e5 <strong>nrk.no<\/strong>.<\/p>\n\t\t<\/div> <!-- Close content div. -->\n\t<\/div> <!-- Close collapse div. -->\n<\/div> <!-- Close card div. -->\n<!-- Start accordion card div. -->\n<div class=\"ea-card ea-expand sp-ea-single\">\n\t<!-- Start accordion header. -->\n\t<h3 class=\"ea-header\">\n\t\t<!-- Add anchor tag for header. -->\n\t\t<a class=\"collapsed\" id=\"ea-header-20481\" role=\"button\" data-sptoggle=\"spcollapse\" data-sptarget=\"#collapse20481\" aria-controls=\"collapse20481\" href=\"#\"  aria-expanded=\"true\" tabindex=\"0\">\n\t\t<i aria-hidden=\"true\" role=\"presentation\" class=\"ea-expand-icon eap-icon-ea-expand-minus\"><\/i> Gutter i pubertet\t\t<\/a> <!-- Close anchor tag for header. -->\n\t<\/h3>\t<!-- Close header tag. -->\n\t<!-- Start collapsible content div. -->\n\t<div class=\"sp-collapse spcollapse collapsed show\" id=\"collapse20481\" data-parent=\"#sp-ea-2048\" role=\"region\" aria-labelledby=\"ea-header-20481\">  <!-- Content div. -->\n\t\t<div class=\"ea-body\">\n\t\t<audio class=\"wp-audio-shortcode\" id=\"audio-74-3\" preload=\"none\" style=\"width: 100%;\" controls=\"controls\"><source type=\"audio\/mpeg\" src=\"https:\/\/jegkanogvil.no\/wp-content\/uploads\/2025\/09\/Pubertet-3.mp3?_=3\" \/><a href=\"https:\/\/jegkanogvil.no\/wp-content\/uploads\/2025\/09\/Pubertet-3.mp3\">https:\/\/jegkanogvil.no\/wp-content\/uploads\/2025\/09\/Pubertet-3.mp3<\/a><\/audio>\n<p><img loading=\"lazy\" decoding=\"async\" class=\"alignnone wp-image-695\" src=\"https:\/\/jegkanogvil.no\/wp-content\/uploads\/2025\/02\/Gutt-BARN-150x150.png\" alt=\"Gutt\" width=\"250\" height=\"250\" srcset=\"https:\/\/jegkanogvil.no\/wp-content\/uploads\/2025\/02\/Gutt-BARN-150x150.png 150w, https:\/\/jegkanogvil.no\/wp-content\/uploads\/2025\/02\/Gutt-BARN-300x300.png 300w, https:\/\/jegkanogvil.no\/wp-content\/uploads\/2025\/02\/Gutt-BARN.png 567w\" sizes=\"auto, (max-width: 250px) 100vw, 250px\" \/><\/p>\n<p>Gutter f\u00e5r <strong>m\u00f8rkere stemme<\/strong>.<br \/>\nDa er de i stemme-skiftet.<\/p>\n<p>De f\u00e5r mer <strong>h\u00e5r i ansiktet<\/strong>.<br \/>\nDet heter skjegg-vekst.<br \/>\nDa er det lurt \u00e5 l\u00e6re<br \/>\n\u00e5 bruke <strong>barber-maskin<\/strong>.<\/p>\n<p>Mange gutter f\u00e5r mer h\u00e5r<br \/>\np\u00e5 armer og ben enn jenter.<\/p>\n<figure id=\"attachment_2013\" aria-describedby=\"caption-attachment-2013\" style=\"width: 400px\" class=\"wp-caption alignnone\"><img loading=\"lazy\" decoding=\"async\" class=\"wp-image-2013\" src=\"https:\/\/jegkanogvil.no\/wp-content\/uploads\/2025\/08\/Skjeggvekst-300x208.png\" alt=\"Gutt i pubertet med begynnende skjeggvekst.\" width=\"400\" height=\"277\" srcset=\"https:\/\/jegkanogvil.no\/wp-content\/uploads\/2025\/08\/Skjeggvekst-300x208.png 300w, https:\/\/jegkanogvil.no\/wp-content\/uploads\/2025\/08\/Skjeggvekst-1024x709.png 1024w, https:\/\/jegkanogvil.no\/wp-content\/uploads\/2025\/08\/Skjeggvekst-768x532.png 768w, https:\/\/jegkanogvil.no\/wp-content\/uploads\/2025\/08\/Skjeggvekst.png 1040w\" sizes=\"auto, (max-width: 400px) 100vw, 400px\" \/><figcaption id=\"caption-attachment-2013\" class=\"wp-caption-text\">Hos ham har skjegg-veksten begynt.<\/figcaption><\/figure>\n<p>Tissen (penis) vokser.<br \/>\nTestiklene starter \u00e5 lage s\u00e6d-celler.<br \/>\nN\u00e5r unge menn lager s\u00e6d-celler,<br \/>\nkan de v\u00e6re med p\u00e5 \u00e5 lage barn.<\/p>\n<figure id=\"attachment_1989\" aria-describedby=\"caption-attachment-1989\" style=\"width: 400px\" class=\"wp-caption alignnone\"><img loading=\"lazy\" decoding=\"async\" class=\"wp-image-1989\" src=\"https:\/\/jegkanogvil.no\/wp-content\/uploads\/2025\/08\/Testikkel-300x208.png\" alt=\"Grafisk profilbilde av mannens underliv.\" width=\"400\" height=\"277\" srcset=\"https:\/\/jegkanogvil.no\/wp-content\/uploads\/2025\/08\/Testikkel-300x208.png 300w, https:\/\/jegkanogvil.no\/wp-content\/uploads\/2025\/08\/Testikkel-1024x709.png 1024w, https:\/\/jegkanogvil.no\/wp-content\/uploads\/2025\/08\/Testikkel-768x532.png 768w, https:\/\/jegkanogvil.no\/wp-content\/uploads\/2025\/08\/Testikkel.png 1040w\" sizes=\"auto, (max-width: 400px) 100vw, 400px\" \/><figcaption id=\"caption-attachment-1989\" class=\"wp-caption-text\">Testiklene er plassert i pungen bak tissen.<\/figcaption><\/figure>\n<p>Guttene begynner \u00e5 se ut<br \/>\nsom unge menn.<\/p>\n\t\t<\/div> <!-- Close content div. -->\n\t<\/div> <!-- Close collapse div. -->\n<\/div> <!-- Close card div. -->\n<!-- Start accordion card div. -->\n<div class=\"ea-card ea-expand sp-ea-single\">\n\t<!-- Start accordion header. -->\n\t<h3 class=\"ea-header\">\n\t\t<!-- Add anchor tag for header. -->\n\t\t<a class=\"collapsed\" id=\"ea-header-20482\" role=\"button\" data-sptoggle=\"spcollapse\" data-sptarget=\"#collapse20482\" aria-controls=\"collapse20482\" href=\"#\"  aria-expanded=\"true\" tabindex=\"0\">\n\t\t<i aria-hidden=\"true\" role=\"presentation\" class=\"ea-expand-icon eap-icon-ea-expand-minus\"><\/i> Jenter i pubertet\t\t<\/a> <!-- Close anchor tag for header. -->\n\t<\/h3>\t<!-- Close header tag. -->\n\t<!-- Start collapsible content div. -->\n\t<div class=\"sp-collapse spcollapse collapsed show\" id=\"collapse20482\" data-parent=\"#sp-ea-2048\" role=\"region\" aria-labelledby=\"ea-header-20482\">  <!-- Content div. -->\n\t\t<div class=\"ea-body\">\n\t\t<audio class=\"wp-audio-shortcode\" id=\"audio-74-4\" preload=\"none\" style=\"width: 100%;\" controls=\"controls\"><source type=\"audio\/mpeg\" src=\"https:\/\/jegkanogvil.no\/wp-content\/uploads\/2025\/09\/Pubertet-4.mp3?_=4\" \/><a href=\"https:\/\/jegkanogvil.no\/wp-content\/uploads\/2025\/09\/Pubertet-4.mp3\">https:\/\/jegkanogvil.no\/wp-content\/uploads\/2025\/09\/Pubertet-4.mp3<\/a><\/audio>\n<p><img loading=\"lazy\" decoding=\"async\" class=\"alignnone wp-image-697\" src=\"https:\/\/jegkanogvil.no\/wp-content\/uploads\/2025\/02\/Jente-BARN-150x150.png\" alt=\"Jente\" width=\"250\" height=\"250\" srcset=\"https:\/\/jegkanogvil.no\/wp-content\/uploads\/2025\/02\/Jente-BARN-150x150.png 150w, https:\/\/jegkanogvil.no\/wp-content\/uploads\/2025\/02\/Jente-BARN-300x300.png 300w, https:\/\/jegkanogvil.no\/wp-content\/uploads\/2025\/02\/Jente-BARN.png 567w\" sizes=\"auto, (max-width: 250px) 100vw, 250px\" \/><\/p>\n<p>Puppene blir st\u00f8rre.<br \/>\nDe blir ofte litt \u00f8mme.<\/p>\n<p>Jenter f\u00e5r mensen.<br \/>\nDet er en bl\u00f8dning fra skjeden<br \/>\nhver m\u00e5ned.<\/p>\n<figure id=\"attachment_1988\" aria-describedby=\"caption-attachment-1988\" style=\"width: 400px\" class=\"wp-caption alignnone\"><img loading=\"lazy\" decoding=\"async\" class=\"wp-image-1988\" src=\"https:\/\/jegkanogvil.no\/wp-content\/uploads\/2025\/08\/Skjedeapning-300x208.png\" alt=\"Grafisk illustrasjon av kvinnens underliv.\" width=\"400\" height=\"277\" srcset=\"https:\/\/jegkanogvil.no\/wp-content\/uploads\/2025\/08\/Skjedeapning-300x208.png 300w, https:\/\/jegkanogvil.no\/wp-content\/uploads\/2025\/08\/Skjedeapning-1024x709.png 1024w, https:\/\/jegkanogvil.no\/wp-content\/uploads\/2025\/08\/Skjedeapning-768x532.png 768w, https:\/\/jegkanogvil.no\/wp-content\/uploads\/2025\/08\/Skjedeapning.png 1040w\" sizes=\"auto, (max-width: 400px) 100vw, 400px\" \/><figcaption id=\"caption-attachment-1988\" class=\"wp-caption-text\">Mens-blodet kommer ut av skjede-\u00e5pningen.<\/figcaption><\/figure>\n<p>Mensen varer oftest<br \/>\nmellom 3 og 7 dager.<br \/>\nDa bruker jenter bind i trusen<br \/>\neller tampong i skjeden.<br \/>\nDet er lettest \u00e5 bruke bind.<\/p>\n<figure id=\"attachment_1974\" aria-describedby=\"caption-attachment-1974\" style=\"width: 400px\" class=\"wp-caption alignnone\"><img loading=\"lazy\" decoding=\"async\" class=\"wp-image-1974\" src=\"https:\/\/jegkanogvil.no\/wp-content\/uploads\/2025\/08\/Bindtampong-300x208.png\" alt=\"Tampong og bind\" width=\"400\" height=\"277\" srcset=\"https:\/\/jegkanogvil.no\/wp-content\/uploads\/2025\/08\/Bindtampong-300x208.png 300w, https:\/\/jegkanogvil.no\/wp-content\/uploads\/2025\/08\/Bindtampong-1024x709.png 1024w, https:\/\/jegkanogvil.no\/wp-content\/uploads\/2025\/08\/Bindtampong-768x532.png 768w, https:\/\/jegkanogvil.no\/wp-content\/uploads\/2025\/08\/Bindtampong.png 1040w\" sizes=\"auto, (max-width: 400px) 100vw, 400px\" \/><figcaption id=\"caption-attachment-1974\" class=\"wp-caption-text\">Tampong og bind.<\/figcaption><\/figure>\n<p>De ser mer ut som voksne kvinner.<\/p>\n<p>Jenter f\u00e5r vanligvis mensen<br \/>\nn\u00e5r de er mellom 11 og 15 \u00e5r gamle.<br \/>\nNoen kan f\u00e5 mensen<br \/>\nf\u00f8r 11 og etter 15 \u00e5r.<\/p>\n<p>N\u00e5r en jente har f\u00e5tt mensen,<br \/>\nkan hun v\u00e6re med p\u00e5 \u00e5 lage barn.<br \/>\nHun kan alts\u00e5 bli gravid.<\/p>\n\t\t<\/div> <!-- Close content div. -->\n\t<\/div> <!-- Close collapse div. -->\n<\/div> <!-- Close card div. -->\n<\/div>\n<\/div>\n<\/p>\n<p><\/p><\/div><\/div><div class=\"lgc-clear\"><\/div>\n<p><a href=\"https:\/\/jegkanogvil.no\/?page_id=49\"><img loading=\"lazy\" decoding=\"async\" class=\"alignnone wp-image-438\" src=\"https:\/\/jegkanogvil.no\/wp-content\/uploads\/2024\/11\/Kroppen-248x300.png\" alt=\"\" width=\"124\" height=\"150\" srcset=\"https:\/\/jegkanogvil.no\/wp-content\/uploads\/2024\/11\/Kroppen-248x300.png 248w, https:\/\/jegkanogvil.no\/wp-content\/uploads\/2024\/11\/Kroppen.png 718w\" sizes=\"auto, (max-width: 124px) 100vw, 124px\" \/><\/a>\u00a0<a href=\"https:\/\/jegkanogvil.no\/?page_id=65\"><img loading=\"lazy\" decoding=\"async\" class=\"alignnone wp-image-442\" src=\"https:\/\/jegkanogvil.no\/wp-content\/uploads\/2024\/11\/Grenser-1-248x300.png\" alt=\"\" width=\"124\" height=\"150\" srcset=\"https:\/\/jegkanogvil.no\/wp-content\/uploads\/2024\/11\/Grenser-1-248x300.png 248w, https:\/\/jegkanogvil.no\/wp-content\/uploads\/2024\/11\/Grenser-1.png 718w\" sizes=\"auto, (max-width: 124px) 100vw, 124px\" \/><\/a>\u00a0<a href=\"https:\/\/jegkanogvil.no\/?page_id=860\"><img loading=\"lazy\" decoding=\"async\" class=\"alignnone wp-image-1846\" src=\"https:\/\/jegkanogvil.no\/wp-content\/uploads\/2025\/07\/Gutt_hygiene-248x300.png\" alt=\"\" width=\"124\" height=\"150\" srcset=\"https:\/\/jegkanogvil.no\/wp-content\/uploads\/2025\/07\/Gutt_hygiene-248x300.png 248w, https:\/\/jegkanogvil.no\/wp-content\/uploads\/2025\/07\/Gutt_hygiene.png 718w\" sizes=\"auto, (max-width: 124px) 100vw, 124px\" \/><\/a> <a href=\"https:\/\/jegkanogvil.no\/?page_id=858\"><img loading=\"lazy\" decoding=\"async\" class=\"alignnone wp-image-1847\" src=\"https:\/\/jegkanogvil.no\/wp-content\/uploads\/2025\/07\/Jente_hygiene-248x300.png\" alt=\"\" width=\"124\" height=\"150\" srcset=\"https:\/\/jegkanogvil.no\/wp-content\/uploads\/2025\/07\/Jente_hygiene-248x300.png 248w, https:\/\/jegkanogvil.no\/wp-content\/uploads\/2025\/07\/Jente_hygiene.png 718w\" sizes=\"auto, (max-width: 124px) 100vw, 124px\" \/><\/a> <a href=\"https:\/\/jegkanogvil.no\/?page_id=2380\"><img loading=\"lazy\" decoding=\"async\" class=\"alignnone wp-image-2390\" src=\"https:\/\/jegkanogvil.no\/wp-content\/uploads\/2025\/09\/Lus-248x300.png\" alt=\"Til: Lus\" width=\"124\" height=\"150\" srcset=\"https:\/\/jegkanogvil.no\/wp-content\/uploads\/2025\/09\/Lus-248x300.png 248w, https:\/\/jegkanogvil.no\/wp-content\/uploads\/2025\/09\/Lus.png 718w\" sizes=\"auto, (max-width: 124px) 100vw, 124px\" \/><\/a> <a href=\"https:\/\/jegkanogvil.no\/?page_id=2419\"><img loading=\"lazy\" decoding=\"async\" class=\"alignnone wp-image-2414\" src=\"https:\/\/jegkanogvil.no\/wp-content\/uploads\/2025\/09\/Sex-248x300.png\" alt=\"Til: Sex\" width=\"124\" height=\"150\" srcset=\"https:\/\/jegkanogvil.no\/wp-content\/uploads\/2025\/09\/Sex-248x300.png 248w, https:\/\/jegkanogvil.no\/wp-content\/uploads\/2025\/09\/Sex.png 718w\" sizes=\"auto, (max-width: 124px) 100vw, 124px\" \/><\/a><br \/>\n<a href=\"https:\/\/jegkanogvil.no\/\"><img loading=\"lazy\" decoding=\"async\" class=\"alignnone wp-image-766\" src=\"https:\/\/jegkanogvil.no\/wp-content\/uploads\/2025\/03\/Home-knappG-150x150.png\" alt=\"Til: Hjem\" width=\"120\" height=\"120\" srcset=\"https:\/\/jegkanogvil.no\/wp-content\/uploads\/2025\/03\/Home-knappG-150x150.png 150w, https:\/\/jegkanogvil.no\/wp-content\/uploads\/2025\/03\/Home-knappG-300x300.png 300w, https:\/\/jegkanogvil.no\/wp-content\/uploads\/2025\/03\/Home-knappG.png 567w\" sizes=\"auto, (max-width: 120px) 100vw, 120px\" \/><\/a><\/p>\n","protected":false},"excerpt":{"rendered":"<p>I puberteten begynner kroppen til et barn \u00e5 bli kroppen til en\u00a0voksen. Det gjelder\u00a0b\u00e5de gutter og jenter. Pubertet er\u00a0normalt. B\u00e5de gutter og jenter kommer vanligvis i pubertet n\u00e5r de er mellom 9 og 15\u00a0\u00e5r gamle. \u00c5pne og lukk boksene under med + og &#8211; \u00a0\u00a0<\/p>\n","protected":false},"author":1,"featured_media":0,"parent":0,"menu_order":0,"comment_status":"closed","ping_status":"closed","template":"","meta":{"footnotes":""},"class_list":["post-74","page","type-page","status-publish","hentry"],"_links":{"self":[{"href":"https:\/\/jegkanogvil.no\/index.php?rest_route=\/wp\/v2\/pages\/74","targetHints":{"allow":["GET"]}}],"collection":[{"href":"https:\/\/jegkanogvil.no\/index.php?rest_route=\/wp\/v2\/pages"}],"about":[{"href":"https:\/\/jegkanogvil.no\/index.php?rest_route=\/wp\/v2\/types\/page"}],"author":[{"embeddable":true,"href":"https:\/\/jegkanogvil.no\/index.php?rest_route=\/wp\/v2\/users\/1"}],"replies":[{"embeddable":true,"href":"https:\/\/jegkanogvil.no\/index.php?rest_route=%2Fwp%2Fv2%2Fcomments&post=74"}],"version-history":[{"count":41,"href":"https:\/\/jegkanogvil.no\/index.php?rest_route=\/wp\/v2\/pages\/74\/revisions"}],"predecessor-version":[{"id":2558,"href":"https:\/\/jegkanogvil.no\/index.php?rest_route=\/wp\/v2\/pages\/74\/revisions\/2558"}],"wp:attachment":[{"href":"https:\/\/jegkanogvil.no\/index.php?rest_route=%2Fwp%2Fv2%2Fmedia&parent=74"}],"curies":[{"name":"wp","href":"https:\/\/api.w.org\/{rel}","templated":true}]}}