{"id":65,"date":"2024-10-29T10:54:21","date_gmt":"2024-10-29T08:54:21","guid":{"rendered":"https:\/\/jegkanogvil.no\/?page_id=65"},"modified":"2025-09-25T09:28:14","modified_gmt":"2025-09-25T07:28:14","slug":"overgrep","status":"publish","type":"page","link":"https:\/\/jegkanogvil.no\/?page_id=65","title":{"rendered":"Grenser"},"content":{"rendered":"<audio class=\"wp-audio-shortcode\" id=\"audio-65-1\" preload=\"none\" style=\"width: 100%;\" controls=\"controls\"><source type=\"audio\/mpeg\" src=\"https:\/\/jegkanogvil.no\/wp-content\/uploads\/2025\/09\/grenser.mp3?_=1\" \/><a href=\"https:\/\/jegkanogvil.no\/wp-content\/uploads\/2025\/09\/grenser.mp3\">https:\/\/jegkanogvil.no\/wp-content\/uploads\/2025\/09\/grenser.mp3<\/a><\/audio>\n<p><strong>Du bestemmer<\/strong>\u00a0selv over kroppen din.<\/p>\n<p>Andre har\u00a0<strong>ikke<\/strong>\u00a0lov \u00e5 ta p\u00e5 kroppen din<br \/>\np\u00e5\u00a0steder\u00a0du\u00a0ikke\u00a0liker.<br \/>\nDe skal heller\u00a0<strong>ikke<\/strong>\u00a0be deg om<br \/>\n\u00e5 ta p\u00e5 kroppene deres.<br \/>\nOg du m\u00e5 ikke gj\u00f8re det.<\/p>\n<p>Andre skal\u00a0<strong>ikke<\/strong>\u00a0tydelig vise deg<br \/>\nkj\u00f8nns-organene sine.<br \/>\nDet gjelder ogs\u00e5 p\u00e5 bilder<br \/>\neller video.<\/p>\n<p>Kj\u00f8nns-organene er blant annet<br \/>\ntissen og puppene.<br \/>\nTissen og puppene er <strong>privat<\/strong>.<br \/>\nDet heter ogs\u00e5 <strong>privat-sf\u00e6ren<\/strong>.<br \/>\nVoksne ska <strong>ikke ta p\u00e5<\/strong><br \/>\nprivate deler av kroppen din.<\/p>\n<p>\u00c5 se hverandre nakne<br \/>\ner vanlig og <strong>okei<\/strong> i noen familier.<br \/>\nDet <strong>okei<\/strong> \u00e5 v\u00e6re nakne i felles-dusjer.<br \/>\nSlike dusjer fins der man trener<br \/>\nog der man bader i basseng.<\/p>\n<p>Du skal ikke la fremmede\u00a0<strong>kose<\/strong>\u00a0med deg.<\/p>\n<p>Voksne skal ikke <strong>trenge seg p\u00e5<\/strong> deg.<\/p>\n<p>Hvis <strong>noe<\/strong> av dette skjer deg,<br \/>\nfortell det <strong>med \u00e9n gang<\/strong><br \/>\ntil en\u00a0<strong>voksen<\/strong> du stoler p\u00e5<br \/>\nog som<br \/>\nkan\u00a0<strong>ordne opp<\/strong>\u00a0for deg.<\/p>\n<figure id=\"attachment_1981\" aria-describedby=\"caption-attachment-1981\" style=\"width: 400px\" class=\"wp-caption alignnone\"><img loading=\"lazy\" decoding=\"async\" class=\"wp-image-1981\" src=\"https:\/\/jegkanogvil.no\/wp-content\/uploads\/2025\/08\/Nei-300x208.png\" alt=\"Undom son viser stopp, nei, med h\u00e5nden.\" width=\"400\" height=\"277\" srcset=\"https:\/\/jegkanogvil.no\/wp-content\/uploads\/2025\/08\/Nei-300x208.png 300w, https:\/\/jegkanogvil.no\/wp-content\/uploads\/2025\/08\/Nei-1024x709.png 1024w, https:\/\/jegkanogvil.no\/wp-content\/uploads\/2025\/08\/Nei-768x532.png 768w, https:\/\/jegkanogvil.no\/wp-content\/uploads\/2025\/08\/Nei.png 1040w\" sizes=\"auto, (max-width: 400px) 100vw, 400px\" \/><figcaption id=\"caption-attachment-1981\" class=\"wp-caption-text\">Denne ungdommen sier tydelig <br \/>&laquo;NEI, ikke n\u00e6rmere!&raquo;<br \/>Hvorfor gj\u00f8r hun det?<\/figcaption><\/figure>\n<p>Hvis du\u00a0<strong>lurer p\u00e5<\/strong>\u00a0noe av dette,<br \/>\nsnakk for eksempel med:<\/p>\n<ul>\n<li>foreldrene dine<\/li>\n<li>helse-sykepleieren p\u00e5 skolen<\/li>\n<li>l\u00e6reren din<\/li>\n<\/ul>\n<p>NRK har en video-serie<br \/>\nmed tema <strong>overgrep<\/strong>.<br \/>\nVideoene i serien heter:<\/p>\n<ul>\n<li>Ikke din skyld<\/li>\n<li>Kroppen min eier jeg<\/li>\n<li>Kroppen er din<\/li>\n<li>Norges lover<\/li>\n<li>\u00c5 v\u00e6re redd<\/li>\n<li>Det er aldri din skyld<\/li>\n<\/ul>\n<p>Foreldrene dine kan hjelpe deg<br \/>\nmed \u00e5 finne videoene p\u00e5 <strong>nrk.no<\/strong>.<br \/>\nDere kan gjerne se dem sammen.<\/p>\n<p><a href=\"https:\/\/jegkanogvil.no\/?page_id=49\"><img loading=\"lazy\" decoding=\"async\" class=\"alignnone wp-image-438\" src=\"https:\/\/jegkanogvil.no\/wp-content\/uploads\/2024\/11\/Kroppen-248x300.png\" alt=\"\" width=\"124\" height=\"150\" srcset=\"https:\/\/jegkanogvil.no\/wp-content\/uploads\/2024\/11\/Kroppen-248x300.png 248w, https:\/\/jegkanogvil.no\/wp-content\/uploads\/2024\/11\/Kroppen.png 718w\" sizes=\"auto, (max-width: 124px) 100vw, 124px\" \/><\/a> <a href=\"https:\/\/jegkanogvil.no\/?page_id=860\"><img loading=\"lazy\" decoding=\"async\" class=\"alignnone wp-image-1846\" src=\"https:\/\/jegkanogvil.no\/wp-content\/uploads\/2025\/07\/Gutt_hygiene-248x300.png\" alt=\"\" width=\"124\" height=\"150\" srcset=\"https:\/\/jegkanogvil.no\/wp-content\/uploads\/2025\/07\/Gutt_hygiene-248x300.png 248w, https:\/\/jegkanogvil.no\/wp-content\/uploads\/2025\/07\/Gutt_hygiene.png 718w\" sizes=\"auto, (max-width: 124px) 100vw, 124px\" \/><\/a> <a href=\"https:\/\/jegkanogvil.no\/?page_id=858\"><img loading=\"lazy\" decoding=\"async\" class=\"alignnone wp-image-1847\" src=\"https:\/\/jegkanogvil.no\/wp-content\/uploads\/2025\/07\/Jente_hygiene-248x300.png\" alt=\"\" width=\"124\" height=\"150\" srcset=\"https:\/\/jegkanogvil.no\/wp-content\/uploads\/2025\/07\/Jente_hygiene-248x300.png 248w, https:\/\/jegkanogvil.no\/wp-content\/uploads\/2025\/07\/Jente_hygiene.png 718w\" sizes=\"auto, (max-width: 124px) 100vw, 124px\" \/><\/a> <img loading=\"lazy\" decoding=\"async\" class=\"alignnone wp-image-2390\" src=\"https:\/\/jegkanogvil.no\/wp-content\/uploads\/2025\/09\/Lus-248x300.png\" alt=\"Til: Lus\" width=\"124\" height=\"150\" srcset=\"https:\/\/jegkanogvil.no\/wp-content\/uploads\/2025\/09\/Lus-248x300.png 248w, https:\/\/jegkanogvil.no\/wp-content\/uploads\/2025\/09\/Lus.png 718w\" sizes=\"auto, (max-width: 124px) 100vw, 124px\" \/> <a href=\"https:\/\/jegkanogvil.no\/?page_id=74\"><img loading=\"lazy\" decoding=\"async\" class=\"alignnone wp-image-556\" src=\"https:\/\/jegkanogvil.no\/wp-content\/uploads\/2024\/11\/Lysbilde1-3-248x300.png\" alt=\"\" width=\"124\" height=\"150\" srcset=\"https:\/\/jegkanogvil.no\/wp-content\/uploads\/2024\/11\/Lysbilde1-3-248x300.png 248w, https:\/\/jegkanogvil.no\/wp-content\/uploads\/2024\/11\/Lysbilde1-3.png 718w\" sizes=\"auto, (max-width: 124px) 100vw, 124px\" \/><\/a>\u00a0<img loading=\"lazy\" decoding=\"async\" class=\"alignnone wp-image-2414\" src=\"https:\/\/jegkanogvil.no\/wp-content\/uploads\/2025\/09\/Sex-248x300.png\" alt=\"Til: Sex\" width=\"124\" height=\"150\" srcset=\"https:\/\/jegkanogvil.no\/wp-content\/uploads\/2025\/09\/Sex-248x300.png 248w, https:\/\/jegkanogvil.no\/wp-content\/uploads\/2025\/09\/Sex.png 718w\" sizes=\"auto, (max-width: 124px) 100vw, 124px\" \/><br \/>\n<a href=\"https:\/\/jegkanogvil.no\/\"><img loading=\"lazy\" decoding=\"async\" class=\"alignnone wp-image-766\" src=\"https:\/\/jegkanogvil.no\/wp-content\/uploads\/2025\/03\/Home-knappG-150x150.png\" alt=\"Til: Hjem\" width=\"120\" height=\"120\" srcset=\"https:\/\/jegkanogvil.no\/wp-content\/uploads\/2025\/03\/Home-knappG-150x150.png 150w, https:\/\/jegkanogvil.no\/wp-content\/uploads\/2025\/03\/Home-knappG-300x300.png 300w, https:\/\/jegkanogvil.no\/wp-content\/uploads\/2025\/03\/Home-knappG.png 567w\" sizes=\"auto, (max-width: 120px) 100vw, 120px\" \/><\/a><\/p>\n","protected":false},"excerpt":{"rendered":"<p>Du bestemmer\u00a0selv over kroppen din. Andre har\u00a0ikke\u00a0lov \u00e5 ta p\u00e5 kroppen din p\u00e5\u00a0steder\u00a0du\u00a0ikke\u00a0liker. De skal heller\u00a0ikke\u00a0be deg om \u00e5 ta p\u00e5 kroppene deres. Og du m\u00e5 ikke gj\u00f8re det. Andre skal\u00a0ikke\u00a0tydelig vise deg kj\u00f8nns-organene sine. Det gjelder ogs\u00e5 p\u00e5 bilder eller video. Kj\u00f8nns-organene er blant annet tissen og puppene. Tissen og puppene er privat. Det [&hellip;]<\/p>\n","protected":false},"author":1,"featured_media":0,"parent":0,"menu_order":0,"comment_status":"closed","ping_status":"closed","template":"","meta":{"footnotes":""},"class_list":["post-65","page","type-page","status-publish","hentry"],"_links":{"self":[{"href":"https:\/\/jegkanogvil.no\/index.php?rest_route=\/wp\/v2\/pages\/65","targetHints":{"allow":["GET"]}}],"collection":[{"href":"https:\/\/jegkanogvil.no\/index.php?rest_route=\/wp\/v2\/pages"}],"about":[{"href":"https:\/\/jegkanogvil.no\/index.php?rest_route=\/wp\/v2\/types\/page"}],"author":[{"embeddable":true,"href":"https:\/\/jegkanogvil.no\/index.php?rest_route=\/wp\/v2\/users\/1"}],"replies":[{"embeddable":true,"href":"https:\/\/jegkanogvil.no\/index.php?rest_route=%2Fwp%2Fv2%2Fcomments&post=65"}],"version-history":[{"count":64,"href":"https:\/\/jegkanogvil.no\/index.php?rest_route=\/wp\/v2\/pages\/65\/revisions"}],"predecessor-version":[{"id":2416,"href":"https:\/\/jegkanogvil.no\/index.php?rest_route=\/wp\/v2\/pages\/65\/revisions\/2416"}],"wp:attachment":[{"href":"https:\/\/jegkanogvil.no\/index.php?rest_route=%2Fwp%2Fv2%2Fmedia&parent=65"}],"curies":[{"name":"wp","href":"https:\/\/api.w.org\/{rel}","templated":true}]}}