{"id":61,"date":"2024-10-29T10:50:02","date_gmt":"2024-10-29T08:50:02","guid":{"rendered":"https:\/\/jegkanogvil.no\/?page_id=61"},"modified":"2025-12-22T12:44:19","modified_gmt":"2025-12-22T10:44:19","slug":"spise","status":"publish","type":"page","link":"https:\/\/jegkanogvil.no\/?page_id=61","title":{"rendered":"Rundt bordet"},"content":{"rendered":"<audio class=\"wp-audio-shortcode\" id=\"audio-61-1\" preload=\"none\" style=\"width: 100%;\" controls=\"controls\"><source type=\"audio\/mpeg\" src=\"https:\/\/jegkanogvil.no\/wp-content\/uploads\/2025\/09\/Rundt-bordet.mp3?_=1\" \/><a href=\"https:\/\/jegkanogvil.no\/wp-content\/uploads\/2025\/09\/Rundt-bordet.mp3\">https:\/\/jegkanogvil.no\/wp-content\/uploads\/2025\/09\/Rundt-bordet.mp3<\/a><\/audio>\n<p>\u00c5 v\u00e6re med p\u00e5 m\u00e5ltider sammen med andre<br \/>\ner hyggelig.<\/p>\n<p>Alle skal ha det trivelig ved spise-bordet.<br \/>\nDerfor fins det noen regler for:<\/p>\n<ul>\n<li>det som er <strong>vanlig<\/strong><br \/>\nog <strong>greit<\/strong> \u00e5 gj\u00f8re<\/li>\n<li>det som er <strong>mindre greit<\/strong><br \/>\neller <strong>feil<\/strong> \u00e5 gj\u00f8re<\/li>\n<\/ul>\n<figure id=\"attachment_1609\" aria-describedby=\"caption-attachment-1609\" style=\"width: 400px\" class=\"wp-caption alignnone\"><img loading=\"lazy\" decoding=\"async\" class=\"wp-image-1609\" src=\"https:\/\/jegkanogvil.no\/wp-content\/uploads\/2025\/07\/Koselig-maltid-300x208.png\" alt=\"Liten og litt st\u00f8rre jente har det hyggelig rundt spisebordet.\" width=\"400\" height=\"277\" srcset=\"https:\/\/jegkanogvil.no\/wp-content\/uploads\/2025\/07\/Koselig-maltid-300x208.png 300w, https:\/\/jegkanogvil.no\/wp-content\/uploads\/2025\/07\/Koselig-maltid-1024x709.png 1024w, https:\/\/jegkanogvil.no\/wp-content\/uploads\/2025\/07\/Koselig-maltid-768x532.png 768w, https:\/\/jegkanogvil.no\/wp-content\/uploads\/2025\/07\/Koselig-maltid.png 1040w\" sizes=\"auto, (max-width: 400px) 100vw, 400px\" \/><figcaption id=\"caption-attachment-1609\" class=\"wp-caption-text\">Det er hyggeligst rundt spise-bordet <br \/>n\u00e5r alle vet <br \/>hva som er greit <br \/>og hva som ikke er okei.<br \/>Har du eksempler p\u00e5 noe<br \/>som <strong>ikke er okei<\/strong> ved spise-bordet?<\/figcaption><\/figure>\n<p>God oppf\u00f8rsel rundt spise-bordet<br \/>\nheter\u00a0<strong>bord-skikk<\/strong>.<\/p>\n<p><strong>\u00c5pne og lukke boksene under med + og \u2013<\/strong><\/p>\n<div  class=\"lgc-column lgc-grid-parent lgc-grid-50 lgc-tablet-grid-50 lgc-mobile-grid-100 lgc-equal-heights \"><div  class=\"inside-grid-column\">\n<p><style>#sp-ea-1466 .spcollapsing { height: 0; overflow: hidden; transition-property: height;transition-duration: 300ms;}#sp-ea-1466.sp-easy-accordion>.sp-ea-single {margin-bottom: 10px; border: 4px solid #00b050; }#sp-ea-1466.sp-easy-accordion>.sp-ea-single>.ea-header a {color: #ff66ff;}#sp-ea-1466.sp-easy-accordion>.sp-ea-single>.sp-collapse>.ea-body {background: #fff; color: #444;}#sp-ea-1466.sp-easy-accordion>.sp-ea-single {background: #eee;}#sp-ea-1466.sp-easy-accordion>.sp-ea-single>.ea-header a .ea-expand-icon { float: left; color: #444;font-size: 16px;}<\/style><div id=\"sp_easy_accordion-1751986558\">\n<div id=\"sp-ea-1466\" class=\"sp-ea-one sp-easy-accordion\" data-ea-active=\"ea-click\" data-ea-mode=\"vertical\" data-preloader=\"\" data-scroll-active-item=\"\" data-offset-to-scroll=\"0\">\n\n<!-- Start accordion card div. -->\n<div class=\"ea-card ea-expand sp-ea-single\">\n\t<!-- Start accordion header. -->\n\t<h3 class=\"ea-header\">\n\t\t<!-- Add anchor tag for header. -->\n\t\t<a class=\"collapsed\" id=\"ea-header-14660\" role=\"button\" data-sptoggle=\"spcollapse\" data-sptarget=\"#collapse14660\" aria-controls=\"collapse14660\" href=\"#\"  aria-expanded=\"true\" tabindex=\"0\">\n\t\t<i aria-hidden=\"true\" role=\"presentation\" class=\"ea-expand-icon eap-icon-ea-expand-minus\"><\/i> Renslighet til bords\t\t<\/a> <!-- Close anchor tag for header. -->\n\t<\/h3>\t<!-- Close header tag. -->\n\t<!-- Start collapsible content div. -->\n\t<div class=\"sp-collapse spcollapse collapsed show\" id=\"collapse14660\" data-parent=\"#sp-ea-1466\" role=\"region\" aria-labelledby=\"ea-header-14660\">  <!-- Content div. -->\n\t\t<div class=\"ea-body\">\n\t\t<audio class=\"wp-audio-shortcode\" id=\"audio-61-2\" preload=\"none\" style=\"width: 100%;\" controls=\"controls\"><source type=\"audio\/mpeg\" src=\"https:\/\/jegkanogvil.no\/wp-content\/uploads\/2025\/09\/Renslighet-til-bords.mp3?_=2\" \/><a href=\"https:\/\/jegkanogvil.no\/wp-content\/uploads\/2025\/09\/Renslighet-til-bords.mp3\">https:\/\/jegkanogvil.no\/wp-content\/uploads\/2025\/09\/Renslighet-til-bords.mp3<\/a><\/audio>\n<p><img loading=\"lazy\" decoding=\"async\" class=\"alignnone wp-image-2100\" src=\"https:\/\/jegkanogvil.no\/wp-content\/uploads\/2025\/08\/Hansvasking-300x300.png\" alt=\"Hender som vaskes.\" width=\"250\" height=\"250\" srcset=\"https:\/\/jegkanogvil.no\/wp-content\/uploads\/2025\/08\/Hansvasking-300x300.png 300w, https:\/\/jegkanogvil.no\/wp-content\/uploads\/2025\/08\/Hansvasking-150x150.png 150w, https:\/\/jegkanogvil.no\/wp-content\/uploads\/2025\/08\/Hansvasking.png 567w\" sizes=\"auto, (max-width: 250px) 100vw, 250px\" \/><\/p>\n<p><strong>Vask hendene<\/strong> f\u00f8r du spiser.<\/p>\n<p>Skitt fra hendene kan havne<br \/>\ni munnen din mens du spiser.<br \/>\nDet kan gj\u00f8re deg syk.<\/p>\n<p>Andre kan synes at det er litt ekkelt<br \/>\nn\u00e5r noen spiser med skitne hender.<\/p>\n<p>Bruk serviett eller t\u00f8rke-papir<br \/>\nfor \u00e5 t\u00f8rke deg rundt munnen<br \/>\nunder m\u00e5ltidet.<\/p>\n<p>L\u00e6r \u00e5 bruke <strong>bestikk<\/strong> til middag.<br \/>\nBestikk er kniv, gaffel og skje.<\/p>\n<p>La v\u00e6re \u00e5 ta p\u00e5 middags-mat<br \/>\nmed hendene.<\/p>\n<p>Det er\u00a0likevel greit\u00a0\u00e5 spise<br \/>\nmed hendene dette:<\/p>\n<figure id=\"attachment_2054\" aria-describedby=\"caption-attachment-2054\" style=\"width: 400px\" class=\"wp-caption alignnone\"><img loading=\"lazy\" decoding=\"async\" class=\"wp-image-2054\" src=\"https:\/\/jegkanogvil.no\/wp-content\/uploads\/2025\/08\/Fingermat-300x208.png\" alt=\"Tegninger av fingermat.\" width=\"400\" height=\"277\" srcset=\"https:\/\/jegkanogvil.no\/wp-content\/uploads\/2025\/08\/Fingermat-300x208.png 300w, https:\/\/jegkanogvil.no\/wp-content\/uploads\/2025\/08\/Fingermat-1024x709.png 1024w, https:\/\/jegkanogvil.no\/wp-content\/uploads\/2025\/08\/Fingermat-768x532.png 768w, https:\/\/jegkanogvil.no\/wp-content\/uploads\/2025\/08\/Fingermat.png 1040w\" sizes=\"auto, (max-width: 400px) 100vw, 400px\" \/><figcaption id=\"caption-attachment-2054\" class=\"wp-caption-text\">\u2022 pizza-stykker<br \/>\u2022 kylling-klubber<br \/>\u2022 kylling-vinger<br \/>\u2022 p\u00f8lse i br\u00f8d eller lompe <br \/>\u2022 hamburger i br\u00f8d <br \/>\u2022 taco-lefse med fyll<\/figcaption><\/figure>\n<p>T\u00f8rk eller vask hendene etterp\u00e5.<\/p>\n<p>N\u00e5r du er ferdig med \u00e5 spise,<br \/>\nt\u00f8rk deg igjen rundt munnen.<\/p>\n<p>Andre liker ikke at du<br \/>\ntar p\u00e5 maten <strong>de<\/strong> skal spise.<br \/>\nDet gjelder for eksempel<br \/>\nbr\u00f8dskiver og frukt.<br \/>\n<strong>Send videre <\/strong>fatet eller kurven<br \/>\nmaten ligger i.<\/p>\n\t\t<\/div> <!-- Close content div. -->\n\t<\/div> <!-- Close collapse div. -->\n<\/div> <!-- Close card div. -->\n<!-- Start accordion card div. -->\n<div class=\"ea-card ea-expand sp-ea-single\">\n\t<!-- Start accordion header. -->\n\t<h3 class=\"ea-header\">\n\t\t<!-- Add anchor tag for header. -->\n\t\t<a class=\"collapsed\" id=\"ea-header-14661\" role=\"button\" data-sptoggle=\"spcollapse\" data-sptarget=\"#collapse14661\" aria-controls=\"collapse14661\" href=\"#\"  aria-expanded=\"true\" tabindex=\"0\">\n\t\t<i aria-hidden=\"true\" role=\"presentation\" class=\"ea-expand-icon eap-icon-ea-expand-minus\"><\/i> Prating og lyder\t\t<\/a> <!-- Close anchor tag for header. -->\n\t<\/h3>\t<!-- Close header tag. -->\n\t<!-- Start collapsible content div. -->\n\t<div class=\"sp-collapse spcollapse collapsed show\" id=\"collapse14661\" data-parent=\"#sp-ea-1466\" role=\"region\" aria-labelledby=\"ea-header-14661\">  <!-- Content div. -->\n\t\t<div class=\"ea-body\">\n\t\t<audio class=\"wp-audio-shortcode\" id=\"audio-61-3\" preload=\"none\" style=\"width: 100%;\" controls=\"controls\"><source type=\"audio\/mpeg\" src=\"https:\/\/jegkanogvil.no\/wp-content\/uploads\/2025\/09\/Prating-og-lyder.mp3?_=3\" \/><a href=\"https:\/\/jegkanogvil.no\/wp-content\/uploads\/2025\/09\/Prating-og-lyder.mp3\">https:\/\/jegkanogvil.no\/wp-content\/uploads\/2025\/09\/Prating-og-lyder.mp3<\/a><\/audio>\n<p><img loading=\"lazy\" decoding=\"async\" class=\"alignnone wp-image-2101\" src=\"https:\/\/jegkanogvil.no\/wp-content\/uploads\/2025\/08\/Konversasjon-300x300.png\" alt=\"Pratende mennesker ved et bord.\" width=\"250\" height=\"250\" srcset=\"https:\/\/jegkanogvil.no\/wp-content\/uploads\/2025\/08\/Konversasjon-300x300.png 300w, https:\/\/jegkanogvil.no\/wp-content\/uploads\/2025\/08\/Konversasjon-150x150.png 150w, https:\/\/jegkanogvil.no\/wp-content\/uploads\/2025\/08\/Konversasjon.png 567w\" sizes=\"auto, (max-width: 250px) 100vw, 250px\" \/><\/p>\n<p>N\u00e5r du spiser sammen med andre,<br \/>\ner det vanlig \u00e5 prate litt ogs\u00e5.<\/p>\n<p>Ikke snakk med mat i munnen.<br \/>\nAndre liker ikke \u00e5 h\u00f8re og se det.<br \/>\nDessuten kan noe mat<br \/>\nsprute ut av munnen.<\/p>\n<p>Det er ogs\u00e5 noe du\u00a0<strong>ikke<\/strong><br \/>\nskal prate om ved spisebordet:<\/p>\n<ul>\n<li>dobes\u00f8k, b\u00e6rs, tiss og promp<\/li>\n<li>blod og sn\u00f8rr<\/li>\n<li>ekle dyr som edder-kopper,<br \/>\nslanger, mus og mark<\/li>\n<li>kjipe opplevelser<\/li>\n<\/ul>\n<p>Hvis det kommer en rap,<br \/>\nsi \u201cunnskyld\u201d etterp\u00e5.<br \/>\nSa kan du fortsette \u00e5 prate.<\/p>\n<p>Pr\u00f8v ogs\u00e5 \u00e5 la v\u00e6re \u00e5 smatte og slurpe.<br \/>\nDet er ekkelt \u00e5 h\u00f8re p\u00e5.<\/p>\n\t\t<\/div> <!-- Close content div. -->\n\t<\/div> <!-- Close collapse div. -->\n<\/div> <!-- Close card div. -->\n<!-- Start accordion card div. -->\n<div class=\"ea-card ea-expand sp-ea-single\">\n\t<!-- Start accordion header. -->\n\t<h3 class=\"ea-header\">\n\t\t<!-- Add anchor tag for header. -->\n\t\t<a class=\"collapsed\" id=\"ea-header-14662\" role=\"button\" data-sptoggle=\"spcollapse\" data-sptarget=\"#collapse14662\" aria-controls=\"collapse14662\" href=\"#\"  aria-expanded=\"true\" tabindex=\"0\">\n\t\t<i aria-hidden=\"true\" role=\"presentation\" class=\"ea-expand-icon eap-icon-ea-expand-minus\"><\/i> H\u00f8flighet\t\t<\/a> <!-- Close anchor tag for header. -->\n\t<\/h3>\t<!-- Close header tag. -->\n\t<!-- Start collapsible content div. -->\n\t<div class=\"sp-collapse spcollapse collapsed show\" id=\"collapse14662\" data-parent=\"#sp-ea-1466\" role=\"region\" aria-labelledby=\"ea-header-14662\">  <!-- Content div. -->\n\t\t<div class=\"ea-body\">\n\t\t<audio class=\"wp-audio-shortcode\" id=\"audio-61-4\" preload=\"none\" style=\"width: 100%;\" controls=\"controls\"><source type=\"audio\/mpeg\" src=\"https:\/\/jegkanogvil.no\/wp-content\/uploads\/2025\/09\/Hoflighet.mp3?_=4\" \/><a href=\"https:\/\/jegkanogvil.no\/wp-content\/uploads\/2025\/09\/Hoflighet.mp3\">https:\/\/jegkanogvil.no\/wp-content\/uploads\/2025\/09\/Hoflighet.mp3<\/a><\/audio>\n<p><img loading=\"lazy\" decoding=\"async\" class=\"alignnone wp-image-2102\" src=\"https:\/\/jegkanogvil.no\/wp-content\/uploads\/2025\/08\/Hoflig-300x300.png\" alt=\"H\u00f8flige personer ved et matbord.\" width=\"250\" height=\"250\" srcset=\"https:\/\/jegkanogvil.no\/wp-content\/uploads\/2025\/08\/Hoflig-300x300.png 300w, https:\/\/jegkanogvil.no\/wp-content\/uploads\/2025\/08\/Hoflig-150x150.png 150w, https:\/\/jegkanogvil.no\/wp-content\/uploads\/2025\/08\/Hoflig.png 567w\" sizes=\"auto, (max-width: 250px) 100vw, 250px\" \/><\/p>\n<p>\u00c5 v\u00e6re h\u00f8flig er alltid bra.<\/p>\n<p>Hvis du for eksempel \u00f8nsker<br \/>\nmer salat, be h\u00f8flig om det<br \/>\nSi til en som sitter n\u00e6r salaten:<br \/>\n\u201cKan du v\u00e6re s\u00e5 snill<br \/>\n\u00e5 sende meg salaten .\u201d<\/p>\n<p>N\u00e5r noen tilbyr deg mat,<br \/>\nsvar h\u00f8flig:<br \/>\n\u201cJa,\u00a0<strong>takk<\/strong>\u201d (ikke bare \u201cJa\u201d)<br \/>\neller:<br \/>\n\u201cNei,\u00a0<strong>takk<\/strong>\u201d (ikke bare \u201cNei\u201d)<\/p>\n<p>Kanskje noen serverer deg mat<br \/>\nog du er\u00a0<strong>usikker<\/strong>\u00a0p\u00e5<br \/>\nom du liker det.<br \/>\nDa kan du for eksempel si:<br \/>\n\u201cKan jeg f\u00e5 bare bitte lite grann?\u201d<\/p>\n<p>Eller hvis du\u00a0<strong>vet<\/strong><br \/>\nat du ikke liker noe, kan du si:<br \/>\n\u201cJeg er ikke s\u00e5 glad i \u2026\u201d<\/p>\n<p>Hvis du ikke t\u00e5ler noe av<br \/>\nmaten som serveres,<br \/>\nkan du si:<br \/>\n\u201cBeklager, jeg t\u00e5ler det ikke.\u201d<\/p>\n<p>Takk for maten etter m\u00e5ltidet.<\/p>\n\t\t<\/div> <!-- Close content div. -->\n\t<\/div> <!-- Close collapse div. -->\n<\/div> <!-- Close card div. -->\n<\/div>\n<\/div>\n<\/p>\n<p><\/p><\/div><\/div><div class=\"lgc-clear\"><\/div>\n<p><a href=\"https:\/\/jegkanogvil.no\/?page_id=1493\"><img loading=\"lazy\" decoding=\"async\" class=\"alignnone wp-image-337\" src=\"https:\/\/jegkanogvil.no\/wp-content\/uploads\/2024\/11\/Mat-og-drikke-248x300.png\" alt=\"\" width=\"124\" height=\"150\" srcset=\"https:\/\/jegkanogvil.no\/wp-content\/uploads\/2024\/11\/Mat-og-drikke-248x300.png 248w, https:\/\/jegkanogvil.no\/wp-content\/uploads\/2024\/11\/Mat-og-drikke.png 718w\" sizes=\"auto, (max-width: 124px) 100vw, 124px\" \/><\/a>\u00a0<a href=\"https:\/\/jegkanogvil.no\/?page_id=59\"><img loading=\"lazy\" decoding=\"async\" class=\"alignnone wp-image-1472\" src=\"https:\/\/jegkanogvil.no\/wp-content\/uploads\/2025\/07\/Kostrad-248x300.png\" alt=\"Til: Kost-r\u00e5d\" width=\"124\" height=\"150\" srcset=\"https:\/\/jegkanogvil.no\/wp-content\/uploads\/2025\/07\/Kostrad-248x300.png 248w, https:\/\/jegkanogvil.no\/wp-content\/uploads\/2025\/07\/Kostrad.png 718w\" sizes=\"auto, (max-width: 124px) 100vw, 124px\" \/><\/a> <a href=\"https:\/\/jegkanogvil.no\/?page_id=1497\"><img loading=\"lazy\" decoding=\"async\" class=\"alignnone wp-image-1487\" src=\"https:\/\/jegkanogvil.no\/wp-content\/uploads\/2025\/07\/Minstmulig-248x300.png\" alt=\"Til: Minst mulig...\" width=\"124\" height=\"150\" srcset=\"https:\/\/jegkanogvil.no\/wp-content\/uploads\/2025\/07\/Minstmulig-248x300.png 248w, https:\/\/jegkanogvil.no\/wp-content\/uploads\/2025\/07\/Minstmulig.png 718w\" sizes=\"auto, (max-width: 124px) 100vw, 124px\" \/><\/a> <a href=\"https:\/\/jegkanogvil.no\/?page_id=1501\"><img loading=\"lazy\" decoding=\"async\" class=\"alignnone wp-image-1484\" src=\"https:\/\/jegkanogvil.no\/wp-content\/uploads\/2025\/07\/Neimat-248x300.png\" alt=\"Til: Nei-mat for noen\" width=\"124\" height=\"150\" srcset=\"https:\/\/jegkanogvil.no\/wp-content\/uploads\/2025\/07\/Neimat-248x300.png 248w, https:\/\/jegkanogvil.no\/wp-content\/uploads\/2025\/07\/Neimat.png 718w\" sizes=\"auto, (max-width: 124px) 100vw, 124px\" \/><\/a> \u00a0<a href=\"https:\/\/jegkanogvil.no\/?page_id=1194\"><img loading=\"lazy\" decoding=\"async\" class=\"alignnone wp-image-1180\" src=\"https:\/\/jegkanogvil.no\/wp-content\/uploads\/2025\/04\/Maltider-248x300.png\" alt=\"\" width=\"124\" height=\"150\" srcset=\"https:\/\/jegkanogvil.no\/wp-content\/uploads\/2025\/04\/Maltider-248x300.png 248w, https:\/\/jegkanogvil.no\/wp-content\/uploads\/2025\/04\/Maltider.png 718w\" sizes=\"auto, (max-width: 124px) 100vw, 124px\" \/><\/a>\u00a0<a href=\"https:\/\/jegkanogvil.no\/?page_id=63\"><img loading=\"lazy\" decoding=\"async\" class=\"alignnone wp-image-1179\" src=\"https:\/\/jegkanogvil.no\/wp-content\/uploads\/2025\/04\/Lag-mat-selv-248x300.png\" alt=\"\" width=\"124\" height=\"150\" srcset=\"https:\/\/jegkanogvil.no\/wp-content\/uploads\/2025\/04\/Lag-mat-selv-248x300.png 248w, https:\/\/jegkanogvil.no\/wp-content\/uploads\/2025\/04\/Lag-mat-selv.png 718w\" sizes=\"auto, (max-width: 124px) 100vw, 124px\" \/><\/a> <a href=\"https:\/\/jegkanogvil.no\/?page_id=2597\"><img loading=\"lazy\" decoding=\"async\" class=\"alignnone wp-image-2593\" src=\"https:\/\/jegkanogvil.no\/wp-content\/uploads\/2025\/12\/Matfilmer-248x300.png\" alt=\"Til: Matfilmer\" width=\"124\" height=\"150\" srcset=\"https:\/\/jegkanogvil.no\/wp-content\/uploads\/2025\/12\/Matfilmer-248x300.png 248w, https:\/\/jegkanogvil.no\/wp-content\/uploads\/2025\/12\/Matfilmer.png 718w\" sizes=\"auto, (max-width: 124px) 100vw, 124px\" \/><\/a><\/p>\n<p><a href=\"https:\/\/jegkanogvil.no\/\"><img loading=\"lazy\" decoding=\"async\" class=\"alignnone wp-image-766\" src=\"https:\/\/jegkanogvil.no\/wp-content\/uploads\/2025\/03\/Home-knappG-150x150.png\" alt=\"Til: Hjem\" width=\"120\" height=\"120\" srcset=\"https:\/\/jegkanogvil.no\/wp-content\/uploads\/2025\/03\/Home-knappG-150x150.png 150w, https:\/\/jegkanogvil.no\/wp-content\/uploads\/2025\/03\/Home-knappG-300x300.png 300w, https:\/\/jegkanogvil.no\/wp-content\/uploads\/2025\/03\/Home-knappG.png 567w\" sizes=\"auto, (max-width: 120px) 100vw, 120px\" \/><\/a><\/p>\n","protected":false},"excerpt":{"rendered":"<p>\u00c5 v\u00e6re med p\u00e5 m\u00e5ltider sammen med andre er hyggelig. Alle skal ha det trivelig ved spise-bordet. Derfor fins det noen regler for: det som er vanlig og greit \u00e5 gj\u00f8re det som er mindre greit eller feil \u00e5 gj\u00f8re God oppf\u00f8rsel rundt spise-bordet heter\u00a0bord-skikk. \u00c5pne og lukke boksene under med + og \u2013 \u00a0 [&hellip;]<\/p>\n","protected":false},"author":1,"featured_media":0,"parent":0,"menu_order":0,"comment_status":"closed","ping_status":"closed","template":"","meta":{"footnotes":""},"class_list":["post-61","page","type-page","status-publish","hentry"],"_links":{"self":[{"href":"https:\/\/jegkanogvil.no\/index.php?rest_route=\/wp\/v2\/pages\/61","targetHints":{"allow":["GET"]}}],"collection":[{"href":"https:\/\/jegkanogvil.no\/index.php?rest_route=\/wp\/v2\/pages"}],"about":[{"href":"https:\/\/jegkanogvil.no\/index.php?rest_route=\/wp\/v2\/types\/page"}],"author":[{"embeddable":true,"href":"https:\/\/jegkanogvil.no\/index.php?rest_route=\/wp\/v2\/users\/1"}],"replies":[{"embeddable":true,"href":"https:\/\/jegkanogvil.no\/index.php?rest_route=%2Fwp%2Fv2%2Fcomments&post=61"}],"version-history":[{"count":39,"href":"https:\/\/jegkanogvil.no\/index.php?rest_route=\/wp\/v2\/pages\/61\/revisions"}],"predecessor-version":[{"id":2622,"href":"https:\/\/jegkanogvil.no\/index.php?rest_route=\/wp\/v2\/pages\/61\/revisions\/2622"}],"wp:attachment":[{"href":"https:\/\/jegkanogvil.no\/index.php?rest_route=%2Fwp%2Fv2%2Fmedia&parent=61"}],"curies":[{"name":"wp","href":"https:\/\/api.w.org\/{rel}","templated":true}]}}