{"id":29,"date":"2024-10-29T10:24:58","date_gmt":"2024-10-29T08:24:58","guid":{"rendered":"https:\/\/jegkanogvil.no\/?page_id=29"},"modified":"2026-02-20T13:30:31","modified_gmt":"2026-02-20T11:30:31","slug":"rydde","status":"publish","type":"page","link":"https:\/\/jegkanogvil.no\/?page_id=29","title":{"rendered":"Rydde"},"content":{"rendered":"<audio class=\"wp-audio-shortcode\" id=\"audio-29-1\" preload=\"none\" style=\"width: 100%;\" controls=\"controls\"><source type=\"audio\/mpeg\" src=\"https:\/\/jegkanogvil.no\/wp-content\/uploads\/2025\/09\/Rydde.mp3?_=1\" \/><a href=\"https:\/\/jegkanogvil.no\/wp-content\/uploads\/2025\/09\/Rydde.mp3\">https:\/\/jegkanogvil.no\/wp-content\/uploads\/2025\/09\/Rydde.mp3<\/a><\/audio>\n<p>Litt rydding hver dag gj\u00f8r det hyggeligere.<br \/>\nDet blir triveligere b\u00e5de for deg selv<br \/>\nog familien din.<\/p>\n<p>Trykk p\u00e5 en knapp under for \u00e5 l\u00e6re<br \/>\nhvordan <strong>du kan hjelpe til<\/strong>.<\/p>\n<p><a href=\"https:\/\/jegkanogvil.no\/?page_id=169\"><img loading=\"lazy\" decoding=\"async\" class=\"alignnone wp-image-1109\" src=\"https:\/\/jegkanogvil.no\/wp-content\/uploads\/2025\/04\/Hjemmet-248x300.png\" alt=\"Til: Hjemmet\" width=\"124\" height=\"150\" srcset=\"https:\/\/jegkanogvil.no\/wp-content\/uploads\/2025\/04\/Hjemmet-248x300.png 248w, https:\/\/jegkanogvil.no\/wp-content\/uploads\/2025\/04\/Hjemmet.png 718w\" sizes=\"auto, (max-width: 124px) 100vw, 124px\" \/><\/a> <a href=\"https:\/\/jegkanogvil.no\/?page_id=91\"><img loading=\"lazy\" decoding=\"async\" class=\"alignnone wp-image-1385\" src=\"https:\/\/jegkanogvil.no\/wp-content\/uploads\/2025\/07\/Rommet_ditt-248x300.png\" alt=\"Til: Rommet ditt\" width=\"124\" height=\"150\" srcset=\"https:\/\/jegkanogvil.no\/wp-content\/uploads\/2025\/07\/Rommet_ditt-248x300.png 248w, https:\/\/jegkanogvil.no\/wp-content\/uploads\/2025\/07\/Rommet_ditt.png 718w\" sizes=\"auto, (max-width: 124px) 100vw, 124px\" \/><\/a> <a href=\"https:\/\/jegkanogvil.no\/?page_id=2663\"><img loading=\"lazy\" decoding=\"async\" class=\"alignnone wp-image-2594\" src=\"https:\/\/jegkanogvil.no\/wp-content\/uploads\/2025\/12\/Rydde-filmen-248x300.png\" alt=\"Til: Rydde-filmen\" width=\"124\" height=\"150\" srcset=\"https:\/\/jegkanogvil.no\/wp-content\/uploads\/2025\/12\/Rydde-filmen-248x300.png 248w, https:\/\/jegkanogvil.no\/wp-content\/uploads\/2025\/12\/Rydde-filmen.png 718w\" sizes=\"auto, (max-width: 124px) 100vw, 124px\" \/><\/a><\/p>\n<p><a href=\"https:\/\/jegkanogvil.no\/\"><img loading=\"lazy\" decoding=\"async\" class=\"alignnone wp-image-766\" src=\"https:\/\/jegkanogvil.no\/wp-content\/uploads\/2025\/03\/Home-knappG-150x150.png\" alt=\"Til: Hjem\" width=\"120\" height=\"120\" srcset=\"https:\/\/jegkanogvil.no\/wp-content\/uploads\/2025\/03\/Home-knappG-150x150.png 150w, https:\/\/jegkanogvil.no\/wp-content\/uploads\/2025\/03\/Home-knappG-300x300.png 300w, https:\/\/jegkanogvil.no\/wp-content\/uploads\/2025\/03\/Home-knappG.png 567w\" sizes=\"auto, (max-width: 120px) 100vw, 120px\" \/><\/a><\/p>\n","protected":false},"excerpt":{"rendered":"<p>Litt rydding hver dag gj\u00f8r det hyggeligere. Det blir triveligere b\u00e5de for deg selv og familien din. Trykk p\u00e5 en knapp under for \u00e5 l\u00e6re hvordan du kan hjelpe til.<\/p>\n","protected":false},"author":1,"featured_media":0,"parent":0,"menu_order":0,"comment_status":"closed","ping_status":"closed","template":"","meta":{"footnotes":""},"class_list":["post-29","page","type-page","status-publish","hentry"],"_links":{"self":[{"href":"https:\/\/jegkanogvil.no\/index.php?rest_route=\/wp\/v2\/pages\/29","targetHints":{"allow":["GET"]}}],"collection":[{"href":"https:\/\/jegkanogvil.no\/index.php?rest_route=\/wp\/v2\/pages"}],"about":[{"href":"https:\/\/jegkanogvil.no\/index.php?rest_route=\/wp\/v2\/types\/page"}],"author":[{"embeddable":true,"href":"https:\/\/jegkanogvil.no\/index.php?rest_route=\/wp\/v2\/users\/1"}],"replies":[{"embeddable":true,"href":"https:\/\/jegkanogvil.no\/index.php?rest_route=%2Fwp%2Fv2%2Fcomments&post=29"}],"version-history":[{"count":23,"href":"https:\/\/jegkanogvil.no\/index.php?rest_route=\/wp\/v2\/pages\/29\/revisions"}],"predecessor-version":[{"id":2661,"href":"https:\/\/jegkanogvil.no\/index.php?rest_route=\/wp\/v2\/pages\/29\/revisions\/2661"}],"wp:attachment":[{"href":"https:\/\/jegkanogvil.no\/index.php?rest_route=%2Fwp%2Fv2%2Fmedia&parent=29"}],"curies":[{"name":"wp","href":"https:\/\/api.w.org\/{rel}","templated":true}]}}