{"id":242,"date":"2024-10-30T00:01:23","date_gmt":"2024-10-29T22:01:23","guid":{"rendered":"https:\/\/jegkanogvil.no\/?page_id=242"},"modified":"2025-09-24T17:27:25","modified_gmt":"2025-09-24T15:27:25","slug":"skvaere-opp","status":"publish","type":"page","link":"https:\/\/jegkanogvil.no\/?page_id=242","title":{"rendered":"Omsorg"},"content":{"rendered":"<audio class=\"wp-audio-shortcode\" id=\"audio-242-1\" preload=\"none\" style=\"width: 100%;\" controls=\"controls\"><source type=\"audio\/mpeg\" src=\"https:\/\/jegkanogvil.no\/wp-content\/uploads\/2025\/09\/Omsorg.mp3?_=1\" \/><a href=\"https:\/\/jegkanogvil.no\/wp-content\/uploads\/2025\/09\/Omsorg.mp3\">https:\/\/jegkanogvil.no\/wp-content\/uploads\/2025\/09\/Omsorg.mp3<\/a><\/audio>\n<p>Omsorg handler om \u00e5 passe p\u00e5<br \/>\nat andre har det bra.<\/p>\n<p>Under st\u00e5r det om noen<br \/>\nm\u00e5ter \u00e5 vise omsorg p\u00e5.<\/p>\n<h2>Tr\u00f8ste<\/h2>\n<p><strong>Tr\u00f8ste <\/strong>n\u00e5r en annen er lei seg.<br \/>\nGode ord han hjelpe mye.<br \/>\nDet kan hjelpe bare \u00e5 snakke sammen.<br \/>\nKanskje kan du gi den andre<br \/>\nen god klem.<br \/>\nOg kanskje passer det \u00e5 si:<br \/>\n\u00abJeg er glad i deg.\u00bb<\/p>\n<figure id=\"attachment_1821\" aria-describedby=\"caption-attachment-1821\" style=\"width: 400px\" class=\"wp-caption alignnone\"><img loading=\"lazy\" decoding=\"async\" class=\"wp-image-1821\" src=\"https:\/\/jegkanogvil.no\/wp-content\/uploads\/2025\/07\/Klem-300x208.png\" alt=\"Jenter gir hverandre en klem.\" width=\"400\" height=\"277\" srcset=\"https:\/\/jegkanogvil.no\/wp-content\/uploads\/2025\/07\/Klem-300x208.png 300w, https:\/\/jegkanogvil.no\/wp-content\/uploads\/2025\/07\/Klem-1024x709.png 1024w, https:\/\/jegkanogvil.no\/wp-content\/uploads\/2025\/07\/Klem-768x532.png 768w, https:\/\/jegkanogvil.no\/wp-content\/uploads\/2025\/07\/Klem.png 1040w\" sizes=\"auto, (max-width: 400px) 100vw, 400px\" \/><figcaption id=\"caption-attachment-1821\" class=\"wp-caption-text\">En klem kan v\u00e6re til tr\u00f8st <br \/>for den som er lei seg. <br \/>Hva tror du de sa til hverandre?<\/figcaption><\/figure>\n<p>Eller du kan sp\u00f8rre:<br \/>\n\u00abKan jeg gj\u00f8re noe s\u00e5<br \/>\ndu blir gladere?\u00bb<\/p>\n<h2>Skv\u00e6re opp og si unnskyld<\/h2>\n<p>Mange venner krangler av og til.<br \/>\nEller de sier noe dumt eller s\u00e5rende.<\/p>\n<p>Da er det lurt \u00e5 si unnskyld etterp\u00e5.<br \/>\nKanskje passer det ogs\u00e5 og love \u00e5<br \/>\nikke krangle igjen.<\/p>\n<p>Du kan si: \u00abUnnskyld.<br \/>\nDet var dumt av meg.<br \/>\nKan du tilgi meg?\u00bb<\/p>\n<p>Den andre kan da tilgi.<br \/>\nDet vil si at den andre<br \/>\nikke vil v\u00e6re sint p\u00e5 deg lenger.<\/p>\n<figure id=\"attachment_1823\" aria-describedby=\"caption-attachment-1823\" style=\"width: 400px\" class=\"wp-caption alignnone\"><img loading=\"lazy\" decoding=\"async\" class=\"wp-image-1823\" src=\"https:\/\/jegkanogvil.no\/wp-content\/uploads\/2025\/07\/Troste-300x208.png\" alt=\"To barn lener mot hvrandre.\" width=\"400\" height=\"277\" srcset=\"https:\/\/jegkanogvil.no\/wp-content\/uploads\/2025\/07\/Troste-300x208.png 300w, https:\/\/jegkanogvil.no\/wp-content\/uploads\/2025\/07\/Troste-1024x709.png 1024w, https:\/\/jegkanogvil.no\/wp-content\/uploads\/2025\/07\/Troste-768x532.png 768w, https:\/\/jegkanogvil.no\/wp-content\/uploads\/2025\/07\/Troste.png 1040w\" sizes=\"auto, (max-width: 400px) 100vw, 400px\" \/><figcaption id=\"caption-attachment-1823\" class=\"wp-caption-text\">Disse guttene kranglet.<br \/>De ble fort venner igjen.<br \/>De har l\u00e6rt \u00e5 skv\u00e6re opp raskt.<br \/>Hvordan tror du de klarer det?<\/figcaption><\/figure>\n<p>De aller beste venner kan bli<br \/>\nveldig uenige om noe.<br \/>\nDet kan v\u00e6re godt \u00e5 snakke rolig<br \/>\nom det dere er uenige om.<br \/>\nKanskje dere kan bli enige<br \/>\nhvis <strong>begge<\/strong> kan gi seg litt.<\/p>\n<p>Eller dere kan bli enige om<br \/>\nat dere har ulike meninger.<br \/>\nMen dere syns at det er greit.<br \/>\nDet er en fin m\u00e5te \u00e5 bli ferdige<br \/>\nmed saken p\u00e5.<\/p>\n<p><a href=\"https:\/\/jegkanogvil.no\/?page_id=83\"><img loading=\"lazy\" decoding=\"async\" class=\"alignnone wp-image-2014\" src=\"https:\/\/jegkanogvil.no\/wp-content\/uploads\/2025\/08\/Sosialt-248x300.png\" alt=\"Til: Sosialt\" width=\"124\" height=\"150\" srcset=\"https:\/\/jegkanogvil.no\/wp-content\/uploads\/2025\/08\/Sosialt-248x300.png 248w, https:\/\/jegkanogvil.no\/wp-content\/uploads\/2025\/08\/Sosialt.png 718w\" sizes=\"auto, (max-width: 124px) 100vw, 124px\" \/><\/a> <a href=\"https:\/\/jegkanogvil.no\/?page_id=87\"><img loading=\"lazy\" decoding=\"async\" class=\"alignnone wp-image-982\" src=\"https:\/\/jegkanogvil.no\/wp-content\/uploads\/2025\/03\/En-god-venn-248x300.png\" alt=\"Til: En god venn\" width=\"124\" height=\"150\" srcset=\"https:\/\/jegkanogvil.no\/wp-content\/uploads\/2025\/03\/En-god-venn-248x300.png 248w, https:\/\/jegkanogvil.no\/wp-content\/uploads\/2025\/03\/En-god-venn.png 718w\" sizes=\"auto, (max-width: 124px) 100vw, 124px\" \/><\/a> <a href=\"https:\/\/jegkanogvil.no\/?page_id=1001\"><img loading=\"lazy\" decoding=\"async\" class=\"alignnone wp-image-983\" src=\"https:\/\/jegkanogvil.no\/wp-content\/uploads\/2025\/03\/Gode-spillere-248x300.png\" alt=\"Til: Gode spillere\" width=\"124\" height=\"150\" srcset=\"https:\/\/jegkanogvil.no\/wp-content\/uploads\/2025\/03\/Gode-spillere-248x300.png 248w, https:\/\/jegkanogvil.no\/wp-content\/uploads\/2025\/03\/Gode-spillere.png 718w\" sizes=\"auto, (max-width: 124px) 100vw, 124px\" \/><\/a>\u00a0<a href=\"https:\/\/jegkanogvil.no\/?page_id=89\"><img loading=\"lazy\" decoding=\"async\" class=\"alignnone wp-image-1777\" src=\"https:\/\/jegkanogvil.no\/wp-content\/uploads\/2025\/07\/AleneOK-248x300.png\" alt=\"Til Okei alene\" width=\"124\" height=\"150\" srcset=\"https:\/\/jegkanogvil.no\/wp-content\/uploads\/2025\/07\/AleneOK-248x300.png 248w, https:\/\/jegkanogvil.no\/wp-content\/uploads\/2025\/07\/AleneOK.png 718w\" sizes=\"auto, (max-width: 124px) 100vw, 124px\" \/><\/a> <a href=\"https:\/\/jegkanogvil.no\/?page_id=2238\"><img loading=\"lazy\" decoding=\"async\" class=\"alignnone wp-image-2236\" src=\"https:\/\/jegkanogvil.no\/wp-content\/uploads\/2025\/09\/Grupper-knapp-248x300.png\" alt=\"Til: Grupper\" width=\"124\" height=\"150\" srcset=\"https:\/\/jegkanogvil.no\/wp-content\/uploads\/2025\/09\/Grupper-knapp-248x300.png 248w, https:\/\/jegkanogvil.no\/wp-content\/uploads\/2025\/09\/Grupper-knapp.png 718w\" sizes=\"auto, (max-width: 124px) 100vw, 124px\" \/><\/a><\/p>\n<p><a href=\"https:\/\/jegkanogvil.no\/\"><img loading=\"lazy\" decoding=\"async\" class=\"alignnone wp-image-766\" src=\"https:\/\/jegkanogvil.no\/wp-content\/uploads\/2025\/03\/Home-knappG-150x150.png\" alt=\"Til: Hjem\" width=\"120\" height=\"120\" srcset=\"https:\/\/jegkanogvil.no\/wp-content\/uploads\/2025\/03\/Home-knappG-150x150.png 150w, https:\/\/jegkanogvil.no\/wp-content\/uploads\/2025\/03\/Home-knappG-300x300.png 300w, https:\/\/jegkanogvil.no\/wp-content\/uploads\/2025\/03\/Home-knappG.png 567w\" sizes=\"auto, (max-width: 120px) 100vw, 120px\" \/><\/a><\/p>\n","protected":false},"excerpt":{"rendered":"<p>Omsorg handler om \u00e5 passe p\u00e5 at andre har det bra. Under st\u00e5r det om noen m\u00e5ter \u00e5 vise omsorg p\u00e5. Tr\u00f8ste Tr\u00f8ste n\u00e5r en annen er lei seg. Gode ord han hjelpe mye. Det kan hjelpe bare \u00e5 snakke sammen. Kanskje kan du gi den andre en god klem. Og kanskje passer det \u00e5 [&hellip;]<\/p>\n","protected":false},"author":1,"featured_media":0,"parent":0,"menu_order":0,"comment_status":"closed","ping_status":"closed","template":"","meta":{"footnotes":""},"class_list":["post-242","page","type-page","status-publish","hentry"],"_links":{"self":[{"href":"https:\/\/jegkanogvil.no\/index.php?rest_route=\/wp\/v2\/pages\/242","targetHints":{"allow":["GET"]}}],"collection":[{"href":"https:\/\/jegkanogvil.no\/index.php?rest_route=\/wp\/v2\/pages"}],"about":[{"href":"https:\/\/jegkanogvil.no\/index.php?rest_route=\/wp\/v2\/types\/page"}],"author":[{"embeddable":true,"href":"https:\/\/jegkanogvil.no\/index.php?rest_route=\/wp\/v2\/users\/1"}],"replies":[{"embeddable":true,"href":"https:\/\/jegkanogvil.no\/index.php?rest_route=%2Fwp%2Fv2%2Fcomments&post=242"}],"version-history":[{"count":25,"href":"https:\/\/jegkanogvil.no\/index.php?rest_route=\/wp\/v2\/pages\/242\/revisions"}],"predecessor-version":[{"id":2357,"href":"https:\/\/jegkanogvil.no\/index.php?rest_route=\/wp\/v2\/pages\/242\/revisions\/2357"}],"wp:attachment":[{"href":"https:\/\/jegkanogvil.no\/index.php?rest_route=%2Fwp%2Fv2%2Fmedia&parent=242"}],"curies":[{"name":"wp","href":"https:\/\/api.w.org\/{rel}","templated":true}]}}