{"id":2419,"date":"2025-09-24T13:20:52","date_gmt":"2025-09-24T11:20:52","guid":{"rendered":"https:\/\/jegkanogvil.no\/?page_id=2419"},"modified":"2025-09-29T13:44:25","modified_gmt":"2025-09-29T11:44:25","slug":"sex","status":"publish","type":"page","link":"https:\/\/jegkanogvil.no\/?page_id=2419","title":{"rendered":"Sex"},"content":{"rendered":"<audio class=\"wp-audio-shortcode\" id=\"audio-2419-1\" preload=\"none\" style=\"width: 100%;\" controls=\"controls\"><source type=\"audio\/mpeg\" src=\"https:\/\/jegkanogvil.no\/wp-content\/uploads\/2025\/09\/Sex-1.mp3?_=1\" \/><a href=\"https:\/\/jegkanogvil.no\/wp-content\/uploads\/2025\/09\/Sex-1.mp3\">https:\/\/jegkanogvil.no\/wp-content\/uploads\/2025\/09\/Sex-1.mp3<\/a><\/audio>\n<p>Ved sex koser kj\u00e6restene<br \/>\nmed hverandre.<br \/>\nDe kysser og stryker<br \/>\nhverandres kropper.<\/p>\n<p>Tissen til mannen (gutten) blir stiv.<br \/>\nKvinnen (jenta) blir v\u00e5t i skjeden.<br \/>\nKroppene gj\u00f8r seg klare for samleie.<\/p>\n<figure id=\"attachment_2428\" aria-describedby=\"caption-attachment-2428\" style=\"width: 400px\" class=\"wp-caption alignnone\"><img loading=\"lazy\" decoding=\"async\" class=\"wp-image-2428\" src=\"https:\/\/jegkanogvil.no\/wp-content\/uploads\/2025\/09\/Kjaerester-300x208.png\" alt=\"Gutt og jente koser med hverandre under dyna.\" width=\"400\" height=\"277\" srcset=\"https:\/\/jegkanogvil.no\/wp-content\/uploads\/2025\/09\/Kjaerester-300x208.png 300w, https:\/\/jegkanogvil.no\/wp-content\/uploads\/2025\/09\/Kjaerester-768x532.png 768w, https:\/\/jegkanogvil.no\/wp-content\/uploads\/2025\/09\/Kjaerester.png 1024w\" sizes=\"auto, (max-width: 400px) 100vw, 400px\" \/><figcaption id=\"caption-attachment-2428\" class=\"wp-caption-text\">Kj\u00e6reste-paret koser med hverandre. <br \/>Begge er 18 \u00e5r.<br \/>De kommer nok til \u00e5 ha sex.<br \/>Begge liker det.<\/figcaption><\/figure>\n<h2>Samleie<\/h2>\n<p>Mange \u00f8nsker \u00e5 ha samleie.<br \/>\nDet heter ogs\u00e5 \u00e5\u00a0<strong>elske med<\/strong> hverandre.<\/p>\n<p>Ved\u00a0<strong>samleie<\/strong><br \/>\nf\u00f8rer mannen (gutten) den stive tissen sin<br \/>\ninn i skjeden til kvinnen (jenta).<br \/>\nMannen beveger tissen mange ganger<br \/>\nfram og tilbake i kvinnens skjede.<br \/>\nKvinnen kan ogs\u00e5 godt bevege seg.<\/p>\n<p>Til slutt f\u00e5r mannen oftest s\u00e6d-avgang.<br \/>\nDa spruter s\u00e6d ut av tissen.<br \/>\nMuskler i kvinnens (jentas) underliv<br \/>\ntrekker seg sammen flere ganger.<br \/>\nEtterp\u00e5 har begge<br \/>\nen god avslappet f\u00f8lelse i kroppen.<\/p>\n<audio class=\"wp-audio-shortcode\" id=\"audio-2419-2\" preload=\"none\" style=\"width: 100%;\" controls=\"controls\"><source type=\"audio\/mpeg\" src=\"https:\/\/jegkanogvil.no\/wp-content\/uploads\/2025\/09\/Sex-2.mp3?_=2\" \/><a href=\"https:\/\/jegkanogvil.no\/wp-content\/uploads\/2025\/09\/Sex-2.mp3\">https:\/\/jegkanogvil.no\/wp-content\/uploads\/2025\/09\/Sex-2.mp3<\/a><\/audio>\n<h2>Prevensjon<\/h2>\n<p>Etter samleiet kan s\u00e6d-celler bevege seg<br \/>\ntil kvinnens egg-celler.<br \/>\nDa kan hun bli gravid.<br \/>\n<strong>Det kan v\u00e6re nok med 1 samleie<br \/>\nfor \u00e5 bli gravid.<\/strong><\/p>\n<p>Prevensjons-midler kan <strong>hindre graviditet<\/strong>.<\/p>\n<p>Det fins mange ulike typer prevensjon.<br \/>\nVanlige prevensjons-midler er:<\/p>\n<ul>\n<li><strong>kondom<\/strong> for mannen (gutten)<br \/>\nDet er laget av et tynt materiale.<br \/>\nN\u00e5r tissen er stiv,<br \/>\nkan han rulle p\u00e5 kondomet.<br \/>\nKondom beskytter mot<br \/>\nkj\u00f8nns-sykdommer.<\/li>\n<li><strong>p-piller<\/strong> for kvinnen (jenta)<br \/>\nDe\u00a0er hormon-tabletter<br \/>\nsom hun m\u00e5 ta<br \/>\n<strong>hver dag til samme tid<\/strong>.<\/li>\n<li><strong>hormon-spiral<\/strong> for kvinnen (jenta)<br \/>\nDen\u00a0er laget av plast og hormoner.<br \/>\nLegen eller helse-sykepleieren<br \/>\nf\u00f8rer den gjennom skjeden<br \/>\ninn i livmoren.<\/li>\n<\/ul>\n<p>Hormoner er stoffer som p\u00e5virker ting<br \/>\nsom skjer i kroppen.<\/p>\n<p>Det er veldig viktig \u00e5 bruke prevensjonen<br \/>\n<strong>p\u00e5 riktig m\u00e5te<\/strong>\u00a0for \u00e5 hindre graviditet.<\/p>\n<p><strong>Sterilisering<\/strong> er en <strong>operasjon<\/strong> som gj\u00f8r<br \/>\nat en person aldri kan f\u00e5 barn.<\/p>\n<p>Fast-legen din og skolens helse-sykepleier<br \/>\nkan gi veiledning<br \/>\nom bruken av prevensjon.<\/p>\n<figure id=\"attachment_2432\" aria-describedby=\"caption-attachment-2432\" style=\"width: 400px\" class=\"wp-caption alignnone\"><img loading=\"lazy\" decoding=\"async\" class=\"wp-image-2432\" src=\"https:\/\/jegkanogvil.no\/wp-content\/uploads\/2025\/09\/Prevensjon-300x208.png\" alt=\"Brett med p-piller, kondompakke, kondom og hormonspiral.\" width=\"400\" height=\"277\" srcset=\"https:\/\/jegkanogvil.no\/wp-content\/uploads\/2025\/09\/Prevensjon-300x208.png 300w, https:\/\/jegkanogvil.no\/wp-content\/uploads\/2025\/09\/Prevensjon-768x532.png 768w, https:\/\/jegkanogvil.no\/wp-content\/uploads\/2025\/09\/Prevensjon.png 1024w\" sizes=\"auto, (max-width: 400px) 100vw, 400px\" \/><figcaption id=\"caption-attachment-2432\" class=\"wp-caption-text\">Prevensjons-midler:<br \/>\u2022 brett med p-piller<br \/>\u2022 kondompakke og r\u00f8dt kondom<br \/>\u2022 hormon-spiral i h\u00e5nden<\/figcaption><\/figure>\n<audio class=\"wp-audio-shortcode\" id=\"audio-2419-3\" preload=\"none\" style=\"width: 100%;\" controls=\"controls\"><source type=\"audio\/mpeg\" src=\"https:\/\/jegkanogvil.no\/wp-content\/uploads\/2025\/09\/Sex-3.mp3?_=3\" \/><a href=\"https:\/\/jegkanogvil.no\/wp-content\/uploads\/2025\/09\/Sex-3.mp3\">https:\/\/jegkanogvil.no\/wp-content\/uploads\/2025\/09\/Sex-3.mp3<\/a><\/audio>\n<h2>Nei betyr nei<\/h2>\n<p>Det er viktig \u00e5 finne ut hva du liker og<br \/>\nhva du\u00a0<strong>ikke<\/strong>\u00a0liker.<\/p>\n<p>Andre kan\u00a0<strong>ikke<\/strong>\u00a0tvinge deg<br \/>\ntil \u00e5 ha sex med dem.<br \/>\nNei betyr nei!<\/p>\n<p>Du\u00a0<strong>bestemmer selv<\/strong>\u00a0hvem<br \/>\ndu vil ha sex med.<\/p>\n<p>Det er ogs\u00e5 viktig at du ikke tvinger andre<br \/>\ntil \u00e5 ha sex med deg.<br \/>\n<strong>Ogs\u00e5 kj\u00e6rester<\/strong> m\u00e5 v\u00e6re enige om<br \/>\nn\u00e5r og hvordan de skal ha sex.<\/p>\n<p>Den seksuelle lav-alderen i Norge<br \/>\ner 16 \u00e5r.<br \/>\nDet er ulovlig \u00e5 ha sex<br \/>\nmed en person under 16 \u00e5r.<br \/>\nDenne alders-grensen skal beskytte<br \/>\nbarn og unge:<\/p>\n<ul>\n<li>mot overgrep fra voksne<\/li>\n<li>mot seksuelle handlinger<br \/>\nsom de ikke er modne for<\/li>\n<\/ul>\n<h2>Renslighet (hygiene) ved sex<\/h2>\n<p>For sex er det behagelig<br \/>\nat kroppen ren og ikke lukter vondt.<br \/>\nDet gjelder b\u00e5de<br \/>\nfor kvinnen (jenta) og mannen (gutten).<\/p>\n<p>Etter et samleie kan begge<br \/>\nha behov for \u00e5 fjerne s\u00e6d-rester.<br \/>\nS\u00e6den er vanligvis lys og litt klissete.<br \/>\nKanskje trenger de \u00e5 skifte lakenet.<\/p>\n<p><a href=\"https:\/\/jegkanogvil.no\/?page_id=49\"><img loading=\"lazy\" decoding=\"async\" class=\"alignnone wp-image-438\" src=\"https:\/\/jegkanogvil.no\/wp-content\/uploads\/2024\/11\/Kroppen-248x300.png\" alt=\"\" width=\"124\" height=\"150\" srcset=\"https:\/\/jegkanogvil.no\/wp-content\/uploads\/2024\/11\/Kroppen-248x300.png 248w, https:\/\/jegkanogvil.no\/wp-content\/uploads\/2024\/11\/Kroppen.png 718w\" sizes=\"auto, (max-width: 124px) 100vw, 124px\" \/><\/a> <a href=\"https:\/\/jegkanogvil.no\/?page_id=65\"><img loading=\"lazy\" decoding=\"async\" class=\"alignnone wp-image-442\" src=\"https:\/\/jegkanogvil.no\/wp-content\/uploads\/2024\/11\/Grenser-1-248x300.png\" alt=\"\" width=\"124\" height=\"150\" srcset=\"https:\/\/jegkanogvil.no\/wp-content\/uploads\/2024\/11\/Grenser-1-248x300.png 248w, https:\/\/jegkanogvil.no\/wp-content\/uploads\/2024\/11\/Grenser-1.png 718w\" sizes=\"auto, (max-width: 124px) 100vw, 124px\" \/><\/a>\u00a0<a href=\"https:\/\/jegkanogvil.no\/?page_id=74\"><img loading=\"lazy\" decoding=\"async\" class=\"alignnone wp-image-556\" src=\"https:\/\/jegkanogvil.no\/wp-content\/uploads\/2024\/11\/Lysbilde1-3-248x300.png\" alt=\"\" width=\"124\" height=\"150\" srcset=\"https:\/\/jegkanogvil.no\/wp-content\/uploads\/2024\/11\/Lysbilde1-3-248x300.png 248w, https:\/\/jegkanogvil.no\/wp-content\/uploads\/2024\/11\/Lysbilde1-3.png 718w\" sizes=\"auto, (max-width: 124px) 100vw, 124px\" \/><\/a> <a href=\"https:\/\/jegkanogvil.no\/?page_id=860\"><img loading=\"lazy\" decoding=\"async\" class=\"alignnone wp-image-1846\" src=\"https:\/\/jegkanogvil.no\/wp-content\/uploads\/2025\/07\/Gutt_hygiene-248x300.png\" alt=\"\" width=\"124\" height=\"150\" srcset=\"https:\/\/jegkanogvil.no\/wp-content\/uploads\/2025\/07\/Gutt_hygiene-248x300.png 248w, https:\/\/jegkanogvil.no\/wp-content\/uploads\/2025\/07\/Gutt_hygiene.png 718w\" sizes=\"auto, (max-width: 124px) 100vw, 124px\" \/><\/a> <a href=\"https:\/\/jegkanogvil.no\/?page_id=858\"><img loading=\"lazy\" decoding=\"async\" class=\"alignnone wp-image-1847\" src=\"https:\/\/jegkanogvil.no\/wp-content\/uploads\/2025\/07\/Jente_hygiene-248x300.png\" alt=\"\" width=\"124\" height=\"150\" srcset=\"https:\/\/jegkanogvil.no\/wp-content\/uploads\/2025\/07\/Jente_hygiene-248x300.png 248w, https:\/\/jegkanogvil.no\/wp-content\/uploads\/2025\/07\/Jente_hygiene.png 718w\" sizes=\"auto, (max-width: 124px) 100vw, 124px\" \/><\/a> <a href=\"https:\/\/jegkanogvil.no\/?page_id=2380\"><img loading=\"lazy\" decoding=\"async\" class=\"alignnone wp-image-2390\" src=\"https:\/\/jegkanogvil.no\/wp-content\/uploads\/2025\/09\/Lus-248x300.png\" alt=\"Til: Lus\" width=\"124\" height=\"150\" srcset=\"https:\/\/jegkanogvil.no\/wp-content\/uploads\/2025\/09\/Lus-248x300.png 248w, https:\/\/jegkanogvil.no\/wp-content\/uploads\/2025\/09\/Lus.png 718w\" sizes=\"auto, (max-width: 124px) 100vw, 124px\" \/><\/a><br \/>\n<a href=\"https:\/\/jegkanogvil.no\/\"><img loading=\"lazy\" decoding=\"async\" class=\"alignnone wp-image-766\" src=\"https:\/\/jegkanogvil.no\/wp-content\/uploads\/2025\/03\/Home-knappG-150x150.png\" alt=\"Til: Hjem\" width=\"120\" height=\"120\" srcset=\"https:\/\/jegkanogvil.no\/wp-content\/uploads\/2025\/03\/Home-knappG-150x150.png 150w, https:\/\/jegkanogvil.no\/wp-content\/uploads\/2025\/03\/Home-knappG-300x300.png 300w, https:\/\/jegkanogvil.no\/wp-content\/uploads\/2025\/03\/Home-knappG.png 567w\" sizes=\"auto, (max-width: 120px) 100vw, 120px\" \/><\/a><\/p>\n","protected":false},"excerpt":{"rendered":"<p>Ved sex koser kj\u00e6restene med hverandre. De kysser og stryker hverandres kropper. Tissen til mannen (gutten) blir stiv. Kvinnen (jenta) blir v\u00e5t i skjeden. Kroppene gj\u00f8r seg klare for samleie. Samleie Mange \u00f8nsker \u00e5 ha samleie. Det heter ogs\u00e5 \u00e5\u00a0elske med hverandre. Ved\u00a0samleie f\u00f8rer mannen (gutten) den stive tissen sin inn i skjeden til kvinnen [&hellip;]<\/p>\n","protected":false},"author":1,"featured_media":0,"parent":0,"menu_order":0,"comment_status":"closed","ping_status":"closed","template":"","meta":{"footnotes":""},"class_list":["post-2419","page","type-page","status-publish","hentry"],"_links":{"self":[{"href":"https:\/\/jegkanogvil.no\/index.php?rest_route=\/wp\/v2\/pages\/2419","targetHints":{"allow":["GET"]}}],"collection":[{"href":"https:\/\/jegkanogvil.no\/index.php?rest_route=\/wp\/v2\/pages"}],"about":[{"href":"https:\/\/jegkanogvil.no\/index.php?rest_route=\/wp\/v2\/types\/page"}],"author":[{"embeddable":true,"href":"https:\/\/jegkanogvil.no\/index.php?rest_route=\/wp\/v2\/users\/1"}],"replies":[{"embeddable":true,"href":"https:\/\/jegkanogvil.no\/index.php?rest_route=%2Fwp%2Fv2%2Fcomments&post=2419"}],"version-history":[{"count":18,"href":"https:\/\/jegkanogvil.no\/index.php?rest_route=\/wp\/v2\/pages\/2419\/revisions"}],"predecessor-version":[{"id":2586,"href":"https:\/\/jegkanogvil.no\/index.php?rest_route=\/wp\/v2\/pages\/2419\/revisions\/2586"}],"wp:attachment":[{"href":"https:\/\/jegkanogvil.no\/index.php?rest_route=%2Fwp%2Fv2%2Fmedia&parent=2419"}],"curies":[{"name":"wp","href":"https:\/\/api.w.org\/{rel}","templated":true}]}}