{"id":2380,"date":"2025-09-23T21:44:27","date_gmt":"2025-09-23T19:44:27","guid":{"rendered":"https:\/\/jegkanogvil.no\/?page_id=2380"},"modified":"2025-09-25T09:29:38","modified_gmt":"2025-09-25T07:29:38","slug":"lus","status":"publish","type":"page","link":"https:\/\/jegkanogvil.no\/?page_id=2380","title":{"rendered":"Lus"},"content":{"rendered":"<audio class=\"wp-audio-shortcode\" id=\"audio-2380-1\" preload=\"none\" style=\"width: 100%;\" controls=\"controls\"><source type=\"audio\/mpeg\" src=\"https:\/\/jegkanogvil.no\/wp-content\/uploads\/2025\/09\/Lus.mp3?_=1\" \/><a href=\"https:\/\/jegkanogvil.no\/wp-content\/uploads\/2025\/09\/Lus.mp3\">https:\/\/jegkanogvil.no\/wp-content\/uploads\/2025\/09\/Lus.mp3<\/a><\/audio>\n<p>Lus i h\u00e5ret er vanlig hos barn.<br \/>\nLus er bitte sm\u00e5 insekter.<br \/>\nLus\u00a0<strong>kl\u00f8r mye <\/strong>i hode-bunnen.<br \/>\nLus\u00a0<strong>smitter lett<\/strong>.<\/p>\n<p>Lus handler ikke om renslighet.<br \/>\nAlle kan f\u00e5 lus.<\/p>\n<figure id=\"attachment_1914\" aria-describedby=\"caption-attachment-1914\" style=\"width: 400px\" class=\"wp-caption alignnone\"><img loading=\"lazy\" decoding=\"async\" class=\"wp-image-1914\" src=\"https:\/\/jegkanogvil.no\/wp-content\/uploads\/2025\/08\/iStock-841432766-hodelus-LITEN-300x199.jpg\" alt=\"Luse-egg p\u00e5 h\u00e5rstr\u00e5.\" width=\"400\" height=\"265\" srcset=\"https:\/\/jegkanogvil.no\/wp-content\/uploads\/2025\/08\/iStock-841432766-hodelus-LITEN-300x199.jpg 300w, https:\/\/jegkanogvil.no\/wp-content\/uploads\/2025\/08\/iStock-841432766-hodelus-LITEN.jpg 726w\" sizes=\"auto, (max-width: 400px) 100vw, 400px\" \/><figcaption id=\"caption-attachment-1914\" class=\"wp-caption-text\">Egg fra hodelus sitter fast<br \/>p\u00e5 h\u00e5rstr\u00e5.<br \/>De er er hvite eller gule.<br \/>De voksne lusene er sm\u00e5 insekter.<br \/>De er gr\u00e5, brune, r\u00f8de eller svarte.<\/figcaption><\/figure>\n<p>La v\u00e6re \u00e5:<\/p>\n<ul>\n<li>pr\u00f8ve andres luer<br \/>\neller kapser<\/li>\n<li>bytte lue eller<br \/>\nkapser med andre<\/li>\n<\/ul>\n<p><strong>Du trenger hjelp <\/strong>for \u00e5 bli kvitt lus.<br \/>\nDet er:<\/p>\n<ul>\n<li><strong>luse-sjampo<\/strong><\/li>\n<li><strong>luse-kam\u00a0<\/strong>for \u00e5 gre lus<br \/>\nut av h\u00e5ret<\/li>\n<\/ul>\n<p>Be foreldre om hjelp for \u00e5 f\u00e5 vasket<br \/>\ni h\u00f8y varme:<\/p>\n<ul>\n<li>senge-t\u00f8y<\/li>\n<li>kl\u00e6r<\/li>\n<\/ul>\n<p>s\u00e5 lus ikke over-lever der.<\/p>\n<figure id=\"attachment_1917\" aria-describedby=\"caption-attachment-1917\" style=\"width: 400px\" class=\"wp-caption alignnone\"><img loading=\"lazy\" decoding=\"async\" class=\"wp-image-1917\" src=\"https:\/\/jegkanogvil.no\/wp-content\/uploads\/2025\/08\/Lusekam-300x208.png\" alt=\"Lusekam.\" width=\"400\" height=\"277\" srcset=\"https:\/\/jegkanogvil.no\/wp-content\/uploads\/2025\/08\/Lusekam-300x208.png 300w, https:\/\/jegkanogvil.no\/wp-content\/uploads\/2025\/08\/Lusekam-1024x709.png 1024w, https:\/\/jegkanogvil.no\/wp-content\/uploads\/2025\/08\/Lusekam-768x532.png 768w, https:\/\/jegkanogvil.no\/wp-content\/uploads\/2025\/08\/Lusekam.png 1040w\" sizes=\"auto, (max-width: 400px) 100vw, 400px\" \/><figcaption id=\"caption-attachment-1917\" class=\"wp-caption-text\">Eksempel p\u00e5 en luse-kam. <br \/>Kammen har veldig tette pinner <br \/>for \u00e5 fange lusene.<\/figcaption><\/figure>\n<p><a href=\"https:\/\/jegkanogvil.no\/?page_id=49\"><img loading=\"lazy\" decoding=\"async\" class=\"alignnone wp-image-438\" src=\"https:\/\/jegkanogvil.no\/wp-content\/uploads\/2024\/11\/Kroppen-248x300.png\" alt=\"\" width=\"124\" height=\"150\" srcset=\"https:\/\/jegkanogvil.no\/wp-content\/uploads\/2024\/11\/Kroppen-248x300.png 248w, https:\/\/jegkanogvil.no\/wp-content\/uploads\/2024\/11\/Kroppen.png 718w\" sizes=\"auto, (max-width: 124px) 100vw, 124px\" \/><\/a> <a href=\"https:\/\/jegkanogvil.no\/?page_id=65\"><img loading=\"lazy\" decoding=\"async\" class=\"alignnone wp-image-442\" src=\"https:\/\/jegkanogvil.no\/wp-content\/uploads\/2024\/11\/Grenser-1-248x300.png\" alt=\"\" width=\"124\" height=\"150\" srcset=\"https:\/\/jegkanogvil.no\/wp-content\/uploads\/2024\/11\/Grenser-1-248x300.png 248w, https:\/\/jegkanogvil.no\/wp-content\/uploads\/2024\/11\/Grenser-1.png 718w\" sizes=\"auto, (max-width: 124px) 100vw, 124px\" \/><\/a> \u00a0<a href=\"https:\/\/jegkanogvil.no\/?page_id=860\"><img loading=\"lazy\" decoding=\"async\" class=\"alignnone wp-image-1846\" src=\"https:\/\/jegkanogvil.no\/wp-content\/uploads\/2025\/07\/Gutt_hygiene-248x300.png\" alt=\"\" width=\"124\" height=\"150\" srcset=\"https:\/\/jegkanogvil.no\/wp-content\/uploads\/2025\/07\/Gutt_hygiene-248x300.png 248w, https:\/\/jegkanogvil.no\/wp-content\/uploads\/2025\/07\/Gutt_hygiene.png 718w\" sizes=\"auto, (max-width: 124px) 100vw, 124px\" \/><\/a> <a href=\"https:\/\/jegkanogvil.no\/?page_id=858\"><img loading=\"lazy\" decoding=\"async\" class=\"alignnone wp-image-1847\" src=\"https:\/\/jegkanogvil.no\/wp-content\/uploads\/2025\/07\/Jente_hygiene-248x300.png\" alt=\"\" width=\"124\" height=\"150\" srcset=\"https:\/\/jegkanogvil.no\/wp-content\/uploads\/2025\/07\/Jente_hygiene-248x300.png 248w, https:\/\/jegkanogvil.no\/wp-content\/uploads\/2025\/07\/Jente_hygiene.png 718w\" sizes=\"auto, (max-width: 124px) 100vw, 124px\" \/><\/a> <a href=\"https:\/\/jegkanogvil.no\/?page_id=74\"><img loading=\"lazy\" decoding=\"async\" class=\"alignnone wp-image-556\" src=\"https:\/\/jegkanogvil.no\/wp-content\/uploads\/2024\/11\/Lysbilde1-3-248x300.png\" alt=\"\" width=\"124\" height=\"150\" srcset=\"https:\/\/jegkanogvil.no\/wp-content\/uploads\/2024\/11\/Lysbilde1-3-248x300.png 248w, https:\/\/jegkanogvil.no\/wp-content\/uploads\/2024\/11\/Lysbilde1-3.png 718w\" sizes=\"auto, (max-width: 124px) 100vw, 124px\" \/><\/a> <img loading=\"lazy\" decoding=\"async\" class=\"alignnone wp-image-2414\" src=\"https:\/\/jegkanogvil.no\/wp-content\/uploads\/2025\/09\/Sex-248x300.png\" alt=\"Til: Sex\" width=\"124\" height=\"150\" srcset=\"https:\/\/jegkanogvil.no\/wp-content\/uploads\/2025\/09\/Sex-248x300.png 248w, https:\/\/jegkanogvil.no\/wp-content\/uploads\/2025\/09\/Sex.png 718w\" sizes=\"auto, (max-width: 124px) 100vw, 124px\" \/><br \/>\n<a href=\"https:\/\/jegkanogvil.no\/\"><img loading=\"lazy\" decoding=\"async\" class=\"alignnone wp-image-766\" src=\"https:\/\/jegkanogvil.no\/wp-content\/uploads\/2025\/03\/Home-knappG-150x150.png\" alt=\"Til: Hjem\" width=\"120\" height=\"120\" srcset=\"https:\/\/jegkanogvil.no\/wp-content\/uploads\/2025\/03\/Home-knappG-150x150.png 150w, https:\/\/jegkanogvil.no\/wp-content\/uploads\/2025\/03\/Home-knappG-300x300.png 300w, https:\/\/jegkanogvil.no\/wp-content\/uploads\/2025\/03\/Home-knappG.png 567w\" sizes=\"auto, (max-width: 120px) 100vw, 120px\" \/><\/a><\/p>\n<p>&nbsp;<\/p>\n","protected":false},"excerpt":{"rendered":"<p>Lus i h\u00e5ret er vanlig hos barn. Lus er bitte sm\u00e5 insekter. Lus\u00a0kl\u00f8r mye i hode-bunnen. Lus\u00a0smitter lett. Lus handler ikke om renslighet. Alle kan f\u00e5 lus. La v\u00e6re \u00e5: pr\u00f8ve andres luer eller kapser bytte lue eller kapser med andre Du trenger hjelp for \u00e5 bli kvitt lus. Det er: luse-sjampo luse-kam\u00a0for \u00e5 gre [&hellip;]<\/p>\n","protected":false},"author":1,"featured_media":0,"parent":0,"menu_order":0,"comment_status":"closed","ping_status":"closed","template":"","meta":{"footnotes":""},"class_list":["post-2380","page","type-page","status-publish","hentry"],"_links":{"self":[{"href":"https:\/\/jegkanogvil.no\/index.php?rest_route=\/wp\/v2\/pages\/2380","targetHints":{"allow":["GET"]}}],"collection":[{"href":"https:\/\/jegkanogvil.no\/index.php?rest_route=\/wp\/v2\/pages"}],"about":[{"href":"https:\/\/jegkanogvil.no\/index.php?rest_route=\/wp\/v2\/types\/page"}],"author":[{"embeddable":true,"href":"https:\/\/jegkanogvil.no\/index.php?rest_route=\/wp\/v2\/users\/1"}],"replies":[{"embeddable":true,"href":"https:\/\/jegkanogvil.no\/index.php?rest_route=%2Fwp%2Fv2%2Fcomments&post=2380"}],"version-history":[{"count":7,"href":"https:\/\/jegkanogvil.no\/index.php?rest_route=\/wp\/v2\/pages\/2380\/revisions"}],"predecessor-version":[{"id":2412,"href":"https:\/\/jegkanogvil.no\/index.php?rest_route=\/wp\/v2\/pages\/2380\/revisions\/2412"}],"wp:attachment":[{"href":"https:\/\/jegkanogvil.no\/index.php?rest_route=%2Fwp%2Fv2%2Fmedia&parent=2380"}],"curies":[{"name":"wp","href":"https:\/\/api.w.org\/{rel}","templated":true}]}}