{"id":2238,"date":"2025-09-17T13:41:38","date_gmt":"2025-09-17T11:41:38","guid":{"rendered":"https:\/\/jegkanogvil.no\/?page_id=2238"},"modified":"2025-09-24T17:28:08","modified_gmt":"2025-09-24T15:28:08","slug":"grupper","status":"publish","type":"page","link":"https:\/\/jegkanogvil.no\/?page_id=2238","title":{"rendered":"Grupper"},"content":{"rendered":"<audio class=\"wp-audio-shortcode\" id=\"audio-2238-1\" preload=\"none\" style=\"width: 100%;\" controls=\"controls\"><source type=\"audio\/mpeg\" src=\"https:\/\/jegkanogvil.no\/wp-content\/uploads\/2025\/09\/grupper.mp3?_=1\" \/><a href=\"https:\/\/jegkanogvil.no\/wp-content\/uploads\/2025\/09\/grupper.mp3\">https:\/\/jegkanogvil.no\/wp-content\/uploads\/2025\/09\/grupper.mp3<\/a><\/audio>\n<p>Ikke alle har mange venner<br \/>\neller en beste-venn.<br \/>\nDe \u00f8nsker likevel<br \/>\n\u00e5 v\u00e6re sammen med noen av og til.<\/p>\n<p>Da kan det \u00e5 v\u00e6re med i en <strong>gruppe<\/strong><br \/>\nfor positivt fellesskap v\u00e6re greit.<br \/>\nS\u00e5nne grupper er for eksempel:<\/p>\n<ul>\n<li>fritids-klubber og foreninger for<br \/>\nspill, musikk, idrett og annet<\/li>\n<li>grupper som driver med<br \/>\nen felles interesse eller hobby<\/li>\n<li>arangementer som<br \/>\nsommer-leir og turer til<br \/>\nkonserter eller teater<\/li>\n<li>skolens elev-r\u00e5d<\/li>\n<\/ul>\n<figure id=\"attachment_2260\" aria-describedby=\"caption-attachment-2260\" style=\"width: 400px\" class=\"wp-caption alignnone\"><img loading=\"lazy\" decoding=\"async\" class=\"wp-image-2260\" src=\"https:\/\/jegkanogvil.no\/wp-content\/uploads\/2025\/09\/Turgruppe-300x208.png\" alt=\"Fire glade elever.\" width=\"400\" height=\"277\" srcset=\"https:\/\/jegkanogvil.no\/wp-content\/uploads\/2025\/09\/Turgruppe-300x208.png 300w, https:\/\/jegkanogvil.no\/wp-content\/uploads\/2025\/09\/Turgruppe-1024x709.png 1024w, https:\/\/jegkanogvil.no\/wp-content\/uploads\/2025\/09\/Turgruppe-768x532.png 768w, https:\/\/jegkanogvil.no\/wp-content\/uploads\/2025\/09\/Turgruppe.png 1040w\" sizes=\"auto, (max-width: 400px) 100vw, 400px\" \/><figcaption id=\"caption-attachment-2260\" class=\"wp-caption-text\">Alle 4 er med i en <strong>tur-gruppe<\/strong> <br \/>som m\u00f8ter annen hver s\u00f8ndag.<br \/>Det er alltid en voksen med p\u00e5 turene.<\/figcaption><\/figure>\n<p>NFU arrangerer aktiviteter<br \/>\nmange steder i Norge.<br \/>\nNFU er Norsk Forbund for Utviklings-hemmede.<br \/>\nSjekk sammen med foreldrene dine<br \/>\nom det fins NFU-aktiviteter der du bor.<\/p>\n<p>Kommunen der du bor,<br \/>\nkan ha informasjon om aktiviteter.<\/p>\n<h2>Elev-r\u00e5d<\/h2>\n<p>Alle skoler har et elevr\u00e5d<br \/>\nfra klasse-trinn 1 og oppover.<br \/>\nElev-r\u00e5det jobber med<br \/>\nmange saker som er felles<br \/>\nfor elevene p\u00e5 skolen.<br \/>\nElevr\u00e5det har m\u00f8ter.<br \/>\nSaker i m\u00f8tene kan for eksempel handle om:<\/p>\n<ul>\n<li>aktiviteter i fri-minuttene<\/li>\n<li>kantina<\/li>\n<li>klasse-rommene<\/li>\n<li>skole-veien<\/li>\n<li>undervisningen<\/li>\n<li>inkludering<\/li>\n<li>mobbing<\/li>\n<\/ul>\n<p>og mye mer.<\/p>\n<figure id=\"attachment_2259\" aria-describedby=\"caption-attachment-2259\" style=\"width: 400px\" class=\"wp-caption alignnone\"><img loading=\"lazy\" decoding=\"async\" class=\"wp-image-2259\" src=\"https:\/\/jegkanogvil.no\/wp-content\/uploads\/2025\/09\/Elevrad-300x208.png\" alt=\"L\u00e6rer og fem elever i ulike aldre.\" width=\"400\" height=\"277\" srcset=\"https:\/\/jegkanogvil.no\/wp-content\/uploads\/2025\/09\/Elevrad-300x208.png 300w, https:\/\/jegkanogvil.no\/wp-content\/uploads\/2025\/09\/Elevrad-1024x709.png 1024w, https:\/\/jegkanogvil.no\/wp-content\/uploads\/2025\/09\/Elevrad-768x532.png 768w, https:\/\/jegkanogvil.no\/wp-content\/uploads\/2025\/09\/Elevrad.png 1040w\" sizes=\"auto, (max-width: 400px) 100vw, 400px\" \/><figcaption id=\"caption-attachment-2259\" class=\"wp-caption-text\">De 5 elevene er alle med i elev-r\u00e5det. <br \/>Gutten i midten er nytt medlem i elev-r\u00e5det. <br \/>Han vil jobbe mot mobbing i fri-minuttene.<\/figcaption><\/figure>\n<p>N\u00e5r klassen din velger en elev (representant)<br \/>\ntil elev-r\u00e5det, <strong>reis h\u00e5nden din og meld deg<\/strong>.<\/p>\n<p>Du kan bli et flott medlem i elev-r\u00e5det.<br \/>\nOg du f\u00e5r delta i et felleskap<br \/>\nmed mange andre elever<br \/>\np\u00e5 skolen din.<\/p>\n<p><a href=\"https:\/\/jegkanogvil.no\/?page_id=83\"><img loading=\"lazy\" decoding=\"async\" class=\"alignnone wp-image-2014\" src=\"https:\/\/jegkanogvil.no\/wp-content\/uploads\/2025\/08\/Sosialt-248x300.png\" alt=\"Til: Sosialt\" width=\"124\" height=\"150\" srcset=\"https:\/\/jegkanogvil.no\/wp-content\/uploads\/2025\/08\/Sosialt-248x300.png 248w, https:\/\/jegkanogvil.no\/wp-content\/uploads\/2025\/08\/Sosialt.png 718w\" sizes=\"auto, (max-width: 124px) 100vw, 124px\" \/><\/a> <a href=\"https:\/\/jegkanogvil.no\/?page_id=87\"><img loading=\"lazy\" decoding=\"async\" class=\"alignnone wp-image-982\" src=\"https:\/\/jegkanogvil.no\/wp-content\/uploads\/2025\/03\/En-god-venn-248x300.png\" alt=\"Til: En god venn\" width=\"124\" height=\"150\" srcset=\"https:\/\/jegkanogvil.no\/wp-content\/uploads\/2025\/03\/En-god-venn-248x300.png 248w, https:\/\/jegkanogvil.no\/wp-content\/uploads\/2025\/03\/En-god-venn.png 718w\" sizes=\"auto, (max-width: 124px) 100vw, 124px\" \/><\/a> <a href=\"https:\/\/jegkanogvil.no\/?page_id=1001\"><img loading=\"lazy\" decoding=\"async\" class=\"alignnone wp-image-983\" src=\"https:\/\/jegkanogvil.no\/wp-content\/uploads\/2025\/03\/Gode-spillere-248x300.png\" alt=\"Til: Gode spillere\" width=\"124\" height=\"150\" srcset=\"https:\/\/jegkanogvil.no\/wp-content\/uploads\/2025\/03\/Gode-spillere-248x300.png 248w, https:\/\/jegkanogvil.no\/wp-content\/uploads\/2025\/03\/Gode-spillere.png 718w\" sizes=\"auto, (max-width: 124px) 100vw, 124px\" \/><\/a> <a href=\"https:\/\/jegkanogvil.no\/?page_id=242\"><img loading=\"lazy\" decoding=\"async\" class=\"alignnone wp-image-985\" src=\"https:\/\/jegkanogvil.no\/wp-content\/uploads\/2025\/03\/Omsorg-248x300.png\" alt=\"Til: Omsorg\" width=\"124\" height=\"150\" srcset=\"https:\/\/jegkanogvil.no\/wp-content\/uploads\/2025\/03\/Omsorg-248x300.png 248w, https:\/\/jegkanogvil.no\/wp-content\/uploads\/2025\/03\/Omsorg.png 718w\" sizes=\"auto, (max-width: 124px) 100vw, 124px\" \/><\/a> <a href=\"https:\/\/jegkanogvil.no\/?page_id=89\"><img loading=\"lazy\" decoding=\"async\" class=\"alignnone wp-image-1777\" src=\"https:\/\/jegkanogvil.no\/wp-content\/uploads\/2025\/07\/AleneOK-248x300.png\" alt=\"Til Okei alene\" width=\"124\" height=\"150\" srcset=\"https:\/\/jegkanogvil.no\/wp-content\/uploads\/2025\/07\/AleneOK-248x300.png 248w, https:\/\/jegkanogvil.no\/wp-content\/uploads\/2025\/07\/AleneOK.png 718w\" sizes=\"auto, (max-width: 124px) 100vw, 124px\" \/><\/a><\/p>\n<p><a href=\"https:\/\/jegkanogvil.no\/\"><img loading=\"lazy\" decoding=\"async\" class=\"alignnone wp-image-766\" src=\"https:\/\/jegkanogvil.no\/wp-content\/uploads\/2025\/03\/Home-knappG-150x150.png\" alt=\"Til: Hjem\" width=\"120\" height=\"120\" srcset=\"https:\/\/jegkanogvil.no\/wp-content\/uploads\/2025\/03\/Home-knappG-150x150.png 150w, https:\/\/jegkanogvil.no\/wp-content\/uploads\/2025\/03\/Home-knappG-300x300.png 300w, https:\/\/jegkanogvil.no\/wp-content\/uploads\/2025\/03\/Home-knappG.png 567w\" sizes=\"auto, (max-width: 120px) 100vw, 120px\" \/><\/a><\/p>\n","protected":false},"excerpt":{"rendered":"<p>Ikke alle har mange venner eller en beste-venn. De \u00f8nsker likevel \u00e5 v\u00e6re sammen med noen av og til. Da kan det \u00e5 v\u00e6re med i en gruppe for positivt fellesskap v\u00e6re greit. S\u00e5nne grupper er for eksempel: fritids-klubber og foreninger for spill, musikk, idrett og annet grupper som driver med en felles interesse eller [&hellip;]<\/p>\n","protected":false},"author":1,"featured_media":0,"parent":0,"menu_order":0,"comment_status":"closed","ping_status":"closed","template":"","meta":{"footnotes":""},"class_list":["post-2238","page","type-page","status-publish","hentry"],"_links":{"self":[{"href":"https:\/\/jegkanogvil.no\/index.php?rest_route=\/wp\/v2\/pages\/2238","targetHints":{"allow":["GET"]}}],"collection":[{"href":"https:\/\/jegkanogvil.no\/index.php?rest_route=\/wp\/v2\/pages"}],"about":[{"href":"https:\/\/jegkanogvil.no\/index.php?rest_route=\/wp\/v2\/types\/page"}],"author":[{"embeddable":true,"href":"https:\/\/jegkanogvil.no\/index.php?rest_route=\/wp\/v2\/users\/1"}],"replies":[{"embeddable":true,"href":"https:\/\/jegkanogvil.no\/index.php?rest_route=%2Fwp%2Fv2%2Fcomments&post=2238"}],"version-history":[{"count":21,"href":"https:\/\/jegkanogvil.no\/index.php?rest_route=\/wp\/v2\/pages\/2238\/revisions"}],"predecessor-version":[{"id":2249,"href":"https:\/\/jegkanogvil.no\/index.php?rest_route=\/wp\/v2\/pages\/2238\/revisions\/2249"}],"wp:attachment":[{"href":"https:\/\/jegkanogvil.no\/index.php?rest_route=%2Fwp%2Fv2%2Fmedia&parent=2238"}],"curies":[{"name":"wp","href":"https:\/\/api.w.org\/{rel}","templated":true}]}}