{"id":1369,"date":"2025-07-04T12:28:14","date_gmt":"2025-07-04T10:28:14","guid":{"rendered":"https:\/\/jegkanogvil.no\/?page_id=1369"},"modified":"2025-09-22T12:39:06","modified_gmt":"2025-09-22T10:39:06","slug":"ord-forklart","status":"publish","type":"page","link":"https:\/\/jegkanogvil.no\/?page_id=1369","title":{"rendered":"Ord forklart"},"content":{"rendered":"<audio class=\"wp-audio-shortcode\" id=\"audio-1369-1\" preload=\"none\" style=\"width: 100%;\" controls=\"controls\"><source type=\"audio\/mpeg\" src=\"https:\/\/jegkanogvil.no\/wp-content\/uploads\/2025\/09\/Ord-forklart-1.mp3?_=1\" \/><a href=\"https:\/\/jegkanogvil.no\/wp-content\/uploads\/2025\/09\/Ord-forklart-1.mp3\">https:\/\/jegkanogvil.no\/wp-content\/uploads\/2025\/09\/Ord-forklart-1.mp3<\/a><\/audio>\n<h2>Ord som blir brukt veldig ofte<\/h2>\n<p><strong>Forurense:<br \/>\n<\/strong>\u00e5 spre farlige stoffer til:<\/p>\n<ul>\n<li>luft<\/li>\n<li>vann<\/li>\n<li>jord<\/li>\n<\/ul>\n<p><strong>Fors\u00f8ple:<br \/>\n<\/strong>\u00e5 kaste s\u00f8ppel ute i naturen<br \/>\neller p\u00e5 gata<\/p>\n<figure id=\"attachment_2035\" aria-describedby=\"caption-attachment-2035\" style=\"width: 400px\" class=\"wp-caption alignnone\"><img loading=\"lazy\" decoding=\"async\" class=\"wp-image-2035\" src=\"https:\/\/jegkanogvil.no\/wp-content\/uploads\/2025\/08\/Gatesoppel-300x208.png\" alt=\"S\u00f8ppel p\u00e5 gaten utenfor s\u00f8ppelkassen.\" width=\"400\" height=\"277\" srcset=\"https:\/\/jegkanogvil.no\/wp-content\/uploads\/2025\/08\/Gatesoppel-300x208.png 300w, https:\/\/jegkanogvil.no\/wp-content\/uploads\/2025\/08\/Gatesoppel-1024x709.png 1024w, https:\/\/jegkanogvil.no\/wp-content\/uploads\/2025\/08\/Gatesoppel-768x532.png 768w, https:\/\/jegkanogvil.no\/wp-content\/uploads\/2025\/08\/Gatesoppel.png 1040w\" sizes=\"auto, (max-width: 400px) 100vw, 400px\" \/><figcaption id=\"caption-attachment-2035\" class=\"wp-caption-text\">De som kastet s\u00f8ppel p\u00e5 plenen, <br \/>hva gjorde de <strong>ikke<\/strong>?<\/figcaption><\/figure>\n<p><strong>Ekstrem-v\u00e6r<\/strong> er for eksempel:<\/p>\n<ul>\n<li>sterk vind (orkan)<\/li>\n<li>styrt-regn (mye regn som kommer br\u00e5tt)<\/li>\n<li>hete-b\u00f8lger (veldig varmt v\u00e6r) og t\u00f8rke<\/li>\n<\/ul>\n<p><strong>Klima:<br \/>\n<\/strong>hvordan naturen <strong>har det<\/strong> p\u00e5 et sted,<br \/>\nsom for eksempel:<\/p>\n<ul>\n<li>hvor varmt det er<\/li>\n<li>hvor mye det regner eller sn\u00f8r<\/li>\n<li>hvor ofte det er ekstrem-v\u00e6r<\/li>\n<\/ul>\n<audio class=\"wp-audio-shortcode\" id=\"audio-1369-2\" preload=\"none\" style=\"width: 100%;\" controls=\"controls\"><source type=\"audio\/mpeg\" src=\"https:\/\/jegkanogvil.no\/wp-content\/uploads\/2025\/09\/Ord-forklart-2.mp3?_=2\" \/><a href=\"https:\/\/jegkanogvil.no\/wp-content\/uploads\/2025\/09\/Ord-forklart-2.mp3\">https:\/\/jegkanogvil.no\/wp-content\/uploads\/2025\/09\/Ord-forklart-2.mp3<\/a><\/audio>\n<p><strong>Milj\u00f8:<br \/>\n<\/strong>hvordan et sted eller omr\u00e5de <strong>er<\/strong><\/p>\n<p>Milj\u00f8et sier noe om:<\/p>\n<ul>\n<li>klimaet (se p\u00e5 teksten over om <strong>klima<\/strong>)<\/li>\n<li>dyrene som lever p\u00e5 stedet eller i omr\u00e5det<\/li>\n<li>hvordan det er \u00e5 bo der<\/li>\n<\/ul>\n<p>Klima og milj\u00f8 p\u00e5virker hverandre.<\/p>\n<p><strong>Klima-endringer og milj\u00f8-endringer:<\/strong><\/p>\n<p>Det som skjer n\u00e5,<br \/>\ner at temperaturen p\u00e5 jorda \u00f8ker.<br \/>\nDet blir varmere.<\/p>\n<p>Det gj\u00f8r for eksempel<br \/>\nat is-breer i mange land<br \/>\nog isen p\u00e5 Nordpolen<br \/>\nog Sydpolen smelter.<\/p>\n<figure id=\"attachment_2032\" aria-describedby=\"caption-attachment-2032\" style=\"width: 400px\" class=\"wp-caption alignnone\"><img loading=\"lazy\" decoding=\"async\" class=\"wp-image-2032\" src=\"https:\/\/jegkanogvil.no\/wp-content\/uploads\/2025\/08\/Isbreer-300x208.png\" alt=\"Smeltende is p\u00e5 polene.\" width=\"400\" height=\"277\" srcset=\"https:\/\/jegkanogvil.no\/wp-content\/uploads\/2025\/08\/Isbreer-300x208.png 300w, https:\/\/jegkanogvil.no\/wp-content\/uploads\/2025\/08\/Isbreer-1024x709.png 1024w, https:\/\/jegkanogvil.no\/wp-content\/uploads\/2025\/08\/Isbreer-768x532.png 768w, https:\/\/jegkanogvil.no\/wp-content\/uploads\/2025\/08\/Isbreer.png 1040w\" sizes=\"auto, (max-width: 400px) 100vw, 400px\" \/><figcaption id=\"caption-attachment-2032\" class=\"wp-caption-text\">Jordas isbreer smelter. <br \/>Det skjer ogs\u00e5 i Norge.<\/figcaption><\/figure>\n<p>Det blir mye mer vann i havet.<br \/>\nDet som n\u00e5 fins n\u00e6r vann-kanten,<br \/>\nvil da ligge under vann.<\/p>\n<p>Mange store byer p\u00e5 jorden<br \/>\nvil bli oversv\u00f8mt<br \/>\nog mange vil<br \/>\nmiste hjemmene sine.<br \/>\nDette gjelder bare vann i havet,<br \/>\nikke innsj\u00f8er.<\/p>\n<p><a href=\"https:\/\/jegkanogvil.no\/?page_id=743\"><img loading=\"lazy\" decoding=\"async\" class=\"alignnone wp-image-756\" src=\"https:\/\/jegkanogvil.no\/wp-content\/uploads\/2025\/03\/Jorden-var-1.png\" alt=\"Til: Jorden v\u00e5r\" width=\"124\" height=\"150\" srcset=\"https:\/\/jegkanogvil.no\/wp-content\/uploads\/2025\/03\/Jorden-var-1.png 718w, https:\/\/jegkanogvil.no\/wp-content\/uploads\/2025\/03\/Jorden-var-1-248x300.png 248w\" sizes=\"auto, (max-width: 124px) 100vw, 124px\" \/><\/a>\u00a0<a href=\"https:\/\/jegkanogvil.no\/?page_id=750\"><img loading=\"lazy\" decoding=\"async\" class=\"alignnone wp-image-740\" src=\"https:\/\/jegkanogvil.no\/wp-content\/uploads\/2025\/03\/Hjemme-1-248x300.png\" alt=\"Til: Hjemme.\" width=\"124\" height=\"150\" srcset=\"https:\/\/jegkanogvil.no\/wp-content\/uploads\/2025\/03\/Hjemme-1-248x300.png 248w, https:\/\/jegkanogvil.no\/wp-content\/uploads\/2025\/03\/Hjemme-1.png 718w\" sizes=\"auto, (max-width: 124px) 100vw, 124px\" \/><\/a> \u00a0<a href=\"https:\/\/jegkanogvil.no\/?page_id=747\"><img loading=\"lazy\" decoding=\"async\" class=\"alignnone wp-image-742\" src=\"https:\/\/jegkanogvil.no\/wp-content\/uploads\/2025\/03\/Ute-1.png\" alt=\"Til: Ute.\" width=\"124\" height=\"150\" srcset=\"https:\/\/jegkanogvil.no\/wp-content\/uploads\/2025\/03\/Ute-1.png 718w, https:\/\/jegkanogvil.no\/wp-content\/uploads\/2025\/03\/Ute-1-248x300.png 248w\" sizes=\"auto, (max-width: 124px) 100vw, 124px\" \/><\/a><\/p>\n<p><a href=\"https:\/\/jegkanogvil.no\/\"><img loading=\"lazy\" decoding=\"async\" class=\"alignnone wp-image-766\" src=\"https:\/\/jegkanogvil.no\/wp-content\/uploads\/2025\/03\/Home-knappG-150x150.png\" alt=\"Til: Hjem\" width=\"120\" height=\"120\" srcset=\"https:\/\/jegkanogvil.no\/wp-content\/uploads\/2025\/03\/Home-knappG-150x150.png 150w, https:\/\/jegkanogvil.no\/wp-content\/uploads\/2025\/03\/Home-knappG-300x300.png 300w, https:\/\/jegkanogvil.no\/wp-content\/uploads\/2025\/03\/Home-knappG.png 567w\" sizes=\"auto, (max-width: 120px) 100vw, 120px\" \/><\/a><\/p>\n","protected":false},"excerpt":{"rendered":"<p>Ord som blir brukt veldig ofte Forurense: \u00e5 spre farlige stoffer til: luft vann jord Fors\u00f8ple: \u00e5 kaste s\u00f8ppel ute i naturen eller p\u00e5 gata Ekstrem-v\u00e6r er for eksempel: sterk vind (orkan) styrt-regn (mye regn som kommer br\u00e5tt) hete-b\u00f8lger (veldig varmt v\u00e6r) og t\u00f8rke Klima: hvordan naturen har det p\u00e5 et sted, som for eksempel: [&hellip;]<\/p>\n","protected":false},"author":1,"featured_media":0,"parent":0,"menu_order":0,"comment_status":"closed","ping_status":"closed","template":"","meta":{"footnotes":""},"class_list":["post-1369","page","type-page","status-publish","hentry"],"_links":{"self":[{"href":"https:\/\/jegkanogvil.no\/index.php?rest_route=\/wp\/v2\/pages\/1369","targetHints":{"allow":["GET"]}}],"collection":[{"href":"https:\/\/jegkanogvil.no\/index.php?rest_route=\/wp\/v2\/pages"}],"about":[{"href":"https:\/\/jegkanogvil.no\/index.php?rest_route=\/wp\/v2\/types\/page"}],"author":[{"embeddable":true,"href":"https:\/\/jegkanogvil.no\/index.php?rest_route=\/wp\/v2\/users\/1"}],"replies":[{"embeddable":true,"href":"https:\/\/jegkanogvil.no\/index.php?rest_route=%2Fwp%2Fv2%2Fcomments&post=1369"}],"version-history":[{"count":7,"href":"https:\/\/jegkanogvil.no\/index.php?rest_route=\/wp\/v2\/pages\/1369\/revisions"}],"predecessor-version":[{"id":2314,"href":"https:\/\/jegkanogvil.no\/index.php?rest_route=\/wp\/v2\/pages\/1369\/revisions\/2314"}],"wp:attachment":[{"href":"https:\/\/jegkanogvil.no\/index.php?rest_route=%2Fwp%2Fv2%2Fmedia&parent=1369"}],"curies":[{"name":"wp","href":"https:\/\/api.w.org\/{rel}","templated":true}]}}