{"id":1154,"date":"2025-04-01T18:23:04","date_gmt":"2025-04-01T16:23:04","guid":{"rendered":"https:\/\/jegkanogvil.no\/?page_id=1154"},"modified":"2025-09-24T19:42:54","modified_gmt":"2025-09-24T17:42:54","slug":"loven-i-norge","status":"publish","type":"page","link":"https:\/\/jegkanogvil.no\/?page_id=1154","title":{"rendered":"Loven i Norge"},"content":{"rendered":"<audio class=\"wp-audio-shortcode\" id=\"audio-1154-1\" preload=\"none\" style=\"width: 100%;\" controls=\"controls\"><source type=\"audio\/mpeg\" src=\"https:\/\/jegkanogvil.no\/wp-content\/uploads\/2025\/09\/Loven-i-norge-1.mp3?_=1\" \/><a href=\"https:\/\/jegkanogvil.no\/wp-content\/uploads\/2025\/09\/Loven-i-norge-1.mp3\">https:\/\/jegkanogvil.no\/wp-content\/uploads\/2025\/09\/Loven-i-norge-1.mp3<\/a><\/audio>\n<p>I Norge er det forbudt \u00e5 <strong>diskriminere<\/strong>.<\/p>\n<p>I Norge fins det <strong>en lov<\/strong> om<br \/>\nat <strong>alle<\/strong> skal blir behandlet<br \/>\n<strong>likt og rettferdig<\/strong>.<\/p>\n<p>Det betyr at <strong>ingen<\/strong> skal bli:<\/p>\n<ul>\n<li><strong>mobbet<\/strong> (plaget av de samme<br \/>\nflere ganger)<\/li>\n<li><strong>utelatt<\/strong> (ikke tatt med)<\/li>\n<li>f\u00e5 <strong>d\u00e5rligere muligheter<\/strong><br \/>\nenn andre<\/li>\n<\/ul>\n<p>Det skal ikke skje p\u00e5 grunn av:<\/p>\n<ul>\n<li>nedsatt funksjons-evne<\/li>\n<li>kj\u00f8nn<br \/>\n(om en er gutt eller jente)<\/li>\n<li>religion<br \/>\n(hvilken gud en tror p\u00e5)<\/li>\n<li>hud-farge<\/li>\n<\/ul>\n<p>NRK har en <strong>Kort fortalt<\/strong>-video om <strong>mobbing<\/strong>.<br \/>\nForeldrene dine kan hjelpe deg<br \/>\nmed \u00e5 finne videoen p\u00e5 <strong>nrk.no<\/strong>.<br \/>\nDere kan gjerne se den sammen.<\/p>\n<p><strong>Loven i Norge sier at<br \/>\n<\/strong>alle har rett til \u00e5:<\/p>\n<ul>\n<li><strong>g\u00e5 p\u00e5 skolen<\/strong><\/li>\n<li><strong>bruke butikker<\/strong><\/li>\n<li><strong>delta p\u00e5 aktiviteter<\/strong><\/li>\n<\/ul>\n<p>Og at viktige steder skal v\u00e6re\u00a0<strong>tilgjengelige<\/strong>.<br \/>\nDet vil si <strong>lette \u00e5 komme inn p\u00e5 <\/strong>og <strong>bruke<\/strong>.<br \/>\nDe er for eksempel:<\/p>\n<ul>\n<li>gater<\/li>\n<li>bibliotek<\/li>\n<li>tog, buss, trikk og T-bane<\/li>\n<li>stasjoner for tog, buss, trikk og T-bane<\/li>\n<li>parker<\/li>\n<li>butikker<\/li>\n<li>politiet<\/li>\n<li>mus\u00e9er<\/li>\n<\/ul>\n<audio class=\"wp-audio-shortcode\" id=\"audio-1154-2\" preload=\"none\" style=\"width: 100%;\" controls=\"controls\"><source type=\"audio\/mpeg\" src=\"https:\/\/jegkanogvil.no\/wp-content\/uploads\/2025\/09\/Loven-i-norge-2-kopi.mp3?_=2\" \/><a href=\"https:\/\/jegkanogvil.no\/wp-content\/uploads\/2025\/09\/Loven-i-norge-2-kopi.mp3\">https:\/\/jegkanogvil.no\/wp-content\/uploads\/2025\/09\/Loven-i-norge-2-kopi.mp3<\/a><\/audio>\n<figure id=\"attachment_2107\" aria-describedby=\"caption-attachment-2107\" style=\"width: 400px\" class=\"wp-caption alignnone\"><img loading=\"lazy\" decoding=\"async\" class=\"wp-image-2107\" src=\"https:\/\/jegkanogvil.no\/wp-content\/uploads\/2025\/08\/Bibliotek-300x208.png\" alt=\"Jente p\u00e5 bibliotek.\" width=\"400\" height=\"277\" srcset=\"https:\/\/jegkanogvil.no\/wp-content\/uploads\/2025\/08\/Bibliotek-300x208.png 300w, https:\/\/jegkanogvil.no\/wp-content\/uploads\/2025\/08\/Bibliotek-1024x709.png 1024w, https:\/\/jegkanogvil.no\/wp-content\/uploads\/2025\/08\/Bibliotek-768x532.png 768w, https:\/\/jegkanogvil.no\/wp-content\/uploads\/2025\/08\/Bibliotek.png 1040w\" sizes=\"auto, (max-width: 400px) 100vw, 400px\" \/><figcaption id=\"caption-attachment-2107\" class=\"wp-caption-text\">Alle i Norge har rett til skole. <br \/>Og alle har rett til \u00e5 komme inn p\u00e5 <br \/>mange steder, for eksempel bibliotek.<\/figcaption><\/figure>\n<p>Alle skal kunne komme inn.<strong><br \/>\n<\/strong>Da skal de med bevegelses-hemning kunne<br \/>\nkomme inn med rullestol eller rullator.<\/p>\n<p>Under ser du ramper<br \/>\nsom gj\u00f8r det mulig \u00e5 komme inn<br \/>\np\u00e5 bygninger med rullestol eller rollator.<\/p>\n<p><img loading=\"lazy\" decoding=\"async\" class=\"alignnone wp-image-1625\" src=\"https:\/\/jegkanogvil.no\/wp-content\/uploads\/2025\/07\/Lysbilde4-300x300.png\" alt=\"Rampe som eksempel med rullestol p\u00e5.\" width=\"200\" height=\"200\" srcset=\"https:\/\/jegkanogvil.no\/wp-content\/uploads\/2025\/07\/Lysbilde4-300x300.png 300w, https:\/\/jegkanogvil.no\/wp-content\/uploads\/2025\/07\/Lysbilde4-150x150.png 150w, https:\/\/jegkanogvil.no\/wp-content\/uploads\/2025\/07\/Lysbilde4.png 378w\" sizes=\"auto, (max-width: 200px) 100vw, 200px\" \/>\u00a0 <img loading=\"lazy\" decoding=\"async\" class=\"alignnone wp-image-1624\" src=\"https:\/\/jegkanogvil.no\/wp-content\/uploads\/2025\/07\/Lysbilde3-300x300.png\" alt=\"Rampe plassert foran en inngang.\" width=\"200\" height=\"200\" srcset=\"https:\/\/jegkanogvil.no\/wp-content\/uploads\/2025\/07\/Lysbilde3-300x300.png 300w, https:\/\/jegkanogvil.no\/wp-content\/uploads\/2025\/07\/Lysbilde3-150x150.png 150w, https:\/\/jegkanogvil.no\/wp-content\/uploads\/2025\/07\/Lysbilde3.png 378w\" sizes=\"auto, (max-width: 200px) 100vw, 200px\" \/><\/p>\n<p>Noen med syns-hemning<br \/>\ntrenger punkt-skrift i heiser og p\u00e5 skilt.<br \/>\nUnder ser du 2 korte tekster i punkt-skrift<br \/>\nog fingre som f\u00f8ler punkt-skriften for \u00e5 lese.<\/p>\n<p><img loading=\"lazy\" decoding=\"async\" class=\"alignnone wp-image-1617\" src=\"https:\/\/jegkanogvil.no\/wp-content\/uploads\/2025\/07\/Braille1-300x300.png\" alt=\"Baille tekst for Du er snill og Gul sitron.\" width=\"200\" height=\"200\" srcset=\"https:\/\/jegkanogvil.no\/wp-content\/uploads\/2025\/07\/Braille1-300x300.png 300w, https:\/\/jegkanogvil.no\/wp-content\/uploads\/2025\/07\/Braille1-150x150.png 150w, https:\/\/jegkanogvil.no\/wp-content\/uploads\/2025\/07\/Braille1.png 378w\" sizes=\"auto, (max-width: 200px) 100vw, 200px\" \/>\u00a0 \u00a0<img loading=\"lazy\" decoding=\"async\" class=\"alignnone wp-image-1618\" src=\"https:\/\/jegkanogvil.no\/wp-content\/uploads\/2025\/07\/Braille2-300x300.png\" alt=\"Fingre om leser braille.\" width=\"200\" height=\"200\" srcset=\"https:\/\/jegkanogvil.no\/wp-content\/uploads\/2025\/07\/Braille2-300x300.png 300w, https:\/\/jegkanogvil.no\/wp-content\/uploads\/2025\/07\/Braille2-150x150.png 150w, https:\/\/jegkanogvil.no\/wp-content\/uploads\/2025\/07\/Braille2.png 378w\" sizes=\"auto, (max-width: 200px) 100vw, 200px\" \/><\/p>\n<p>Det beste er ogs\u00e5 om informasjon fins<br \/>\nmed lettlest tekst.<\/p>\n<p><strong>Ingen<\/strong> skal\u00a0bli behandlet d\u00e5rlig<br \/>\np\u00e5 grunn av nedsatt funksjons-evne.<\/p>\n<p>De som har <strong>nedsatt funksjons-evne<\/strong>,<br \/>\nskal kunne v\u00e6re <strong>med p\u00e5 det<br \/>\nandre er med p\u00e5<\/strong>.<br \/>\nFor eksempel p\u00e5 skolen<br \/>\nhar <strong>alle elever<\/strong> rett til \u00e5 v\u00e6re med p\u00e5<br \/>\nde samme aktivitetene.<\/p>\n<figure id=\"attachment_2126\" aria-describedby=\"caption-attachment-2126\" style=\"width: 400px\" class=\"wp-caption alignnone\"><img loading=\"lazy\" decoding=\"async\" class=\"wp-image-2126\" src=\"https:\/\/jegkanogvil.no\/wp-content\/uploads\/2025\/08\/Steder-300x208.png\" alt=\"tegninge av ulike steder i samfunnet.\" width=\"400\" height=\"277\" srcset=\"https:\/\/jegkanogvil.no\/wp-content\/uploads\/2025\/08\/Steder-300x208.png 300w, https:\/\/jegkanogvil.no\/wp-content\/uploads\/2025\/08\/Steder-1024x709.png 1024w, https:\/\/jegkanogvil.no\/wp-content\/uploads\/2025\/08\/Steder-768x532.png 768w, https:\/\/jegkanogvil.no\/wp-content\/uploads\/2025\/08\/Steder.png 1040w\" sizes=\"auto, (max-width: 400px) 100vw, 400px\" \/><figcaption id=\"caption-attachment-2126\" class=\"wp-caption-text\">Hvilke steder, for eksempel, <br \/>m\u00e5 alle kunne komme inn p\u00e5 <br \/>og bruke i samfunnet?<\/figcaption><\/figure>\n<p><strong>\u00c5pne og lukke boksene under med + og &#8211;<\/strong><\/p>\n<div  class=\"lgc-column lgc-grid-parent lgc-grid-50 lgc-tablet-grid-50 lgc-mobile-grid-100 lgc-equal-heights \"><div  class=\"inside-grid-column\">\n<p><style>#sp-ea-1595 .spcollapsing { height: 0; overflow: hidden; transition-property: height;transition-duration: 300ms;}#sp-ea-1595.sp-easy-accordion>.sp-ea-single {margin-bottom: 10px; border: 4px solid #00b050; }#sp-ea-1595.sp-easy-accordion>.sp-ea-single>.ea-header a {color: #ff66ff;}#sp-ea-1595.sp-easy-accordion>.sp-ea-single>.sp-collapse>.ea-body {background: #fff; color: #444;}#sp-ea-1595.sp-easy-accordion>.sp-ea-single {background: #eee;}#sp-ea-1595.sp-easy-accordion>.sp-ea-single>.ea-header a .ea-expand-icon { float: left; color: #444;font-size: 16px;}<\/style><div id=\"sp_easy_accordion-1752143663\">\n<div id=\"sp-ea-1595\" class=\"sp-ea-one sp-easy-accordion\" data-ea-active=\"ea-click\" data-ea-mode=\"vertical\" data-preloader=\"\" data-scroll-active-item=\"\" data-offset-to-scroll=\"0\">\n\n<!-- Start accordion card div. -->\n<div class=\"ea-card ea-expand sp-ea-single\">\n\t<!-- Start accordion header. -->\n\t<h3 class=\"ea-header\">\n\t\t<!-- Add anchor tag for header. -->\n\t\t<a class=\"collapsed\" id=\"ea-header-15950\" role=\"button\" data-sptoggle=\"spcollapse\" data-sptarget=\"#collapse15950\" aria-controls=\"collapse15950\" href=\"#\"  aria-expanded=\"true\" tabindex=\"0\">\n\t\t<i aria-hidden=\"true\" role=\"presentation\" class=\"ea-expand-icon eap-icon-ea-expand-minus\"><\/i> Hva er nedsatt funksjons-evne?\t\t<\/a> <!-- Close anchor tag for header. -->\n\t<\/h3>\t<!-- Close header tag. -->\n\t<!-- Start collapsible content div. -->\n\t<div class=\"sp-collapse spcollapse collapsed show\" id=\"collapse15950\" data-parent=\"#sp-ea-1595\" role=\"region\" aria-labelledby=\"ea-header-15950\">  <!-- Content div. -->\n\t\t<div class=\"ea-body\">\n\t\t<audio class=\"wp-audio-shortcode\" id=\"audio-1154-3\" preload=\"none\" style=\"width: 100%;\" controls=\"controls\"><source type=\"audio\/mpeg\" src=\"https:\/\/jegkanogvil.no\/wp-content\/uploads\/2025\/09\/Loven-i-norge-3-kopi.mp3?_=3\" \/><a href=\"https:\/\/jegkanogvil.no\/wp-content\/uploads\/2025\/09\/Loven-i-norge-3-kopi.mp3\">https:\/\/jegkanogvil.no\/wp-content\/uploads\/2025\/09\/Loven-i-norge-3-kopi.mp3<\/a><\/audio>\n<p>Noen fungerer annerledes<br \/>\nenn det som er vanligst.<br \/>\nDe kan ha <strong>nedsatt funksjons-evne<\/strong>.<br \/>\nDet kan v\u00e6re p\u00e5 grunn av noe med kroppen<br \/>\neller noe i hjernen.<br \/>\nFor eksempel:<\/p>\n<ul>\n<li>Noen bruker <strong>rullestol<\/strong><br \/>\neller krykker.<\/li>\n<li>Noen har\u00a0vansker med<br \/>\n\u00e5 <strong>se, h\u00f8re <\/strong>eller <strong>snakke<\/strong>.<\/li>\n<li>Noen l\u00e6rer eller tenker<br \/>\np\u00e5 en litt <strong>annen m\u00e5te.<br \/>\n<\/strong>Det gjelder for eksempel ved<strong><br \/>\n<\/strong>dysleksi eller utviklings-hemning.<\/li>\n<\/ul>\n<p><strong>Dysleksi<\/strong> gj\u00f8r det vanskelig<br \/>\n\u00e5 gjenkjenne bokstaver.<br \/>\n<strong>Utviklings-hemning<\/strong> gj\u00f8r<br \/>\nat du trenger lenger tid for \u00e5 l\u00e6re.<\/p>\n<p>Nedsatt funksjons-evne er <strong>ikke<br \/>\nen sykdom<\/strong>.<br \/>\nMen de som har det,<br \/>\nm\u00e5 gj\u00f8re ting litt annerledes<br \/>\nenn mange andre.<\/p>\n<p>Likevel skal de ha<strong> de samme<br \/>\nrettighetene<\/strong> som andre.<br \/>\nOg p\u00e5 noen omr\u00e5der<br \/>\nhar de flere rettigheter.<br \/>\nDet er fordi de skal f\u00e5<br \/>\nde samme mulighetene som andre.<\/p>\n<p>Det er for eksempel:<\/p>\n<ul>\n<li><strong>TT-kort<\/strong><br \/>\nDet er til-rette-lagt transport.<br \/>\nDet vil ofte v\u00e6re taxi-turer<br \/>\nsom er mye billigere enn vanlig.<\/li>\n<li><strong>ledsager-bevis<\/strong><br \/>\nEn du er sammen med<br \/>\nbetaler da mindre enn vanlig<br \/>\n<strong>for \u00e5 v\u00e6re med deg<\/strong>.<\/li>\n<li>viktige <strong>hjelpe-midler<\/strong>, for eksempel:\n<ul>\n<li>rullestol<\/li>\n<li>h\u00f8re-apparat<\/li>\n<li>kalender med bilder<\/li>\n<li>app for \u00e5 si ting ved hjelp<br \/>\nav bilder<\/li>\n<\/ul>\n<\/li>\n<li><strong>spesial-undervisning<\/strong><\/li>\n<\/ul>\n<figure id=\"attachment_2350\" aria-describedby=\"caption-attachment-2350\" style=\"width: 400px\" class=\"wp-caption alignnone\"><img loading=\"lazy\" decoding=\"async\" class=\"wp-image-2350\" src=\"https:\/\/jegkanogvil.no\/wp-content\/uploads\/2025\/09\/ASK-symboler-300x208.png\" alt=\"Symboler for mange uliek aktiviteter p\u00e5 et nettbrett.\" width=\"400\" height=\"277\" srcset=\"https:\/\/jegkanogvil.no\/wp-content\/uploads\/2025\/09\/ASK-symboler-300x208.png 300w, https:\/\/jegkanogvil.no\/wp-content\/uploads\/2025\/09\/ASK-symboler-1024x709.png 1024w, https:\/\/jegkanogvil.no\/wp-content\/uploads\/2025\/09\/ASK-symboler-768x532.png 768w, https:\/\/jegkanogvil.no\/wp-content\/uploads\/2025\/09\/ASK-symboler.png 1040w\" sizes=\"auto, (max-width: 400px) 100vw, 400px\" \/><figcaption id=\"caption-attachment-2350\" class=\"wp-caption-text\">En app med bilder kan hjelpe personer<br \/>som har vansker med \u00e5 snakke.<br \/>Det kan for eksempel v\u00e6re om aktiviteter<br \/>han eller hun har lyst \u00e5 gj\u00f8re.<\/figcaption><\/figure>\n\t\t<\/div> <!-- Close content div. -->\n\t<\/div> <!-- Close collapse div. -->\n<\/div> <!-- Close card div. -->\n<!-- Start accordion card div. -->\n<div class=\"ea-card ea-expand sp-ea-single\">\n\t<!-- Start accordion header. -->\n\t<h3 class=\"ea-header\">\n\t\t<!-- Add anchor tag for header. -->\n\t\t<a class=\"collapsed\" id=\"ea-header-15951\" role=\"button\" data-sptoggle=\"spcollapse\" data-sptarget=\"#collapse15951\" aria-controls=\"collapse15951\" href=\"#\"  aria-expanded=\"true\" tabindex=\"0\">\n\t\t<i aria-hidden=\"true\" role=\"presentation\" class=\"ea-expand-icon eap-icon-ea-expand-minus\"><\/i> Spesial-undervisning\t\t<\/a> <!-- Close anchor tag for header. -->\n\t<\/h3>\t<!-- Close header tag. -->\n\t<!-- Start collapsible content div. -->\n\t<div class=\"sp-collapse spcollapse collapsed show\" id=\"collapse15951\" data-parent=\"#sp-ea-1595\" role=\"region\" aria-labelledby=\"ea-header-15951\">  <!-- Content div. -->\n\t\t<div class=\"ea-body\">\n\t\t<audio class=\"wp-audio-shortcode\" id=\"audio-1154-4\" preload=\"none\" style=\"width: 100%;\" controls=\"controls\"><source type=\"audio\/mpeg\" src=\"https:\/\/jegkanogvil.no\/wp-content\/uploads\/2025\/09\/Loven-i-norge-4.mp3?_=4\" \/><a href=\"https:\/\/jegkanogvil.no\/wp-content\/uploads\/2025\/09\/Loven-i-norge-4.mp3\">https:\/\/jegkanogvil.no\/wp-content\/uploads\/2025\/09\/Loven-i-norge-4.mp3<\/a><\/audio>\n<p>Noen elever har st\u00f8rre vansker med<br \/>\n\u00e5 l\u00e6re enn andre.<br \/>\nDe kan trenge spesial-undervisning,<br \/>\nDa har en l\u00e6rer eller assistent<br \/>\nmer tid til en enkelt elev.<\/p>\n<p>De som f\u00e5r spesial-undervisning<br \/>\nskal ogs\u00e5 f\u00e5 en <strong>oppl\u00e6rings-plan<\/strong>.<br \/>\nDer skal l\u00e6reren sette egne m\u00e5l<br \/>\nfor hva eleven skal l\u00e6re.<\/p>\n<p>Du og dine foreldre kan<br \/>\nv\u00e6re med p\u00e5<br \/>\n\u00e5 lage oppl\u00e6rings-planen din.<\/p>\n\t\t<\/div> <!-- Close content div. -->\n\t<\/div> <!-- Close collapse div. -->\n<\/div> <!-- Close card div. -->\n<\/div>\n<\/div>\n<\/p>\n<p><\/p><\/div><\/div><div class=\"lgc-clear\"><\/div>\n<p><a href=\"https:\/\/jegkanogvil.no\/?page_id=56\"><img loading=\"lazy\" decoding=\"async\" class=\"alignnone wp-image-483\" src=\"https:\/\/jegkanogvil.no\/wp-content\/uploads\/2024\/11\/Rettigheter-248x300.png\" alt=\"\" width=\"124\" height=\"150\" srcset=\"https:\/\/jegkanogvil.no\/wp-content\/uploads\/2024\/11\/Rettigheter-248x300.png 248w, https:\/\/jegkanogvil.no\/wp-content\/uploads\/2024\/11\/Rettigheter.png 718w\" sizes=\"auto, (max-width: 124px) 100vw, 124px\" \/><\/a>\u00a0<a href=\"https:\/\/jegkanogvil.no\/?page_id=1150\"><img loading=\"lazy\" decoding=\"async\" class=\"alignnone wp-image-1147\" src=\"https:\/\/jegkanogvil.no\/wp-content\/uploads\/2025\/04\/FN-248x300.png\" alt=\"Til: FN\" width=\"124\" height=\"150\" srcset=\"https:\/\/jegkanogvil.no\/wp-content\/uploads\/2025\/04\/FN-248x300.png 248w, https:\/\/jegkanogvil.no\/wp-content\/uploads\/2025\/04\/FN.png 718w\" sizes=\"auto, (max-width: 124px) 100vw, 124px\" \/><\/a><\/p>\n<p><a href=\"https:\/\/jegkanogvil.no\/\"><img loading=\"lazy\" decoding=\"async\" class=\"alignnone wp-image-766\" src=\"https:\/\/jegkanogvil.no\/wp-content\/uploads\/2025\/03\/Home-knappG-150x150.png\" alt=\"Til: Hjem\" width=\"120\" height=\"120\" srcset=\"https:\/\/jegkanogvil.no\/wp-content\/uploads\/2025\/03\/Home-knappG-150x150.png 150w, https:\/\/jegkanogvil.no\/wp-content\/uploads\/2025\/03\/Home-knappG-300x300.png 300w, https:\/\/jegkanogvil.no\/wp-content\/uploads\/2025\/03\/Home-knappG.png 567w\" sizes=\"auto, (max-width: 120px) 100vw, 120px\" \/><\/a><\/p>\n","protected":false},"excerpt":{"rendered":"<p>I Norge er det forbudt \u00e5 diskriminere. I Norge fins det en lov om at alle skal blir behandlet likt og rettferdig. Det betyr at ingen skal bli: mobbet (plaget av de samme flere ganger) utelatt (ikke tatt med) f\u00e5 d\u00e5rligere muligheter enn andre Det skal ikke skje p\u00e5 grunn av: nedsatt funksjons-evne kj\u00f8nn (om [&hellip;]<\/p>\n","protected":false},"author":1,"featured_media":0,"parent":0,"menu_order":0,"comment_status":"closed","ping_status":"closed","template":"","meta":{"footnotes":""},"class_list":["post-1154","page","type-page","status-publish","hentry"],"_links":{"self":[{"href":"https:\/\/jegkanogvil.no\/index.php?rest_route=\/wp\/v2\/pages\/1154","targetHints":{"allow":["GET"]}}],"collection":[{"href":"https:\/\/jegkanogvil.no\/index.php?rest_route=\/wp\/v2\/pages"}],"about":[{"href":"https:\/\/jegkanogvil.no\/index.php?rest_route=\/wp\/v2\/types\/page"}],"author":[{"embeddable":true,"href":"https:\/\/jegkanogvil.no\/index.php?rest_route=\/wp\/v2\/users\/1"}],"replies":[{"embeddable":true,"href":"https:\/\/jegkanogvil.no\/index.php?rest_route=%2Fwp%2Fv2%2Fcomments&post=1154"}],"version-history":[{"count":43,"href":"https:\/\/jegkanogvil.no\/index.php?rest_route=\/wp\/v2\/pages\/1154\/revisions"}],"predecessor-version":[{"id":2519,"href":"https:\/\/jegkanogvil.no\/index.php?rest_route=\/wp\/v2\/pages\/1154\/revisions\/2519"}],"wp:attachment":[{"href":"https:\/\/jegkanogvil.no\/index.php?rest_route=%2Fwp%2Fv2%2Fmedia&parent=1154"}],"curies":[{"name":"wp","href":"https:\/\/api.w.org\/{rel}","templated":true}]}}