{"id":1001,"date":"2025-03-27T13:14:03","date_gmt":"2025-03-27T11:14:03","guid":{"rendered":"https:\/\/jegkanogvil.no\/?page_id=1001"},"modified":"2025-09-24T17:47:51","modified_gmt":"2025-09-24T15:47:51","slug":"gode-spillere","status":"publish","type":"page","link":"https:\/\/jegkanogvil.no\/?page_id=1001","title":{"rendered":"Gode spillere"},"content":{"rendered":"<audio class=\"wp-audio-shortcode\" id=\"audio-1001-1\" preload=\"none\" style=\"width: 100%;\" controls=\"controls\"><source type=\"audio\/mpeg\" src=\"https:\/\/jegkanogvil.no\/wp-content\/uploads\/2025\/09\/Gode-spillere-1.mp3?_=1\" \/><a href=\"https:\/\/jegkanogvil.no\/wp-content\/uploads\/2025\/09\/Gode-spillere-1.mp3\">https:\/\/jegkanogvil.no\/wp-content\/uploads\/2025\/09\/Gode-spillere-1.mp3<\/a><\/audio>\n<p>Mennesker spiller<br \/>\nfor \u00e5 ha det g\u00f8y sammen.<\/p>\n<figure id=\"attachment_1811\" aria-describedby=\"caption-attachment-1811\" style=\"width: 400px\" class=\"wp-caption alignnone\"><img loading=\"lazy\" decoding=\"async\" class=\"wp-image-1811\" src=\"https:\/\/jegkanogvil.no\/wp-content\/uploads\/2025\/07\/Hyggelig-spill-300x208.png\" alt=\"To personer spiller Ludo og to barn spiller annet bettspill.\" width=\"400\" height=\"277\" srcset=\"https:\/\/jegkanogvil.no\/wp-content\/uploads\/2025\/07\/Hyggelig-spill-300x208.png 300w, https:\/\/jegkanogvil.no\/wp-content\/uploads\/2025\/07\/Hyggelig-spill-1024x709.png 1024w, https:\/\/jegkanogvil.no\/wp-content\/uploads\/2025\/07\/Hyggelig-spill-768x532.png 768w, https:\/\/jegkanogvil.no\/wp-content\/uploads\/2025\/07\/Hyggelig-spill.png 1040w\" sizes=\"auto, (max-width: 400px) 100vw, 400px\" \/><figcaption id=\"caption-attachment-1811\" class=\"wp-caption-text\">\u00c5 spille sammen med andre er g\u00f8y. <br \/>\u00c5 kunne vinne eller tape <br \/>p\u00e5 en hyggelig m\u00e5te er viktig.<br \/>Hvilke spill liker du?<br \/>Hva gj\u00f8r du hvis <strong>du ikke vinner<\/strong>?<\/figcaption><\/figure>\n<p>I mange spill er det 1 vinner.<br \/>\nOg det er 1 eller flere som ikke vinner.<\/p>\n<p>Mange syns det er stas \u00e5 vinne.<br \/>\nOg de syns at det er dumt \u00e5 tape.<\/p>\n<p>Her er tips for \u00e5<br \/>\nha det hyggelig i spill.<\/p>\n<h2>Spille-regler<\/h2>\n<p>En som allerede kan spillet,<br \/>\nkan l\u00e6re dere spille-reglene.<\/p>\n<p>Dere kan spille en<br \/>\n<strong>\u00f8velses<\/strong>-runde <strong>f\u00f8rst<\/strong>.<br \/>\nDa spiller dere\u00a0<strong>ikke<\/strong><br \/>\np\u00e5 ordentlig enn\u00e5.<\/p>\n<p>I et spill ligger det ofte<br \/>\net ark med spille-regler.<br \/>\nDa er det mulig \u00e5 sjekke<br \/>\nhva som gjelder.<\/p>\n<p>Hvis dere blir uenige om reglene,<br \/>\nbe en voksen om hjelp.<br \/>\nLa v\u00e6re \u00e5<strong> krangle<\/strong>.<br \/>\nKanskje dere ikke finner reglene.<br \/>\nDet beste da er om<br \/>\ndere kan bli enige om en\u00a0<strong>ny regel<\/strong>.<\/p>\n<figure id=\"attachment_1812\" aria-describedby=\"caption-attachment-1812\" style=\"width: 400px\" class=\"wp-caption alignnone\"><img loading=\"lazy\" decoding=\"async\" class=\"wp-image-1812\" src=\"https:\/\/jegkanogvil.no\/wp-content\/uploads\/2025\/07\/Spilleregler-300x208.png\" alt=\"Skjermklipp av spilelreglene i Ludo.\" width=\"400\" height=\"277\" srcset=\"https:\/\/jegkanogvil.no\/wp-content\/uploads\/2025\/07\/Spilleregler-300x208.png 300w, https:\/\/jegkanogvil.no\/wp-content\/uploads\/2025\/07\/Spilleregler-1024x709.png 1024w, https:\/\/jegkanogvil.no\/wp-content\/uploads\/2025\/07\/Spilleregler-768x532.png 768w, https:\/\/jegkanogvil.no\/wp-content\/uploads\/2025\/07\/Spilleregler.png 1040w\" sizes=\"auto, (max-width: 400px) 100vw, 400px\" \/><figcaption id=\"caption-attachment-1812\" class=\"wp-caption-text\">Spille-regler kan v\u00e6re vanskelig <br \/>\u00e5 lese og forst\u00e5. <br \/>Be en voksen om \u00e5 forklare reglene. <br \/>Det er lov \u00e5 lage sine egne regler <br \/>hvis de vanlige reglene er for vanskelige.<\/figcaption><\/figure>\n<audio class=\"wp-audio-shortcode\" id=\"audio-1001-2\" preload=\"none\" style=\"width: 100%;\" controls=\"controls\"><source type=\"audio\/mpeg\" src=\"https:\/\/jegkanogvil.no\/wp-content\/uploads\/2025\/09\/Gode-spillere-2.mp3?_=2\" \/><a href=\"https:\/\/jegkanogvil.no\/wp-content\/uploads\/2025\/09\/Gode-spillere-2.mp3\">https:\/\/jegkanogvil.no\/wp-content\/uploads\/2025\/09\/Gode-spillere-2.mp3<\/a><\/audio>\n<h2>Hvem kan starte?<\/h2>\n<p>Dere kan\u00a0<strong>kaste en terning<\/strong>.<br \/>\nDen som f\u00e5r <strong>flest \u00f8yne p\u00e5 terningen<\/strong>,<br \/>\nkan starte.<\/p>\n<figure id=\"attachment_1813\" aria-describedby=\"caption-attachment-1813\" style=\"width: 400px\" class=\"wp-caption alignnone\"><img loading=\"lazy\" decoding=\"async\" class=\"wp-image-1813\" src=\"https:\/\/jegkanogvil.no\/wp-content\/uploads\/2025\/07\/Terninger-300x208.png\" alt=\"Tre terninger med ulike terningkast.\" width=\"400\" height=\"277\" srcset=\"https:\/\/jegkanogvil.no\/wp-content\/uploads\/2025\/07\/Terninger-300x208.png 300w, https:\/\/jegkanogvil.no\/wp-content\/uploads\/2025\/07\/Terninger-1024x709.png 1024w, https:\/\/jegkanogvil.no\/wp-content\/uploads\/2025\/07\/Terninger-768x532.png 768w, https:\/\/jegkanogvil.no\/wp-content\/uploads\/2025\/07\/Terninger.png 1040w\" sizes=\"auto, (max-width: 400px) 100vw, 400px\" \/><figcaption id=\"caption-attachment-1813\" class=\"wp-caption-text\">3 spillere kastet hver sin terning. <br \/>Hvem skal starte spillet?<\/figcaption><\/figure>\n<p>Eller dere kan\u00a0<strong>trekke lodd<\/strong>.<br \/>\nDa legger dere lapper<br \/>\nmed navnene deres i en bolle.<br \/>\nLa noen trekke en lapp uten<br \/>\n\u00e5 kunne se navnene.<br \/>\nP\u00e5 lappen st\u00e5r navnet<br \/>\ntil den som skal starte.<\/p>\n<h2>Gode vinnere og gode tapere<\/h2>\n<p>\u00abTap og vinn med samme sinn.\u00bb<br \/>\nEn <strong>d\u00e5rlig taper<\/strong> blir sur,<br \/>\nsint eller lei seg.<\/p>\n<p>En god vinner skal v\u00e6re\u00a0<strong>ydmyk<\/strong><br \/>\netter seieren.<br \/>\nDet betyr for eksempel<br \/>\n<strong>la v\u00e6re \u00e5 erte taperne<\/strong>.<\/p>\n<p>En god vinner gratulerer andre spillere<br \/>\nfor et godt spill.<\/p>\n<figure id=\"attachment_1810\" aria-describedby=\"caption-attachment-1810\" style=\"width: 400px\" class=\"wp-caption alignnone\"><img loading=\"lazy\" decoding=\"async\" class=\"wp-image-1810\" src=\"https:\/\/jegkanogvil.no\/wp-content\/uploads\/2025\/07\/Gratulasjon-300x208.png\" alt=\"To barn som spiller sammen og gir high five.\" width=\"400\" height=\"277\" srcset=\"https:\/\/jegkanogvil.no\/wp-content\/uploads\/2025\/07\/Gratulasjon-300x208.png 300w, https:\/\/jegkanogvil.no\/wp-content\/uploads\/2025\/07\/Gratulasjon-1024x709.png 1024w, https:\/\/jegkanogvil.no\/wp-content\/uploads\/2025\/07\/Gratulasjon-768x532.png 768w, https:\/\/jegkanogvil.no\/wp-content\/uploads\/2025\/07\/Gratulasjon.png 1040w\" sizes=\"auto, (max-width: 400px) 100vw, 400px\" \/><figcaption id=\"caption-attachment-1810\" class=\"wp-caption-text\">S\u00f8ster og bror spilte sammen. <br \/>Lille-s\u00f8ster vant. <br \/>Store-bror ble ikke sur av den grunn. <br \/>Han gratulerte lille-s\u00f8steren med high-5. <br \/>Hva er andre m\u00e5ter \u00e5 gratulere vinneren p\u00e5?<\/figcaption><\/figure>\n<p>I tillegg kan en god vinner si:<br \/>\n\u201cEn annen gang vinner du (eller dere)\u201d<br \/>\neller<br \/>\n\u201cDet er tilfeldig hvem som vinner\u201d.<\/p>\n<p>En\u00a0<strong>god taper<\/strong>\u00a0skal:<\/p>\n<ul>\n<li><strong>gratulere<\/strong> vinneren<\/li>\n<li>v\u00e6re glad p\u00e5 hans eller<br \/>\nhennes vegne<\/li>\n<\/ul>\n<p>Det er kanskje ikke s\u00e5 lett.<br \/>\nMen det er mulig \u00f8ve p\u00e5 det.<\/p>\n<p>B\u00e5de vinneren og taperen kan<br \/>\ntakke hverandre for spillet.<\/p>\n<p><strong>Gode vinnere og gode<\/strong> <strong>tapere<\/strong><br \/>\nhar lyst til \u00e5 spille med hverandre\u00a0igjen.<\/p>\n<p><a href=\"https:\/\/jegkanogvil.no\/?page_id=83\"><img loading=\"lazy\" decoding=\"async\" class=\"alignnone wp-image-2014\" src=\"https:\/\/jegkanogvil.no\/wp-content\/uploads\/2025\/08\/Sosialt-248x300.png\" alt=\"Til: Sosialt\" width=\"124\" height=\"150\" srcset=\"https:\/\/jegkanogvil.no\/wp-content\/uploads\/2025\/08\/Sosialt-248x300.png 248w, https:\/\/jegkanogvil.no\/wp-content\/uploads\/2025\/08\/Sosialt.png 718w\" sizes=\"auto, (max-width: 124px) 100vw, 124px\" \/><\/a> <a href=\"https:\/\/jegkanogvil.no\/?page_id=87\"><img loading=\"lazy\" decoding=\"async\" class=\"alignnone wp-image-982\" src=\"https:\/\/jegkanogvil.no\/wp-content\/uploads\/2025\/03\/En-god-venn-248x300.png\" alt=\"Til: En god venn\" width=\"124\" height=\"150\" srcset=\"https:\/\/jegkanogvil.no\/wp-content\/uploads\/2025\/03\/En-god-venn-248x300.png 248w, https:\/\/jegkanogvil.no\/wp-content\/uploads\/2025\/03\/En-god-venn.png 718w\" sizes=\"auto, (max-width: 124px) 100vw, 124px\" \/><\/a> <a href=\"https:\/\/jegkanogvil.no\/?page_id=242\"><img loading=\"lazy\" decoding=\"async\" class=\"alignnone wp-image-985\" src=\"https:\/\/jegkanogvil.no\/wp-content\/uploads\/2025\/03\/Omsorg-248x300.png\" alt=\"Til: Omsorg\" width=\"124\" height=\"150\" srcset=\"https:\/\/jegkanogvil.no\/wp-content\/uploads\/2025\/03\/Omsorg-248x300.png 248w, https:\/\/jegkanogvil.no\/wp-content\/uploads\/2025\/03\/Omsorg.png 718w\" sizes=\"auto, (max-width: 124px) 100vw, 124px\" \/><\/a> <a href=\"https:\/\/jegkanogvil.no\/?page_id=89\"><img loading=\"lazy\" decoding=\"async\" class=\"alignnone wp-image-1777\" src=\"https:\/\/jegkanogvil.no\/wp-content\/uploads\/2025\/07\/AleneOK-248x300.png\" alt=\"Til Okei alene\" width=\"124\" height=\"150\" srcset=\"https:\/\/jegkanogvil.no\/wp-content\/uploads\/2025\/07\/AleneOK-248x300.png 248w, https:\/\/jegkanogvil.no\/wp-content\/uploads\/2025\/07\/AleneOK.png 718w\" sizes=\"auto, (max-width: 124px) 100vw, 124px\" \/><\/a> <a href=\"https:\/\/jegkanogvil.no\/?page_id=2238\"><img loading=\"lazy\" decoding=\"async\" class=\"alignnone wp-image-2236\" src=\"https:\/\/jegkanogvil.no\/wp-content\/uploads\/2025\/09\/Grupper-knapp-248x300.png\" alt=\"Til: Grupper\" width=\"124\" height=\"150\" srcset=\"https:\/\/jegkanogvil.no\/wp-content\/uploads\/2025\/09\/Grupper-knapp-248x300.png 248w, https:\/\/jegkanogvil.no\/wp-content\/uploads\/2025\/09\/Grupper-knapp.png 718w\" sizes=\"auto, (max-width: 124px) 100vw, 124px\" \/><\/a><\/p>\n<p><a href=\"https:\/\/jegkanogvil.no\/\"><img loading=\"lazy\" decoding=\"async\" class=\"alignnone wp-image-766\" src=\"https:\/\/jegkanogvil.no\/wp-content\/uploads\/2025\/03\/Home-knappG-150x150.png\" alt=\"Til: Hjem\" width=\"120\" height=\"120\" srcset=\"https:\/\/jegkanogvil.no\/wp-content\/uploads\/2025\/03\/Home-knappG-150x150.png 150w, https:\/\/jegkanogvil.no\/wp-content\/uploads\/2025\/03\/Home-knappG-300x300.png 300w, https:\/\/jegkanogvil.no\/wp-content\/uploads\/2025\/03\/Home-knappG.png 567w\" sizes=\"auto, (max-width: 120px) 100vw, 120px\" \/><\/a><\/p>\n","protected":false},"excerpt":{"rendered":"<p>Mennesker spiller for \u00e5 ha det g\u00f8y sammen. I mange spill er det 1 vinner. Og det er 1 eller flere som ikke vinner. Mange syns det er stas \u00e5 vinne. Og de syns at det er dumt \u00e5 tape. Her er tips for \u00e5 ha det hyggelig i spill. Spille-regler En som allerede kan [&hellip;]<\/p>\n","protected":false},"author":1,"featured_media":0,"parent":0,"menu_order":0,"comment_status":"closed","ping_status":"closed","template":"","meta":{"footnotes":""},"class_list":["post-1001","page","type-page","status-publish","hentry"],"_links":{"self":[{"href":"https:\/\/jegkanogvil.no\/index.php?rest_route=\/wp\/v2\/pages\/1001","targetHints":{"allow":["GET"]}}],"collection":[{"href":"https:\/\/jegkanogvil.no\/index.php?rest_route=\/wp\/v2\/pages"}],"about":[{"href":"https:\/\/jegkanogvil.no\/index.php?rest_route=\/wp\/v2\/types\/page"}],"author":[{"embeddable":true,"href":"https:\/\/jegkanogvil.no\/index.php?rest_route=\/wp\/v2\/users\/1"}],"replies":[{"embeddable":true,"href":"https:\/\/jegkanogvil.no\/index.php?rest_route=%2Fwp%2Fv2%2Fcomments&post=1001"}],"version-history":[{"count":23,"href":"https:\/\/jegkanogvil.no\/index.php?rest_route=\/wp\/v2\/pages\/1001\/revisions"}],"predecessor-version":[{"id":2508,"href":"https:\/\/jegkanogvil.no\/index.php?rest_route=\/wp\/v2\/pages\/1001\/revisions\/2508"}],"wp:attachment":[{"href":"https:\/\/jegkanogvil.no\/index.php?rest_route=%2Fwp%2Fv2%2Fmedia&parent=1001"}],"curies":[{"name":"wp","href":"https:\/\/api.w.org\/{rel}","templated":true}]}}